{"id":7118,"date":"2018-08-07T12:26:07","date_gmt":"2018-08-07T09:26:07","guid":{"rendered":"http:\/\/alfatasarim.org\/guneshidrolik\/?page_id=7118"},"modified":"2021-01-05T10:31:10","modified_gmt":"2021-01-05T07:31:10","slug":"sertifikalar","status":"publish","type":"page","link":"https:\/\/www.guneshidrolik.com.tr\/index.php\/sertifikalar\/","title":{"rendered":"SERT\u0130F\u0130KALAR"},"content":{"rendered":"<p>[vc_row][vc_column width=&#8221;1\/3&#8243;][vc_single_image image=&#8221;7444&#8243; img_size=&#8221;full&#8221; alignment=&#8221;center&#8221; style=&#8221;vc_box_outline&#8221; onclick=&#8221;img_link_large&#8221;][vc_custom_heading text=&#8221;\u00c7evre Y\u00f6netim Sistemi&#8221; font_container=&#8221;tag:h2|font_size:22|text_align:center&#8221; google_fonts=&#8221;font_family:Ropa%20Sans%3Aregular%2Citalic|font_style:400%20regular%3A400%3Anormal&#8221;][\/vc_column][vc_column width=&#8221;1\/3&#8243;][vc_single_image image=&#8221;7445&#8243; img_size=&#8221;full&#8221; alignment=&#8221;center&#8221; style=&#8221;vc_box_outline&#8221; onclick=&#8221;img_link_large&#8221;][vc_custom_heading text=&#8221;\u0130\u015f Sa\u011fl\u0131\u011f\u0131 ve G\u00fcvenli\u011fi Y\u00f6netim Sistemi&#8221; font_container=&#8221;tag:h2|font_size:22|text_align:center&#8221; google_fonts=&#8221;font_family:Ropa%20Sans%3Aregular%2Citalic|font_style:400%20regular%3A400%3Anormal&#8221;][\/vc_column][vc_column width=&#8221;1\/3&#8243;][vc_single_image image=&#8221;7443&#8243; img_size=&#8221;full&#8221; alignment=&#8221;center&#8221; style=&#8221;vc_box_outline&#8221; onclick=&#8221;img_link_large&#8221;][vc_custom_heading text=&#8221;Kalite Y\u00f6netim Sistemi 9001&#8243; font_container=&#8221;tag:h2|font_size:22|text_align:center&#8221; google_fonts=&#8221;font_family:Ropa%20Sans%3Aregular%2Citalic|font_style:400%20regular%3A400%3Anormal&#8221;][\/vc_column][\/vc_row]<\/p>\n","protected":false},"excerpt":{"rendered":"<p>[vc_row][vc_column width=&#8221;1\/3&#8243;][vc_single_image image=&#8221;7444&#8243; img_size=&#8221;full&#8221; alignment=&#8221;center&#8221; style=&#8221;vc_box_outline&#8221; onclick=&#8221;img_link_large&#8221;][vc_custom_heading text=&#8221;\u00c7evre Y\u00f6netim Sistemi&#8221; font_container=&#8221;tag:h2|font_size:22|text_align:center&#8221; google_fonts=&#8221;font_family:Ropa%20Sans%3Aregular%2Citalic|font_style:400%20regular%3A400%3Anormal&#8221;][\/vc_column][vc_column width=&#8221;1\/3&#8243;][vc_single_image image=&#8221;7445&#8243; img_size=&#8221;full&#8221; alignment=&#8221;center&#8221; style=&#8221;vc_box_outline&#8221; onclick=&#8221;img_link_large&#8221;][vc_custom_heading text=&#8221;\u0130\u015f Sa\u011fl\u0131\u011f\u0131 ve G\u00fcvenli\u011fi Y\u00f6netim Sistemi&#8221; font_container=&#8221;tag:h2|font_size:22|text_align:center&#8221; google_fonts=&#8221;font_family:Ropa%20Sans%3Aregular%2Citalic|font_style:400%20regular%3A400%3Anormal&#8221;][\/vc_column][vc_column width=&#8221;1\/3&#8243;][vc_single_image image=&#8221;7443&#8243; img_size=&#8221;full&#8221; alignment=&#8221;center&#8221; style=&#8221;vc_box_outline&#8221; onclick=&#8221;img_link_large&#8221;][vc_custom_heading text=&#8221;Kalite Y\u00f6netim Sistemi 9001&#8243; font_container=&#8221;tag:h2|font_size:22|text_align:center&#8221; google_fonts=&#8221;font_family:Ropa%20Sans%3Aregular%2Citalic|font_style:400%20regular%3A400%3Anormal&#8221;][\/vc_column][\/vc_row]<\/p>\n","protected":false},"author":1,"featured_media":0,"parent":0,"menu_order":0,"comment_status":"closed","ping_status":"closed","template":"","meta":[],"_links":{"self":[{"href":"https:\/\/www.guneshidrolik.com.tr\/index.php\/wp-json\/wp\/v2\/pages\/7118"}],"collection":[{"href":"https:\/\/www.guneshidrolik.com.tr\/index.php\/wp-json\/wp\/v2\/pages"}],"about":[{"href":"https:\/\/www.guneshidrolik.com.tr\/index.php\/wp-json\/wp\/v2\/types\/page"}],"author":[{"embeddable":true,"href":"https:\/\/www.guneshidrolik.com.tr\/index.php\/wp-json\/wp\/v2\/users\/1"}],"replies":[{"embeddable":true,"href":"https:\/\/www.guneshidrolik.com.tr\/index.php\/wp-json\/wp\/v2\/comments?post=7118"}],"version-history":[{"count":4,"href":"https:\/\/www.guneshidrolik.com.tr\/index.php\/wp-json\/wp\/v2\/pages\/7118\/revisions"}],"predecessor-version":[{"id":7446,"href":"https:\/\/www.guneshidrolik.com.tr\/index.php\/wp-json\/wp\/v2\/pages\/7118\/revisions\/7446"}],"wp:attachment":[{"href":"https:\/\/www.guneshidrolik.com.tr\/index.php\/wp-json\/wp\/v2\/media?parent=7118"}],"curies":[{"name":"wp","href":"https:\/\/api.w.org\/{rel}","templated":true}]}}