{"id":7148,"date":"2018-08-07T13:44:37","date_gmt":"2018-08-07T10:44:37","guid":{"rendered":"http:\/\/alfatasarim.org\/guneshidrolik\/?page_id=7148"},"modified":"2018-08-15T11:16:14","modified_gmt":"2018-08-15T08:16:14","slug":"sae-100-r1at-r2at-sockets-din-en-853","status":"publish","type":"page","link":"https:\/\/www.guneshidrolik.com.tr\/index.php\/soketler\/sae-100-r1at-r2at-sockets-din-en-853\/","title":{"rendered":"Sae 100 R1at\/R2at Soketler"},"content":{"rendered":"<p><img loading=\"lazy\" class=\"aligncenter wp-image-7149 size-full\" src=\"http:\/\/alfatasarim.org\/guneshidrolik\/wp-content\/uploads\/2018\/08\/urun0001.jpg\" alt=\"\" width=\"441\" height=\"294\" \/><\/p>\n<table class=\"aligncenter\" border=\"1px\" width=\"625\">\n<tbody>\n<tr>\n<td colspan=\"4\" rowspan=\"2\" width=\"174\">MALZEME KODU<br \/>\nPart Ref.<\/td>\n<td colspan=\"4\" width=\"209\">HORTUM \u0130\u00c7 \u00c7API<br \/>\nHose Bore<\/td>\n<td colspan=\"8\" width=\"242\">BOYUT \u00d6L\u00c7\u00dcLER\u0130 mm<br \/>\nDimensions in mm<\/td>\n<\/tr>\n<tr>\n<td colspan=\"2\" width=\"103\">DN<\/td>\n<td colspan=\"2\" width=\"106\">INCH<\/td>\n<td colspan=\"2\" width=\"127\">D<\/td>\n<td colspan=\"6\" width=\"115\">A<\/td>\n<\/tr>\n<tr>\n<td colspan=\"4\" width=\"174\">GH &#8211; 1010<\/td>\n<td colspan=\"2\">5<\/td>\n<td colspan=\"2\" width=\"106\">3\/16<\/td>\n<td colspan=\"2\">18,0<\/td>\n<td colspan=\"6\">25,0<\/td>\n<\/tr>\n<tr>\n<td colspan=\"4\" width=\"174\">GH &#8211; 1011<\/td>\n<td colspan=\"2\">6<\/td>\n<td colspan=\"2\" width=\"106\">1\/4<\/td>\n<td colspan=\"2\">20,0<\/td>\n<td colspan=\"6\">32,0<\/td>\n<\/tr>\n<tr>\n<td colspan=\"4\" width=\"174\">GH &#8211; 1012<\/td>\n<td colspan=\"2\">8<\/td>\n<td colspan=\"2\" width=\"106\">5\/16<\/td>\n<td colspan=\"2\">22,0<\/td>\n<td colspan=\"6\">32,5<\/td>\n<\/tr>\n<tr>\n<td colspan=\"4\" width=\"174\">GH &#8211; 1013<\/td>\n<td colspan=\"2\">10<\/td>\n<td colspan=\"2\" width=\"106\">3\/8<\/td>\n<td colspan=\"2\">25,0<\/td>\n<td colspan=\"6\">35,0<\/td>\n<\/tr>\n<tr>\n<td colspan=\"4\" width=\"174\">GH &#8211; 1015<\/td>\n<td colspan=\"2\">12<\/td>\n<td colspan=\"2\" width=\"106\">1\/2<\/td>\n<td colspan=\"2\">28,0<\/td>\n<td colspan=\"6\">35,0<\/td>\n<\/tr>\n<tr>\n<td colspan=\"4\" width=\"174\">GH &#8211; 1016<\/td>\n<td colspan=\"2\">16<\/td>\n<td colspan=\"2\" width=\"106\">5\/8<\/td>\n<td colspan=\"2\">32,0<\/td>\n<td colspan=\"6\">43,0<\/td>\n<\/tr>\n<tr>\n<td colspan=\"4\" width=\"174\">GH &#8211; 1018<\/td>\n<td colspan=\"2\">19<\/td>\n<td colspan=\"2\" width=\"106\">3\/4<\/td>\n<td colspan=\"2\">38,0<\/td>\n<td colspan=\"6\">47,0<\/td>\n<\/tr>\n<tr>\n<td colspan=\"4\" width=\"174\">GH &#8211; 1019<\/td>\n<td colspan=\"2\">25<\/td>\n<td colspan=\"2\">1<\/td>\n<td colspan=\"2\">45,0<\/td>\n<td colspan=\"6\">52,0<\/td>\n<\/tr>\n<tr>\n<td colspan=\"4\" width=\"174\">GH &#8211; 1022<\/td>\n<td colspan=\"2\">31<\/td>\n<td colspan=\"2\" width=\"106\">1 1\/4<\/td>\n<td colspan=\"2\">56,0<\/td>\n<td colspan=\"6\">70,0<\/td>\n<\/tr>\n<tr>\n<td colspan=\"4\" width=\"174\">GH &#8211; 1026<\/td>\n<td colspan=\"2\">38<\/td>\n<td colspan=\"2\" width=\"106\">1 1\/2<\/td>\n<td colspan=\"2\">62,0<\/td>\n<td colspan=\"6\">75,0<\/td>\n<\/tr>\n<tr>\n<td colspan=\"4\" width=\"174\">GH &#8211; 1028<\/td>\n<td colspan=\"2\">50<\/td>\n<td colspan=\"2\">2<\/td>\n<td colspan=\"2\">75,0<\/td>\n<td colspan=\"6\">70,0<\/td>\n<\/tr>\n<tr>\n<td colspan=\"4\" width=\"174\">GH &#8211; 1030<\/td>\n<td colspan=\"2\">63<\/td>\n<td colspan=\"2\" width=\"106\">2 1\/2<\/td>\n<td colspan=\"2\">88,0<\/td>\n<td colspan=\"6\">70,0<\/td>\n<\/tr>\n<tr>\n<td colspan=\"4\" width=\"174\">GH &#8211; 1031<\/td>\n<td colspan=\"2\">76<\/td>\n<td colspan=\"2\">3<\/td>\n<td colspan=\"2\">100,5<\/td>\n<td colspan=\"6\">80,5<\/td>\n<\/tr>\n<\/tbody>\n<\/table>\n","protected":false},"excerpt":{"rendered":"<p>MALZEME KODU Part Ref. HORTUM \u0130\u00c7 \u00c7API Hose Bore BOYUT \u00d6L\u00c7\u00dcLER\u0130 mm Dimensions in mm DN INCH D A GH &#8211; 1010 5 3\/16 18,0 25,0 GH &#8211; 1011 6 1\/4 20,0 32,0 GH &#8211; 1012 8 5\/16 22,0 32,5 GH &#8211; 1013 10 3\/8 25,0 35,0 GH &#8211; 1015 12 1\/2 28,0 35,0 GH [&hellip;]<\/p>\n","protected":false},"author":1,"featured_media":7149,"parent":7060,"menu_order":0,"comment_status":"closed","ping_status":"closed","template":"","meta":[],"_links":{"self":[{"href":"https:\/\/www.guneshidrolik.com.tr\/index.php\/wp-json\/wp\/v2\/pages\/7148"}],"collection":[{"href":"https:\/\/www.guneshidrolik.com.tr\/index.php\/wp-json\/wp\/v2\/pages"}],"about":[{"href":"https:\/\/www.guneshidrolik.com.tr\/index.php\/wp-json\/wp\/v2\/types\/page"}],"author":[{"embeddable":true,"href":"https:\/\/www.guneshidrolik.com.tr\/index.php\/wp-json\/wp\/v2\/users\/1"}],"replies":[{"embeddable":true,"href":"https:\/\/www.guneshidrolik.com.tr\/index.php\/wp-json\/wp\/v2\/comments?post=7148"}],"version-history":[{"count":12,"href":"https:\/\/www.guneshidrolik.com.tr\/index.php\/wp-json\/wp\/v2\/pages\/7148\/revisions"}],"predecessor-version":[{"id":7378,"href":"https:\/\/www.guneshidrolik.com.tr\/index.php\/wp-json\/wp\/v2\/pages\/7148\/revisions\/7378"}],"up":[{"embeddable":true,"href":"https:\/\/www.guneshidrolik.com.tr\/index.php\/wp-json\/wp\/v2\/pages\/7060"}],"wp:featuredmedia":[{"embeddable":true,"href":"https:\/\/www.guneshidrolik.com.tr\/index.php\/wp-json\/wp\/v2\/media\/7149"}],"wp:attachment":[{"href":"https:\/\/www.guneshidrolik.com.tr\/index.php\/wp-json\/wp\/v2\/media?parent=7148"}],"curies":[{"name":"wp","href":"https:\/\/api.w.org\/{rel}","templated":true}]}}