{"id":7165,"date":"2018-08-07T14:25:13","date_gmt":"2018-08-07T11:25:13","guid":{"rendered":"http:\/\/alfatasarim.org\/guneshidrolik\/?page_id=7165"},"modified":"2018-08-07T14:32:19","modified_gmt":"2018-08-07T11:32:19","slug":"2sn-soymasiz-hortum-soketleri","status":"publish","type":"page","link":"https:\/\/www.guneshidrolik.com.tr\/index.php\/soketler\/2sn-soymasiz-hortum-soketleri\/","title":{"rendered":"2SN Soymas\u0131z Hortum Soketleri"},"content":{"rendered":"<p><img loading=\"lazy\" class=\"aligncenter wp-image-7166 size-full\" src=\"http:\/\/alfatasarim.org\/guneshidrolik\/wp-content\/uploads\/2018\/08\/urun0002.jpg\" alt=\"\" width=\"441\" height=\"294\" \/><\/p>\n<table class=\"aligncenter\" border=\"1px\" width=\"622\">\n<tbody>\n<tr>\n<td colspan=\"12\" rowspan=\"2\" width=\"168\">MALZEME KODU<br \/>\nPart Ref.<\/td>\n<td colspan=\"2\" width=\"210\">HORTUM \u0130\u00c7 \u00c7API<br \/>\nHose Bore<\/td>\n<td colspan=\"2\" width=\"244\">BOYUT \u00d6L\u00c7\u00dcLER\u0130 mm<br \/>\nDimensions in mm<\/td>\n<\/tr>\n<tr>\n<td width=\"103\">DN<\/td>\n<td width=\"107\">INCH<\/td>\n<td width=\"127\">D<\/td>\n<td width=\"117\">A<\/td>\n<\/tr>\n<tr>\n<td colspan=\"12\" width=\"168\">GH &#8211; 1011 &#8211; 1<\/td>\n<td>6<\/td>\n<td width=\"107\">1\/4<\/td>\n<td>20,0<\/td>\n<td>32,0<\/td>\n<\/tr>\n<tr>\n<td colspan=\"12\" width=\"168\">GH &#8211; 1012 &#8211; 1<\/td>\n<td>8<\/td>\n<td width=\"107\">5\/16<\/td>\n<td>22,0<\/td>\n<td>32,0<\/td>\n<\/tr>\n<tr>\n<td colspan=\"12\" width=\"168\">GH &#8211; 1013 &#8211; 1<\/td>\n<td>10<\/td>\n<td width=\"107\">3\/8<\/td>\n<td>25,0<\/td>\n<td>35,0<\/td>\n<\/tr>\n<tr>\n<td colspan=\"12\" width=\"168\">GH &#8211; 1015 &#8211; 1<\/td>\n<td>12<\/td>\n<td width=\"107\">1\/2<\/td>\n<td>29,0<\/td>\n<td>35,0<\/td>\n<\/tr>\n<tr>\n<td colspan=\"12\" width=\"168\">GH &#8211; 1016 &#8211; 1<\/td>\n<td>16<\/td>\n<td width=\"107\">5\/8<\/td>\n<td>34,0<\/td>\n<td>36,0<\/td>\n<\/tr>\n<tr>\n<td colspan=\"12\" width=\"168\">GH &#8211; 1041 &#8211; 1<\/td>\n<td>19<\/td>\n<td width=\"107\">3\/4<\/td>\n<td>38,0<\/td>\n<td>53,0<\/td>\n<\/tr>\n<tr>\n<td colspan=\"12\" width=\"168\">GH &#8211; 1043<\/td>\n<td>25<\/td>\n<td>1<\/td>\n<td>45,0<\/td>\n<td>56,0<\/td>\n<\/tr>\n<\/tbody>\n<\/table>\n","protected":false},"excerpt":{"rendered":"<p>MALZEME KODU Part Ref. HORTUM \u0130\u00c7 \u00c7API Hose Bore BOYUT \u00d6L\u00c7\u00dcLER\u0130 mm Dimensions in mm DN INCH D A GH &#8211; 1011 &#8211; 1 6 1\/4 20,0 32,0 GH &#8211; 1012 &#8211; 1 8 5\/16 22,0 32,0 GH &#8211; 1013 &#8211; 1 10 3\/8 25,0 35,0 GH &#8211; 1015 &#8211; 1 12 1\/2 29,0 35,0 [&hellip;]<\/p>\n","protected":false},"author":1,"featured_media":7166,"parent":7060,"menu_order":0,"comment_status":"closed","ping_status":"closed","template":"","meta":[],"_links":{"self":[{"href":"https:\/\/www.guneshidrolik.com.tr\/index.php\/wp-json\/wp\/v2\/pages\/7165"}],"collection":[{"href":"https:\/\/www.guneshidrolik.com.tr\/index.php\/wp-json\/wp\/v2\/pages"}],"about":[{"href":"https:\/\/www.guneshidrolik.com.tr\/index.php\/wp-json\/wp\/v2\/types\/page"}],"author":[{"embeddable":true,"href":"https:\/\/www.guneshidrolik.com.tr\/index.php\/wp-json\/wp\/v2\/users\/1"}],"replies":[{"embeddable":true,"href":"https:\/\/www.guneshidrolik.com.tr\/index.php\/wp-json\/wp\/v2\/comments?post=7165"}],"version-history":[{"count":2,"href":"https:\/\/www.guneshidrolik.com.tr\/index.php\/wp-json\/wp\/v2\/pages\/7165\/revisions"}],"predecessor-version":[{"id":7173,"href":"https:\/\/www.guneshidrolik.com.tr\/index.php\/wp-json\/wp\/v2\/pages\/7165\/revisions\/7173"}],"up":[{"embeddable":true,"href":"https:\/\/www.guneshidrolik.com.tr\/index.php\/wp-json\/wp\/v2\/pages\/7060"}],"wp:featuredmedia":[{"embeddable":true,"href":"https:\/\/www.guneshidrolik.com.tr\/index.php\/wp-json\/wp\/v2\/media\/7166"}],"wp:attachment":[{"href":"https:\/\/www.guneshidrolik.com.tr\/index.php\/wp-json\/wp\/v2\/media?parent=7165"}],"curies":[{"name":"wp","href":"https:\/\/api.w.org\/{rel}","templated":true}]}}