{"id":7175,"date":"2018-08-07T14:37:01","date_gmt":"2018-08-07T11:37:01","guid":{"rendered":"http:\/\/alfatasarim.org\/guneshidrolik\/?page_id=7175"},"modified":"2018-08-07T14:49:49","modified_gmt":"2018-08-07T11:49:49","slug":"r13-r15-interlock-hortum-soketleri","status":"publish","type":"page","link":"https:\/\/www.guneshidrolik.com.tr\/index.php\/soketler\/r13-r15-interlock-hortum-soketleri\/","title":{"rendered":"R13 &#8211; R15 INTERLOCK Hortum Soketleri"},"content":{"rendered":"<p><img loading=\"lazy\" class=\"aligncenter wp-image-7176 size-full\" src=\"http:\/\/alfatasarim.org\/guneshidrolik\/wp-content\/uploads\/2018\/08\/urun0004.jpg\" alt=\"\" width=\"441\" height=\"294\" \/><\/p>\n<table class=\" aligncenter\" width=\"623\" border=\"1px\">\n<tbody>\n<tr>\n<td colspan=\"12\" rowspan=\"2\" width=\"169\">MALZEME KODU<br \/>\nPart Ref.<\/td>\n<td colspan=\"2\" width=\"210\">HORTUM \u0130\u00c7 \u00c7API<br \/>\nHose Bore<\/td>\n<td colspan=\"2\" width=\"244\">BOYUT \u00d6L\u00c7\u00dcLER\u0130 mm<br \/>\nDimensions in mm<\/td>\n<\/tr>\n<tr>\n<td width=\"103\">DN<\/td>\n<td width=\"107\">INCH<\/td>\n<td width=\"127\">D<\/td>\n<td width=\"117\">A<\/td>\n<\/tr>\n<tr>\n<td colspan=\"12\" width=\"169\">GH &#8211; 1076<\/td>\n<td>19<\/td>\n<td width=\"107\">3\/4<\/td>\n<td>40,0<\/td>\n<td>53,0<\/td>\n<\/tr>\n<tr>\n<td colspan=\"12\" width=\"169\">GH &#8211; 1065<\/td>\n<td>25<\/td>\n<td>1<\/td>\n<td>49,0<\/td>\n<td>66,0<\/td>\n<\/tr>\n<tr>\n<td colspan=\"12\" width=\"169\">GH &#8211; 1032<\/td>\n<td>31<\/td>\n<td width=\"107\">1 1\/4<\/td>\n<td>60,0<\/td>\n<td>89,0<\/td>\n<\/tr>\n<tr>\n<td colspan=\"12\" width=\"169\">GH &#8211; 1033<\/td>\n<td>38<\/td>\n<td width=\"107\">1 1\/2<\/td>\n<td>69,0<\/td>\n<td>100,0<\/td>\n<\/tr>\n<tr>\n<td colspan=\"12\" width=\"169\">GH &#8211; 1040<\/td>\n<td>51<\/td>\n<td>2<\/td>\n<td>87,0<\/td>\n<td>108,0<\/td>\n<\/tr>\n<\/tbody>\n<\/table>\n","protected":false},"excerpt":{"rendered":"<p>MALZEME KODU Part Ref. HORTUM \u0130\u00c7 \u00c7API Hose Bore BOYUT \u00d6L\u00c7\u00dcLER\u0130 mm Dimensions in mm DN INCH D A GH &#8211; 1076 19 3\/4 40,0 53,0 GH &#8211; 1065 25 1 49,0 66,0 GH &#8211; 1032 31 1 1\/4 60,0 89,0 GH &#8211; 1033 38 1 1\/2 69,0 100,0 GH &#8211; 1040 51 2 87,0 [&hellip;]<\/p>\n","protected":false},"author":1,"featured_media":7176,"parent":7060,"menu_order":0,"comment_status":"closed","ping_status":"closed","template":"","meta":[],"_links":{"self":[{"href":"https:\/\/www.guneshidrolik.com.tr\/index.php\/wp-json\/wp\/v2\/pages\/7175"}],"collection":[{"href":"https:\/\/www.guneshidrolik.com.tr\/index.php\/wp-json\/wp\/v2\/pages"}],"about":[{"href":"https:\/\/www.guneshidrolik.com.tr\/index.php\/wp-json\/wp\/v2\/types\/page"}],"author":[{"embeddable":true,"href":"https:\/\/www.guneshidrolik.com.tr\/index.php\/wp-json\/wp\/v2\/users\/1"}],"replies":[{"embeddable":true,"href":"https:\/\/www.guneshidrolik.com.tr\/index.php\/wp-json\/wp\/v2\/comments?post=7175"}],"version-history":[{"count":3,"href":"https:\/\/www.guneshidrolik.com.tr\/index.php\/wp-json\/wp\/v2\/pages\/7175\/revisions"}],"predecessor-version":[{"id":7180,"href":"https:\/\/www.guneshidrolik.com.tr\/index.php\/wp-json\/wp\/v2\/pages\/7175\/revisions\/7180"}],"up":[{"embeddable":true,"href":"https:\/\/www.guneshidrolik.com.tr\/index.php\/wp-json\/wp\/v2\/pages\/7060"}],"wp:featuredmedia":[{"embeddable":true,"href":"https:\/\/www.guneshidrolik.com.tr\/index.php\/wp-json\/wp\/v2\/media\/7176"}],"wp:attachment":[{"href":"https:\/\/www.guneshidrolik.com.tr\/index.php\/wp-json\/wp\/v2\/media?parent=7175"}],"curies":[{"name":"wp","href":"https:\/\/api.w.org\/{rel}","templated":true}]}}