{"id":7181,"date":"2018-08-07T14:52:00","date_gmt":"2018-08-07T11:52:00","guid":{"rendered":"http:\/\/alfatasarim.org\/guneshidrolik\/?page_id=7181"},"modified":"2018-08-07T14:52:00","modified_gmt":"2018-08-07T11:52:00","slug":"termoplastik-soketler","status":"publish","type":"page","link":"https:\/\/www.guneshidrolik.com.tr\/index.php\/soketler\/termoplastik-soketler\/","title":{"rendered":"TERMOPLAST\u0130K Soketler"},"content":{"rendered":"<p><img loading=\"lazy\" class=\"aligncenter wp-image-7182 size-full\" src=\"http:\/\/alfatasarim.org\/guneshidrolik\/wp-content\/uploads\/2018\/08\/urun0005.jpg\" alt=\"\" width=\"441\" height=\"294\" \/><\/p>\n<table class=\" aligncenter\" border=\"1px\" width=\"625\">\n<tbody>\n<tr>\n<td colspan=\"7\" rowspan=\"2\" width=\"171\">MALZEME KODU<br \/>\nPart Ref.<\/td>\n<td colspan=\"4\" width=\"210\">HORTUM \u0130\u00c7 \u00c7API<br \/>\nHose Bore<\/td>\n<td colspan=\"2\" width=\"244\">BOYUT \u00d6L\u00c7\u00dcLER\u0130 mm<br \/>\nDimensions in mm<\/td>\n<\/tr>\n<tr>\n<td colspan=\"3\" width=\"103\">DN<\/td>\n<td width=\"107\">INCH<\/td>\n<td width=\"127\">D<\/td>\n<td width=\"117\">A<\/td>\n<\/tr>\n<tr>\n<td colspan=\"7\" width=\"171\">GH &#8211; 1010 &#8211; 1<\/td>\n<td colspan=\"3\">5<\/td>\n<td width=\"107\">3\/16<\/td>\n<td>16<\/td>\n<td>25<\/td>\n<\/tr>\n<tr>\n<td colspan=\"7\" width=\"171\">GH &#8211; 1011 &#8211; 3<\/td>\n<td colspan=\"3\">6<\/td>\n<td width=\"107\">1\/4<\/td>\n<td>17<\/td>\n<td>30<\/td>\n<\/tr>\n<tr>\n<td colspan=\"7\" width=\"171\">GH &#8211; 1012 &#8211; 3<\/td>\n<td colspan=\"3\">8<\/td>\n<td width=\"107\">5\/16<\/td>\n<td>20<\/td>\n<td>32<\/td>\n<\/tr>\n<tr>\n<td colspan=\"7\" width=\"171\">GH &#8211; 1013 &#8211; 4<\/td>\n<td colspan=\"3\">10<\/td>\n<td width=\"107\">3\/8<\/td>\n<td>22<\/td>\n<td>33<\/td>\n<\/tr>\n<tr>\n<td colspan=\"7\" width=\"171\">GH &#8211; 1015 &#8211; 5<\/td>\n<td colspan=\"3\">12<\/td>\n<td width=\"107\">1\/2<\/td>\n<td>25<\/td>\n<td>36<\/td>\n<\/tr>\n<tr>\n<td colspan=\"7\" width=\"171\">GH &#8211; 1085<\/td>\n<td colspan=\"3\">16<\/td>\n<td width=\"107\">5\/8<\/td>\n<td>28<\/td>\n<td>36<\/td>\n<\/tr>\n<tr>\n<td colspan=\"7\" width=\"171\">GH &#8211; 1086<\/td>\n<td colspan=\"3\">19<\/td>\n<td width=\"107\">3\/4<\/td>\n<td>32<\/td>\n<td>42<\/td>\n<\/tr>\n<\/tbody>\n<\/table>\n","protected":false},"excerpt":{"rendered":"<p>MALZEME KODU Part Ref. HORTUM \u0130\u00c7 \u00c7API Hose Bore BOYUT \u00d6L\u00c7\u00dcLER\u0130 mm Dimensions in mm DN INCH D A GH &#8211; 1010 &#8211; 1 5 3\/16 16 25 GH &#8211; 1011 &#8211; 3 6 1\/4 17 30 GH &#8211; 1012 &#8211; 3 8 5\/16 20 32 GH &#8211; 1013 &#8211; 4 10 3\/8 22 33 [&hellip;]<\/p>\n","protected":false},"author":1,"featured_media":7182,"parent":7060,"menu_order":0,"comment_status":"closed","ping_status":"closed","template":"","meta":[],"_links":{"self":[{"href":"https:\/\/www.guneshidrolik.com.tr\/index.php\/wp-json\/wp\/v2\/pages\/7181"}],"collection":[{"href":"https:\/\/www.guneshidrolik.com.tr\/index.php\/wp-json\/wp\/v2\/pages"}],"about":[{"href":"https:\/\/www.guneshidrolik.com.tr\/index.php\/wp-json\/wp\/v2\/types\/page"}],"author":[{"embeddable":true,"href":"https:\/\/www.guneshidrolik.com.tr\/index.php\/wp-json\/wp\/v2\/users\/1"}],"replies":[{"embeddable":true,"href":"https:\/\/www.guneshidrolik.com.tr\/index.php\/wp-json\/wp\/v2\/comments?post=7181"}],"version-history":[{"count":1,"href":"https:\/\/www.guneshidrolik.com.tr\/index.php\/wp-json\/wp\/v2\/pages\/7181\/revisions"}],"predecessor-version":[{"id":7183,"href":"https:\/\/www.guneshidrolik.com.tr\/index.php\/wp-json\/wp\/v2\/pages\/7181\/revisions\/7183"}],"up":[{"embeddable":true,"href":"https:\/\/www.guneshidrolik.com.tr\/index.php\/wp-json\/wp\/v2\/pages\/7060"}],"wp:featuredmedia":[{"embeddable":true,"href":"https:\/\/www.guneshidrolik.com.tr\/index.php\/wp-json\/wp\/v2\/media\/7182"}],"wp:attachment":[{"href":"https:\/\/www.guneshidrolik.com.tr\/index.php\/wp-json\/wp\/v2\/media?parent=7181"}],"curies":[{"name":"wp","href":"https:\/\/api.w.org\/{rel}","templated":true}]}}