{"id":7185,"date":"2018-08-07T14:56:46","date_gmt":"2018-08-07T11:56:46","guid":{"rendered":"http:\/\/alfatasarim.org\/guneshidrolik\/?page_id=7185"},"modified":"2018-08-07T14:56:46","modified_gmt":"2018-08-07T11:56:46","slug":"teflon-hortum-soketler","status":"publish","type":"page","link":"https:\/\/www.guneshidrolik.com.tr\/index.php\/soketler\/teflon-hortum-soketler\/","title":{"rendered":"TEFLON HORTUM SOKETLER"},"content":{"rendered":"<p><img loading=\"lazy\" class=\"aligncenter wp-image-7186 size-full\" src=\"http:\/\/alfatasarim.org\/guneshidrolik\/wp-content\/uploads\/2018\/08\/urun0006.jpg\" alt=\"\" width=\"441\" height=\"294\" \/><\/p>\n<table class=\" aligncenter\" border=\"1px\" width=\"628\">\n<tbody>\n<tr>\n<td colspan=\"4\" rowspan=\"2\" width=\"174\">MALZEME KODU<br \/>\nPart Ref.<\/td>\n<td colspan=\"2\" width=\"210\">HORTUM \u0130\u00c7 \u00c7API<br \/>\nHose Bore<\/td>\n<td colspan=\"2\" width=\"244\">BOYUT \u00d6L\u00c7\u00dcLER\u0130 mm<br \/>\nDimensions in mm<\/td>\n<\/tr>\n<tr>\n<td width=\"103\">DN<\/td>\n<td width=\"107\">INCH<\/td>\n<td width=\"127\">D<\/td>\n<td width=\"117\">A<\/td>\n<\/tr>\n<tr>\n<td colspan=\"4\" width=\"174\">GH &#8211; 1056<\/td>\n<td>5<\/td>\n<td width=\"107\">3\/16<\/td>\n<td>14,0<\/td>\n<td>30,0<\/td>\n<\/tr>\n<tr>\n<td colspan=\"4\" width=\"174\">GH &#8211; 1054<\/td>\n<td>6<\/td>\n<td width=\"107\">1\/4<\/td>\n<td>14,0<\/td>\n<td>30,0<\/td>\n<\/tr>\n<tr>\n<td colspan=\"4\" width=\"174\">GH &#8211; 1053<\/td>\n<td>8<\/td>\n<td width=\"107\">5\/16<\/td>\n<td>16,0<\/td>\n<td>30,0<\/td>\n<\/tr>\n<tr>\n<td colspan=\"4\" width=\"174\">GH &#8211; 1066<\/td>\n<td>10<\/td>\n<td width=\"107\">3\/8<\/td>\n<td>19,0<\/td>\n<td>31,0<\/td>\n<\/tr>\n<tr>\n<td colspan=\"4\" width=\"174\">GH &#8211; 1015 &#8211; 3<\/td>\n<td>12<\/td>\n<td width=\"107\">1\/2<\/td>\n<td>24,0<\/td>\n<td>34,0<\/td>\n<\/tr>\n<tr>\n<td colspan=\"4\" width=\"174\">GH &#8211; 1065<\/td>\n<td>16<\/td>\n<td width=\"107\">5\/8<\/td>\n<td>26,0<\/td>\n<td>37,0<\/td>\n<\/tr>\n<tr>\n<td colspan=\"4\" width=\"174\">GH &#8211; 1072<\/td>\n<td>19<\/td>\n<td width=\"107\">3\/4<\/td>\n<td>30,0<\/td>\n<td>42,5<\/td>\n<\/tr>\n<\/tbody>\n<\/table>\n","protected":false},"excerpt":{"rendered":"<p>MALZEME KODU Part Ref. HORTUM \u0130\u00c7 \u00c7API Hose Bore BOYUT \u00d6L\u00c7\u00dcLER\u0130 mm Dimensions in mm DN INCH D A GH &#8211; 1056 5 3\/16 14,0 30,0 GH &#8211; 1054 6 1\/4 14,0 30,0 GH &#8211; 1053 8 5\/16 16,0 30,0 GH &#8211; 1066 10 3\/8 19,0 31,0 GH &#8211; 1015 &#8211; 3 12 1\/2 24,0 [&hellip;]<\/p>\n","protected":false},"author":1,"featured_media":7186,"parent":7060,"menu_order":0,"comment_status":"closed","ping_status":"closed","template":"","meta":[],"_links":{"self":[{"href":"https:\/\/www.guneshidrolik.com.tr\/index.php\/wp-json\/wp\/v2\/pages\/7185"}],"collection":[{"href":"https:\/\/www.guneshidrolik.com.tr\/index.php\/wp-json\/wp\/v2\/pages"}],"about":[{"href":"https:\/\/www.guneshidrolik.com.tr\/index.php\/wp-json\/wp\/v2\/types\/page"}],"author":[{"embeddable":true,"href":"https:\/\/www.guneshidrolik.com.tr\/index.php\/wp-json\/wp\/v2\/users\/1"}],"replies":[{"embeddable":true,"href":"https:\/\/www.guneshidrolik.com.tr\/index.php\/wp-json\/wp\/v2\/comments?post=7185"}],"version-history":[{"count":1,"href":"https:\/\/www.guneshidrolik.com.tr\/index.php\/wp-json\/wp\/v2\/pages\/7185\/revisions"}],"predecessor-version":[{"id":7187,"href":"https:\/\/www.guneshidrolik.com.tr\/index.php\/wp-json\/wp\/v2\/pages\/7185\/revisions\/7187"}],"up":[{"embeddable":true,"href":"https:\/\/www.guneshidrolik.com.tr\/index.php\/wp-json\/wp\/v2\/pages\/7060"}],"wp:featuredmedia":[{"embeddable":true,"href":"https:\/\/www.guneshidrolik.com.tr\/index.php\/wp-json\/wp\/v2\/media\/7186"}],"wp:attachment":[{"href":"https:\/\/www.guneshidrolik.com.tr\/index.php\/wp-json\/wp\/v2\/media?parent=7185"}],"curies":[{"name":"wp","href":"https:\/\/api.w.org\/{rel}","templated":true}]}}