{"id":7199,"date":"2018-08-07T15:20:34","date_gmt":"2018-08-07T12:20:34","guid":{"rendered":"http:\/\/alfatasarim.org\/guneshidrolik\/?page_id=7199"},"modified":"2018-08-07T15:20:34","modified_gmt":"2018-08-07T12:20:34","slug":"metrik-somunlu-45-hortum-rakorlari-l-tipi","status":"publish","type":"page","link":"https:\/\/www.guneshidrolik.com.tr\/index.php\/duz-hortum-rakorlari\/metrik-somunlu-45-hortum-rakorlari-l-tipi\/","title":{"rendered":"METR\u0130K SOMUNLU 45\u00b0 HORTUM RAKORLARI L T\u0130P\u0130"},"content":{"rendered":"<p><img loading=\"lazy\" class=\"aligncenter wp-image-7200 size-full\" src=\"http:\/\/alfatasarim.org\/guneshidrolik\/wp-content\/uploads\/2018\/08\/urun0008.jpg\" alt=\"\" width=\"441\" height=\"294\" \/><\/p>\n<table class=\" aligncenter\" border=\"1px\" width=\"616\">\n<tbody>\n<tr>\n<td colspan=\"10\" rowspan=\"2\" width=\"141\">MALZEME KODU<br \/>\nPart Ref.<\/td>\n<td colspan=\"3\" width=\"114\">HORTUM \u0130\u00c7 \u00c7API<br \/>\nHose Bore<\/td>\n<td colspan=\"2\" width=\"82\">D\u0130\u015e \u00d6L\u00c7\u00dcS\u00dc<br \/>\nThread<\/td>\n<td colspan=\"6\" width=\"279\">BOYUT \u00d6L\u00c7\u00dcLER\u0130 mm<br \/>\nDimensions in mm<\/td>\n<\/tr>\n<tr>\n<td width=\"57\">DN<\/td>\n<td colspan=\"2\" width=\"57\">INCH<\/td>\n<td colspan=\"2\" width=\"82\">T<\/td>\n<td width=\"44\">B<\/td>\n<td width=\"45\">A<\/td>\n<td width=\"45\">C<\/td>\n<td width=\"45\">E<\/td>\n<td width=\"53\">BORU \u00d8<\/td>\n<td width=\"47\">H<br \/>\n2<\/td>\n<\/tr>\n<tr>\n<td colspan=\"10\" width=\"141\">GH &#8211; 1110 &#8211; 2<\/td>\n<td>5<\/td>\n<td colspan=\"2\" width=\"57\">3\/16<\/td>\n<td colspan=\"2\" width=\"82\">M 12&#215;1.5<\/td>\n<td>3,0<\/td>\n<td>41,0<\/td>\n<td>1,7<\/td>\n<td>24,0<\/td>\n<td>6<\/td>\n<td>14<\/td>\n<\/tr>\n<tr>\n<td colspan=\"10\" width=\"141\">GH &#8211; 1119 &#8211; 2<\/td>\n<td>6<\/td>\n<td colspan=\"2\" width=\"57\">1\/4<\/td>\n<td colspan=\"2\" width=\"82\">M 12&#215;1.5<\/td>\n<td>4,0<\/td>\n<td>46,0<\/td>\n<td>2,2<\/td>\n<td>26,0<\/td>\n<td>6<\/td>\n<td>17<\/td>\n<\/tr>\n<tr>\n<td colspan=\"10\" width=\"141\">GH &#8211; 1121 &#8211; 2<\/td>\n<td>6<\/td>\n<td colspan=\"2\" width=\"57\">1\/4<\/td>\n<td colspan=\"2\" width=\"82\">M 14&#215;1.5<\/td>\n<td>4,0<\/td>\n<td>42,5<\/td>\n<td>1,7<\/td>\n<td>20,0<\/td>\n<td>8<\/td>\n<td>17<\/td>\n<\/tr>\n<tr>\n<td colspan=\"10\" width=\"141\">GH &#8211; 1122 &#8211; 2<\/td>\n<td>6<\/td>\n<td colspan=\"2\" width=\"57\">1\/4<\/td>\n<td colspan=\"2\" width=\"82\">M 16&#215;1.5<\/td>\n<td>4,0<\/td>\n<td>43,5<\/td>\n<td>2,1<\/td>\n<td>23,0<\/td>\n<td>10<\/td>\n<td>19<\/td>\n<\/tr>\n<tr>\n<td colspan=\"10\" width=\"141\">GH &#8211; 1123 &#8211; 2<\/td>\n<td>6<\/td>\n<td colspan=\"2\" width=\"57\">1\/4<\/td>\n<td colspan=\"2\" width=\"82\">M 18&#215;1.5<\/td>\n<td>4,0<\/td>\n<td>45,5<\/td>\n<td>1,5<\/td>\n<td>22,5<\/td>\n<td>12<\/td>\n<td>22<\/td>\n<\/tr>\n<tr>\n<td colspan=\"10\" width=\"141\">GH &#8211; 1130 &#8211; 2<\/td>\n<td>8<\/td>\n<td colspan=\"2\" width=\"57\">5\/16<\/td>\n<td colspan=\"2\" width=\"82\">M 14&#215;1.5<\/td>\n<td>5,0<\/td>\n<td>44,5<\/td>\n<td>1,7<\/td>\n<td>20,0<\/td>\n<td>8<\/td>\n<td>17<\/td>\n<\/tr>\n<tr>\n<td colspan=\"10\" width=\"141\">GH &#8211; 1132 &#8211; 2<\/td>\n<td>8<\/td>\n<td colspan=\"2\" width=\"57\">5\/16<\/td>\n<td colspan=\"2\" width=\"82\">M 16&#215;1.5<\/td>\n<td>5,0<\/td>\n<td>44,5<\/td>\n<td>1,3<\/td>\n<td>23,0<\/td>\n<td>10<\/td>\n<td>19<\/td>\n<\/tr>\n<tr>\n<td colspan=\"10\" width=\"141\">GH &#8211; 1133 &#8211; 2<\/td>\n<td>8<\/td>\n<td colspan=\"2\" width=\"57\">5\/16<\/td>\n<td colspan=\"2\" width=\"82\">M 18&#215;1.5<\/td>\n<td>5,0<\/td>\n<td>46,0<\/td>\n<td>2,3<\/td>\n<td>19,5<\/td>\n<td>12<\/td>\n<td>22<\/td>\n<\/tr>\n<tr>\n<td colspan=\"10\" width=\"141\">GH &#8211; 1140 &#8211; 2<\/td>\n<td>10<\/td>\n<td colspan=\"2\" width=\"57\">3\/8<\/td>\n<td colspan=\"2\" width=\"82\">M 16&#215;1.5<\/td>\n<td>6,5<\/td>\n<td>51,0<\/td>\n<td>3,0<\/td>\n<td>23,5<\/td>\n<td>10<\/td>\n<td>22<\/td>\n<\/tr>\n<tr>\n<td colspan=\"10\" width=\"141\">GH &#8211; 1142 &#8211; 2<\/td>\n<td>10<\/td>\n<td colspan=\"2\" width=\"57\">3\/8<\/td>\n<td colspan=\"2\" width=\"82\">M 18&#215;1.5<\/td>\n<td>6,5<\/td>\n<td>45,0<\/td>\n<td>1,5<\/td>\n<td>20,0<\/td>\n<td>12<\/td>\n<td>22<\/td>\n<\/tr>\n<tr>\n<td colspan=\"10\" width=\"141\">GH &#8211; 1144 &#8211; 2<\/td>\n<td>10<\/td>\n<td colspan=\"2\" width=\"57\">3\/8<\/td>\n<td colspan=\"2\" width=\"82\">M 22&#215;1.5<\/td>\n<td>6,5<\/td>\n<td>57,0<\/td>\n<td>2,3<\/td>\n<td>28,0<\/td>\n<td>15<\/td>\n<td>27<\/td>\n<\/tr>\n<tr>\n<td colspan=\"10\" width=\"141\">GH &#8211; 1149 &#8211; 2<\/td>\n<td>12<\/td>\n<td colspan=\"2\" width=\"57\">1\/2<\/td>\n<td colspan=\"2\" width=\"82\">M 18&#215;1.5<\/td>\n<td>9,0<\/td>\n<td>70,0<\/td>\n<td>1,3<\/td>\n<td>32,0<\/td>\n<td>12<\/td>\n<td>22<\/td>\n<\/tr>\n<tr>\n<td colspan=\"10\" width=\"141\">GH &#8211; 1152 &#8211; 2<\/td>\n<td>12<\/td>\n<td colspan=\"2\" width=\"57\">1\/2<\/td>\n<td colspan=\"2\" width=\"82\">M 22&#215;1.5<\/td>\n<td>9,0<\/td>\n<td>60,0<\/td>\n<td>2,3<\/td>\n<td>25,0<\/td>\n<td>15<\/td>\n<td>27<\/td>\n<\/tr>\n<tr>\n<td colspan=\"10\" width=\"141\">GH &#8211; 1156 &#8211; 2<\/td>\n<td>12<\/td>\n<td colspan=\"2\" width=\"57\">1\/2<\/td>\n<td colspan=\"2\" width=\"82\">M 26&#215;1.5<\/td>\n<td>9,0<\/td>\n<td>63,0<\/td>\n<td>2,5<\/td>\n<td>27,0<\/td>\n<td>18<\/td>\n<td>32<\/td>\n<\/tr>\n<tr>\n<td colspan=\"10\" width=\"141\">GH &#8211; 1160 &#8211; 2<\/td>\n<td>16<\/td>\n<td colspan=\"2\" width=\"57\">5\/8<\/td>\n<td colspan=\"2\" width=\"82\">M 26&#215;1.5<\/td>\n<td>11,5<\/td>\n<td>80,0<\/td>\n<td>2,5<\/td>\n<td>27,0<\/td>\n<td>18<\/td>\n<td>32<\/td>\n<\/tr>\n<tr>\n<td colspan=\"10\" width=\"141\">GH &#8211; 1165 &#8211; 2<\/td>\n<td>16<\/td>\n<td colspan=\"2\" width=\"57\">5\/8<\/td>\n<td colspan=\"2\" width=\"82\">M 30&#215;2<\/td>\n<td>11,5<\/td>\n<td>78,0<\/td>\n<td>3,6<\/td>\n<td>29,0<\/td>\n<td>22<\/td>\n<td>36<\/td>\n<\/tr>\n<tr>\n<td colspan=\"10\" width=\"141\">GH &#8211; 1172 &#8211; 2 &#8211; 22L<\/td>\n<td>19<\/td>\n<td colspan=\"2\" width=\"57\">3\/4<\/td>\n<td colspan=\"2\" width=\"82\">M 30&#215;2<\/td>\n<td>14,5<\/td>\n<td>86,0<\/td>\n<td>3,6<\/td>\n<td>24,0<\/td>\n<td>22<\/td>\n<td>36<\/td>\n<\/tr>\n<tr>\n<td colspan=\"10\" width=\"141\">GH &#8211; 1174 &#8211; 2 &#8211; 28L<\/td>\n<td>19<\/td>\n<td colspan=\"2\" width=\"57\">3\/4<\/td>\n<td colspan=\"2\" width=\"82\">M 36&#215;2<\/td>\n<td>14,5<\/td>\n<td>82,0<\/td>\n<td>3,8<\/td>\n<td>37,5<\/td>\n<td>28<\/td>\n<td>41<\/td>\n<\/tr>\n<tr>\n<td colspan=\"10\" width=\"141\">GH &#8211; 1183 &#8211; 2 &#8211; 28L<\/td>\n<td>25<\/td>\n<td colspan=\"2\">1<\/td>\n<td colspan=\"2\" width=\"82\">M 36&#215;2<\/td>\n<td>18,5<\/td>\n<td>104,0<\/td>\n<td>3,8<\/td>\n<td>41,5<\/td>\n<td>28<\/td>\n<td>41<\/td>\n<\/tr>\n<tr>\n<td colspan=\"10\" width=\"141\">GH &#8211; 1188 &#8211; 2<\/td>\n<td>25<\/td>\n<td colspan=\"2\">1<\/td>\n<td colspan=\"2\" width=\"82\">M 45&#215;2<\/td>\n<td>18,5<\/td>\n<td>101,0<\/td>\n<td>4,0<\/td>\n<td>40,0<\/td>\n<td>35<\/td>\n<td>50<\/td>\n<\/tr>\n<tr>\n<td colspan=\"10\" width=\"141\">GH &#8211; 1194 &#8211; 2<\/td>\n<td>31<\/td>\n<td colspan=\"2\" width=\"57\">1 1\/4<\/td>\n<td colspan=\"2\" width=\"82\">M 45&#215;2<\/td>\n<td>24,5<\/td>\n<td>115,0<\/td>\n<td>5,1<\/td>\n<td>43,0<\/td>\n<td>35<\/td>\n<td>50<\/td>\n<\/tr>\n<tr>\n<td colspan=\"10\" width=\"141\">GH &#8211; 1196 &#8211; 2 &#8211; 42L<\/td>\n<td>31<\/td>\n<td colspan=\"2\" width=\"57\">1 1\/4<\/td>\n<td colspan=\"2\" width=\"82\">M 52&#215;2<\/td>\n<td>24,5<\/td>\n<td>119,5<\/td>\n<td>5,1<\/td>\n<td>53,5<\/td>\n<td>42<\/td>\n<td>60<\/td>\n<\/tr>\n<tr>\n<td colspan=\"10\" width=\"141\">GH &#8211; 1197 &#8211; 2 &#8211; 42L<\/td>\n<td>38<\/td>\n<td colspan=\"2\" width=\"57\">1 1\/2<\/td>\n<td colspan=\"2\" width=\"82\">M 52&#215;2<\/td>\n<td>29,5<\/td>\n<td>120,0<\/td>\n<td>5,1<\/td>\n<td>54,0<\/td>\n<td>42<\/td>\n<td>60<\/td>\n<\/tr>\n<\/tbody>\n<\/table>\n","protected":false},"excerpt":{"rendered":"<p>MALZEME KODU Part Ref. HORTUM \u0130\u00c7 \u00c7API Hose Bore D\u0130\u015e \u00d6L\u00c7\u00dcS\u00dc Thread BOYUT \u00d6L\u00c7\u00dcLER\u0130 mm Dimensions in mm DN INCH T B A C E BORU \u00d8 H 2 GH &#8211; 1110 &#8211; 2 5 3\/16 M 12&#215;1.5 3,0 41,0 1,7 24,0 6 14 GH &#8211; 1119 &#8211; 2 6 1\/4 M 12&#215;1.5 4,0 46,0 [&hellip;]<\/p>\n","protected":false},"author":1,"featured_media":7200,"parent":7066,"menu_order":0,"comment_status":"closed","ping_status":"closed","template":"","meta":[],"_links":{"self":[{"href":"https:\/\/www.guneshidrolik.com.tr\/index.php\/wp-json\/wp\/v2\/pages\/7199"}],"collection":[{"href":"https:\/\/www.guneshidrolik.com.tr\/index.php\/wp-json\/wp\/v2\/pages"}],"about":[{"href":"https:\/\/www.guneshidrolik.com.tr\/index.php\/wp-json\/wp\/v2\/types\/page"}],"author":[{"embeddable":true,"href":"https:\/\/www.guneshidrolik.com.tr\/index.php\/wp-json\/wp\/v2\/users\/1"}],"replies":[{"embeddable":true,"href":"https:\/\/www.guneshidrolik.com.tr\/index.php\/wp-json\/wp\/v2\/comments?post=7199"}],"version-history":[{"count":1,"href":"https:\/\/www.guneshidrolik.com.tr\/index.php\/wp-json\/wp\/v2\/pages\/7199\/revisions"}],"predecessor-version":[{"id":7201,"href":"https:\/\/www.guneshidrolik.com.tr\/index.php\/wp-json\/wp\/v2\/pages\/7199\/revisions\/7201"}],"up":[{"embeddable":true,"href":"https:\/\/www.guneshidrolik.com.tr\/index.php\/wp-json\/wp\/v2\/pages\/7066"}],"wp:featuredmedia":[{"embeddable":true,"href":"https:\/\/www.guneshidrolik.com.tr\/index.php\/wp-json\/wp\/v2\/media\/7200"}],"wp:attachment":[{"href":"https:\/\/www.guneshidrolik.com.tr\/index.php\/wp-json\/wp\/v2\/media?parent=7199"}],"curies":[{"name":"wp","href":"https:\/\/api.w.org\/{rel}","templated":true}]}}