{"id":7239,"date":"2018-08-07T15:39:16","date_gmt":"2018-08-07T12:39:16","guid":{"rendered":"http:\/\/alfatasarim.org\/guneshidrolik\/?page_id=7239"},"modified":"2018-08-07T15:41:37","modified_gmt":"2018-08-07T12:41:37","slug":"bsp-somunlu-90-hortum-rakorlari","status":"publish","type":"page","link":"https:\/\/www.guneshidrolik.com.tr\/index.php\/duz-hortum-rakorlari\/bsp-somunlu-90-hortum-rakorlari\/","title":{"rendered":"BSP SOMUNLU 90\u00b0 HORTUM RAKORLARI"},"content":{"rendered":"<p><img loading=\"lazy\" class=\"aligncenter wp-image-7240 size-full\" src=\"http:\/\/alfatasarim.org\/guneshidrolik\/wp-content\/uploads\/2018\/08\/urun00017-1.jpg\" alt=\"\" width=\"441\" height=\"294\" \/><img loading=\"lazy\" class=\"aligncenter wp-image-7241 size-full\" src=\"http:\/\/alfatasarim.org\/guneshidrolik\/wp-content\/uploads\/2018\/08\/urun00017-2.jpg\" alt=\"\" width=\"441\" height=\"294\" \/><\/p>\n<table class=\" aligncenter\" border=\"1px\" width=\"620\">\n<tbody>\n<tr>\n<td colspan=\"15\" rowspan=\"2\" width=\"122\">MALZEME KODU<br \/>\nPart Ref.<\/td>\n<td colspan=\"4\" width=\"113\">HORTUM \u00c7API<br \/>\nHose Bore<\/td>\n<td width=\"73\">D\u0130\u015e \u00d6L\u00c7\u00dcS\u00dc<br \/>\nThread<\/td>\n<td colspan=\"6\" width=\"312\">BOYUT \u00d6L\u00c7\u00dcLER\u0130 mm<br \/>\nDimensions in mm<\/td>\n<\/tr>\n<tr>\n<td colspan=\"2\" width=\"56\">DN<\/td>\n<td colspan=\"2\" width=\"57\">INCH<\/td>\n<td width=\"73\">T<\/td>\n<td colspan=\"2\" width=\"60\">B<\/td>\n<td width=\"64\">A<\/td>\n<td width=\"60\">C<\/td>\n<td width=\"65\">E<\/td>\n<td width=\"63\">H<br \/>\n2<\/td>\n<\/tr>\n<tr>\n<td colspan=\"15\" width=\"122\">GH &#8211; 2110 &#8211; 3<\/td>\n<td colspan=\"2\">5<\/td>\n<td colspan=\"2\" width=\"57\">3 1\/6<\/td>\n<td width=\"73\">1\/8 &#8211; 28<\/td>\n<td colspan=\"2\">3,0<\/td>\n<td>32,0<\/td>\n<td>5,5<\/td>\n<td>30,0<\/td>\n<td>14<\/td>\n<\/tr>\n<tr>\n<td colspan=\"15\" width=\"122\">GH &#8211; 2120 &#8211; 3<\/td>\n<td colspan=\"2\">6<\/td>\n<td colspan=\"2\" width=\"57\">1\/4<\/td>\n<td width=\"73\">1\/8 &#8211; 28<\/td>\n<td colspan=\"2\">4,0<\/td>\n<td>35,5<\/td>\n<td>5,5<\/td>\n<td>32,0<\/td>\n<td>14<\/td>\n<\/tr>\n<tr>\n<td colspan=\"15\" width=\"122\">GH &#8211; 2121 &#8211; 3<\/td>\n<td colspan=\"2\">6<\/td>\n<td colspan=\"2\" width=\"57\">1\/4<\/td>\n<td width=\"73\">1\/4 &#8211; 19<\/td>\n<td colspan=\"2\">4,0<\/td>\n<td>34,5<\/td>\n<td>5,0<\/td>\n<td>32,0<\/td>\n<td>19<\/td>\n<\/tr>\n<tr>\n<td colspan=\"15\" width=\"122\">GH &#8211; 2125 &#8211; 3<\/td>\n<td colspan=\"2\">6<\/td>\n<td colspan=\"2\" width=\"57\">1\/4<\/td>\n<td width=\"73\">3\/8 &#8211; 19<\/td>\n<td colspan=\"2\">4,0<\/td>\n<td>33,5<\/td>\n<td>6,1<\/td>\n<td>37,0<\/td>\n<td>22<\/td>\n<\/tr>\n<tr>\n<td colspan=\"15\" width=\"122\">GH &#8211; 2127 &#8211; 3<\/td>\n<td colspan=\"2\">6<\/td>\n<td colspan=\"2\" width=\"57\">1\/4<\/td>\n<td width=\"73\">1\/2 &#8211; 14<\/td>\n<td colspan=\"2\">4,0<\/td>\n<td>41,5<\/td>\n<td>4,5<\/td>\n<td>39,0<\/td>\n<td>27<\/td>\n<\/tr>\n<tr>\n<td colspan=\"15\" width=\"122\">GH &#8211; 2130 &#8211; 3<\/td>\n<td colspan=\"2\">8<\/td>\n<td colspan=\"2\" width=\"57\">5\/16<\/td>\n<td width=\"73\">1\/4 &#8211; 19<\/td>\n<td colspan=\"2\">5,0<\/td>\n<td>34,0<\/td>\n<td>5,0<\/td>\n<td>34,5<\/td>\n<td>19<\/td>\n<\/tr>\n<tr>\n<td colspan=\"15\" width=\"122\">GH &#8211; 2132 &#8211; 3<\/td>\n<td colspan=\"2\">8<\/td>\n<td colspan=\"2\" width=\"57\">5\/16<\/td>\n<td width=\"73\">3\/8 &#8211; 19<\/td>\n<td colspan=\"2\">5,0<\/td>\n<td>34,5<\/td>\n<td>6,1<\/td>\n<td>37,0<\/td>\n<td>22<\/td>\n<\/tr>\n<tr>\n<td colspan=\"15\" width=\"122\">GH &#8211; 2133 &#8211; 3<\/td>\n<td colspan=\"2\">8<\/td>\n<td colspan=\"2\" width=\"57\">5\/16<\/td>\n<td width=\"73\">1\/2 &#8211; 14<\/td>\n<td colspan=\"2\">5,0<\/td>\n<td>42,0<\/td>\n<td>4,5<\/td>\n<td>39,0<\/td>\n<td>27<\/td>\n<\/tr>\n<tr>\n<td colspan=\"15\" width=\"122\">GH &#8211; 2140 &#8211; 3<\/td>\n<td colspan=\"2\">10<\/td>\n<td colspan=\"2\" width=\"57\">3\/8<\/td>\n<td width=\"73\">3\/8 &#8211; 19<\/td>\n<td colspan=\"2\">6,5<\/td>\n<td>37,0<\/td>\n<td>6,1<\/td>\n<td>33,0<\/td>\n<td>22<\/td>\n<\/tr>\n<tr>\n<td colspan=\"15\" width=\"122\">GH &#8211; 2143 &#8211; 3<\/td>\n<td colspan=\"2\">10<\/td>\n<td colspan=\"2\" width=\"57\">3\/8<\/td>\n<td width=\"73\">1\/2 &#8211; 14<\/td>\n<td colspan=\"2\">6,5<\/td>\n<td>40,5<\/td>\n<td>4,5<\/td>\n<td>36,5<\/td>\n<td>27<\/td>\n<\/tr>\n<tr>\n<td colspan=\"15\" width=\"122\">GH &#8211; 2154 &#8211; 3<\/td>\n<td colspan=\"2\">12<\/td>\n<td colspan=\"2\" width=\"57\">1\/2<\/td>\n<td width=\"73\">3\/8 &#8211; 19<\/td>\n<td colspan=\"2\">9,0<\/td>\n<td>50,0<\/td>\n<td>6,1<\/td>\n<td>43,0<\/td>\n<td>22<\/td>\n<\/tr>\n<tr>\n<td colspan=\"15\" width=\"122\">GH &#8211; 2150 &#8211; 3<\/td>\n<td colspan=\"2\">12<\/td>\n<td colspan=\"2\" width=\"57\">1\/2<\/td>\n<td width=\"73\">1\/2 &#8211; 14<\/td>\n<td colspan=\"2\">9,0<\/td>\n<td>42,5<\/td>\n<td>6,5<\/td>\n<td>41,0<\/td>\n<td>27<\/td>\n<\/tr>\n<tr>\n<td colspan=\"15\" width=\"122\">GH &#8211; 2153 &#8211; 3<\/td>\n<td colspan=\"2\">12<\/td>\n<td colspan=\"2\" width=\"57\">1\/2<\/td>\n<td width=\"73\">5\/8 &#8211; 14<\/td>\n<td colspan=\"2\">9,0<\/td>\n<td>54,0<\/td>\n<td>9,5<\/td>\n<td>49,5<\/td>\n<td>27<\/td>\n<\/tr>\n<tr>\n<td colspan=\"15\" width=\"122\">GH &#8211; 2152 &#8211; 3<\/td>\n<td colspan=\"2\">12<\/td>\n<td colspan=\"2\" width=\"57\">1\/2<\/td>\n<td width=\"73\">3\/4 &#8211; 14<\/td>\n<td colspan=\"2\">9,0<\/td>\n<td>54,0<\/td>\n<td>7,0<\/td>\n<td>51,0<\/td>\n<td>32<\/td>\n<\/tr>\n<tr>\n<td colspan=\"15\" width=\"122\">GH &#8211; 2163 &#8211; 3<\/td>\n<td colspan=\"2\">16<\/td>\n<td colspan=\"2\" width=\"57\">5\/8<\/td>\n<td width=\"73\">1\/2 &#8211; 14<\/td>\n<td colspan=\"2\">11,5<\/td>\n<td>48,0<\/td>\n<td>4,5<\/td>\n<td>55,0<\/td>\n<td>27<\/td>\n<\/tr>\n<tr>\n<td colspan=\"15\" width=\"122\">GH &#8211; 2161 &#8211; 3<\/td>\n<td colspan=\"2\">16<\/td>\n<td colspan=\"2\" width=\"57\">5\/8<\/td>\n<td width=\"73\">5\/8 &#8211; 14<\/td>\n<td colspan=\"2\">11,5<\/td>\n<td>51,5<\/td>\n<td>9,5<\/td>\n<td>54,5<\/td>\n<td>27<\/td>\n<\/tr>\n<tr>\n<td colspan=\"15\" width=\"122\">GH &#8211; 2162 &#8211; 3<\/td>\n<td colspan=\"2\">16<\/td>\n<td colspan=\"2\" width=\"57\">5\/8<\/td>\n<td width=\"73\">3\/4 &#8211; 14<\/td>\n<td colspan=\"2\">11,5<\/td>\n<td>56,0<\/td>\n<td>7,0<\/td>\n<td>58,5<\/td>\n<td>32<\/td>\n<\/tr>\n<tr>\n<td colspan=\"15\" width=\"122\">GH &#8211; 2171 &#8211; 3<\/td>\n<td colspan=\"2\">19<\/td>\n<td colspan=\"2\" width=\"57\">3\/4<\/td>\n<td width=\"73\">3\/4 &#8211; 14<\/td>\n<td colspan=\"2\">14,5<\/td>\n<td>61,0<\/td>\n<td>7,0<\/td>\n<td>56,0<\/td>\n<td>32<\/td>\n<\/tr>\n<tr>\n<td colspan=\"15\" width=\"122\">GH &#8211; 2173 &#8211; 3<\/td>\n<td colspan=\"2\">19<\/td>\n<td colspan=\"2\" width=\"57\">3\/4<\/td>\n<td width=\"73\">1 &#8211; 11<\/td>\n<td colspan=\"2\">14,5<\/td>\n<td>61,0<\/td>\n<td>10,5<\/td>\n<td>73,5<\/td>\n<td>41<\/td>\n<\/tr>\n<tr>\n<td colspan=\"15\" width=\"122\">GH &#8211; 2180 &#8211; 3<\/td>\n<td colspan=\"2\">25<\/td>\n<td colspan=\"2\">1<\/td>\n<td width=\"73\">1 &#8211; 11<\/td>\n<td colspan=\"2\">18,5<\/td>\n<td>78,5<\/td>\n<td>10,5<\/td>\n<td>75,0<\/td>\n<td>41<\/td>\n<\/tr>\n<tr>\n<td colspan=\"15\" width=\"122\">GH &#8211; 2182 &#8211; 3<\/td>\n<td colspan=\"2\">25<\/td>\n<td colspan=\"2\">1<\/td>\n<td width=\"73\">1 1\/4 &#8211; 11<\/td>\n<td colspan=\"2\">18,5<\/td>\n<td>73,0<\/td>\n<td>10,5<\/td>\n<td>90,0<\/td>\n<td>50<\/td>\n<\/tr>\n<tr>\n<td colspan=\"15\" width=\"122\">GH &#8211; 2190 &#8211; 3<\/td>\n<td colspan=\"2\">31<\/td>\n<td colspan=\"2\" width=\"57\">1 1\/4<\/td>\n<td width=\"73\">1 1\/4 &#8211; 11<\/td>\n<td colspan=\"2\">25,0<\/td>\n<td>95,0<\/td>\n<td>10,5<\/td>\n<td>84,0<\/td>\n<td>50<\/td>\n<\/tr>\n<tr>\n<td colspan=\"15\" width=\"122\">GH &#8211; 2200 &#8211; 3<\/td>\n<td colspan=\"2\">38<\/td>\n<td colspan=\"2\" width=\"57\">1 1\/2<\/td>\n<td width=\"73\">1 1\/2 &#8211; 11<\/td>\n<td colspan=\"2\">29,5<\/td>\n<td>103,0<\/td>\n<td>12,5<\/td>\n<td>91,5<\/td>\n<td>55<\/td>\n<\/tr>\n<tr>\n<td colspan=\"15\" width=\"122\">GH &#8211; 2210 &#8211; 3<\/td>\n<td colspan=\"2\">51<\/td>\n<td colspan=\"2\">2<\/td>\n<td width=\"73\">2 &#8211; 11<\/td>\n<td colspan=\"2\">41,0<\/td>\n<td>129,0<\/td>\n<td>14,5<\/td>\n<td>124,5<\/td>\n<td>70<\/td>\n<\/tr>\n<\/tbody>\n<\/table>\n","protected":false},"excerpt":{"rendered":"<p>MALZEME KODU Part Ref. HORTUM \u00c7API Hose Bore D\u0130\u015e \u00d6L\u00c7\u00dcS\u00dc Thread BOYUT \u00d6L\u00c7\u00dcLER\u0130 mm Dimensions in mm DN INCH T B A C E H 2 GH &#8211; 2110 &#8211; 3 5 3 1\/6 1\/8 &#8211; 28 3,0 32,0 5,5 30,0 14 GH &#8211; 2120 &#8211; 3 6 1\/4 1\/8 &#8211; 28 4,0 35,5 5,5 [&hellip;]<\/p>\n","protected":false},"author":1,"featured_media":7241,"parent":7066,"menu_order":0,"comment_status":"closed","ping_status":"closed","template":"","meta":[],"_links":{"self":[{"href":"https:\/\/www.guneshidrolik.com.tr\/index.php\/wp-json\/wp\/v2\/pages\/7239"}],"collection":[{"href":"https:\/\/www.guneshidrolik.com.tr\/index.php\/wp-json\/wp\/v2\/pages"}],"about":[{"href":"https:\/\/www.guneshidrolik.com.tr\/index.php\/wp-json\/wp\/v2\/types\/page"}],"author":[{"embeddable":true,"href":"https:\/\/www.guneshidrolik.com.tr\/index.php\/wp-json\/wp\/v2\/users\/1"}],"replies":[{"embeddable":true,"href":"https:\/\/www.guneshidrolik.com.tr\/index.php\/wp-json\/wp\/v2\/comments?post=7239"}],"version-history":[{"count":1,"href":"https:\/\/www.guneshidrolik.com.tr\/index.php\/wp-json\/wp\/v2\/pages\/7239\/revisions"}],"predecessor-version":[{"id":7242,"href":"https:\/\/www.guneshidrolik.com.tr\/index.php\/wp-json\/wp\/v2\/pages\/7239\/revisions\/7242"}],"up":[{"embeddable":true,"href":"https:\/\/www.guneshidrolik.com.tr\/index.php\/wp-json\/wp\/v2\/pages\/7066"}],"wp:featuredmedia":[{"embeddable":true,"href":"https:\/\/www.guneshidrolik.com.tr\/index.php\/wp-json\/wp\/v2\/media\/7241"}],"wp:attachment":[{"href":"https:\/\/www.guneshidrolik.com.tr\/index.php\/wp-json\/wp\/v2\/media?parent=7239"}],"curies":[{"name":"wp","href":"https:\/\/api.w.org\/{rel}","templated":true}]}}