{"id":7256,"date":"2018-08-07T15:53:33","date_gmt":"2018-08-07T12:53:33","guid":{"rendered":"http:\/\/alfatasarim.org\/guneshidrolik\/?page_id=7256"},"modified":"2018-08-07T15:53:57","modified_gmt":"2018-08-07T12:53:57","slug":"bsp-erkek-600-hortum-rakorlari","status":"publish","type":"page","link":"https:\/\/www.guneshidrolik.com.tr\/index.php\/duz-hortum-rakorlari\/bsp-erkek-600-hortum-rakorlari\/","title":{"rendered":"BSP ERKEK 60\u00b0 HORTUM RAKORLARI"},"content":{"rendered":"<p><img loading=\"lazy\" class=\"aligncenter wp-image-7257 size-full\" src=\"http:\/\/alfatasarim.org\/guneshidrolik\/wp-content\/uploads\/2018\/08\/urun00021.jpg\" alt=\"\" width=\"441\" height=\"294\" \/><\/p>\n<table class=\" aligncenter\" border=\"1px\" width=\"627\">\n<tbody>\n<tr>\n<td colspan=\"5\" rowspan=\"2\" width=\"145\">MALZEME KODU<br \/>\nPart Ref.<\/td>\n<td colspan=\"2\" width=\"116\">HORTUM \u0130\u00c7 \u00c7API<br \/>\nHose Bore<\/td>\n<td width=\"92\">D\u0130\u015e \u00d6L\u00c7\u00dcS\u00dc<br \/>\nThread<\/td>\n<td colspan=\"4\" width=\"274\">BOYUT \u00d6L\u00c7\u00dcLER\u0130 mm<br \/>\nDimensions in mm<\/td>\n<\/tr>\n<tr>\n<td width=\"57\">DN<\/td>\n<td width=\"59\">INCH<\/td>\n<td width=\"92\">T<\/td>\n<td width=\"69\">B<\/td>\n<td width=\"69\">A<\/td>\n<td width=\"67\">C<\/td>\n<td width=\"69\">H<br \/>\n2<\/td>\n<\/tr>\n<tr>\n<td colspan=\"5\" width=\"145\">GH &#8211; 2262 &#8211; 1<\/td>\n<td>6<\/td>\n<td width=\"59\">1\/4<\/td>\n<td width=\"92\">1\/4 &#8211; 19<\/td>\n<td>4,0<\/td>\n<td>25,5<\/td>\n<td>10,0<\/td>\n<td>17<\/td>\n<\/tr>\n<tr>\n<td colspan=\"5\" width=\"145\">GH &#8211; 2362 &#8211; 3<\/td>\n<td>6<\/td>\n<td width=\"59\">1\/4<\/td>\n<td width=\"92\">3\/8 &#8211; 19<\/td>\n<td>4,0<\/td>\n<td>28,0<\/td>\n<td>12,0<\/td>\n<td>22<\/td>\n<\/tr>\n<tr>\n<td colspan=\"5\" width=\"145\">GH &#8211; 2362 &#8211; 1<\/td>\n<td>8<\/td>\n<td width=\"59\">5\/16<\/td>\n<td width=\"92\">1\/4 &#8211; 19<\/td>\n<td>5,0<\/td>\n<td>25,5<\/td>\n<td>10,0<\/td>\n<td>17<\/td>\n<\/tr>\n<tr>\n<td colspan=\"5\" width=\"145\">GH &#8211; 2273 &#8211; 1<\/td>\n<td>8<\/td>\n<td width=\"59\">5\/16<\/td>\n<td width=\"92\">3\/8 &#8211; 19<\/td>\n<td>5,0<\/td>\n<td>28,0<\/td>\n<td>12,0<\/td>\n<td>22<\/td>\n<\/tr>\n<tr>\n<td colspan=\"5\" width=\"145\">GH &#8211; 2275 &#8211; 9<\/td>\n<td>8<\/td>\n<td width=\"59\">5\/16<\/td>\n<td width=\"92\">1\/2 &#8211; 14<\/td>\n<td>5,0<\/td>\n<td>34,0<\/td>\n<td>12,0<\/td>\n<td>27<\/td>\n<\/tr>\n<tr>\n<td colspan=\"5\" width=\"145\">GH &#8211; 2282 &#8211; 1<\/td>\n<td>10<\/td>\n<td width=\"59\">3\/8<\/td>\n<td width=\"92\">3\/8 &#8211; 19<\/td>\n<td>6,5<\/td>\n<td>28,5<\/td>\n<td>12,0<\/td>\n<td>22<\/td>\n<\/tr>\n<tr>\n<td colspan=\"5\" width=\"145\">GH &#8211; 2283 &#8211; 1<\/td>\n<td>10<\/td>\n<td width=\"59\">3\/8<\/td>\n<td width=\"92\">1\/2 &#8211; 14<\/td>\n<td>6,5<\/td>\n<td>32,0<\/td>\n<td>14,5<\/td>\n<td>27<\/td>\n<\/tr>\n<tr>\n<td colspan=\"5\" width=\"145\">GH &#8211; 2292 &#8211; 2<\/td>\n<td>12<\/td>\n<td width=\"59\">1\/2<\/td>\n<td width=\"92\">3\/8 &#8211; 19<\/td>\n<td>9,0<\/td>\n<td>27,0<\/td>\n<td>12,0<\/td>\n<td>22<\/td>\n<\/tr>\n<tr>\n<td colspan=\"5\" width=\"145\">GH &#8211; 2292 &#8211; 1<\/td>\n<td>12<\/td>\n<td width=\"59\">1\/2<\/td>\n<td width=\"92\">1\/2 &#8211; 14<\/td>\n<td>9,0<\/td>\n<td>33,0<\/td>\n<td>14,5<\/td>\n<td>27<\/td>\n<\/tr>\n<tr>\n<td colspan=\"5\" width=\"145\">GH &#8211; 2380<\/td>\n<td>12<\/td>\n<td width=\"59\">1\/2<\/td>\n<td width=\"92\">5\/8 &#8211; 14<\/td>\n<td>9,0<\/td>\n<td>32,0<\/td>\n<td>14,5<\/td>\n<td>27<\/td>\n<\/tr>\n<tr>\n<td colspan=\"5\" width=\"145\">GH &#8211; 2292 &#8211; 3<\/td>\n<td>12<\/td>\n<td width=\"59\">1\/2<\/td>\n<td width=\"92\">3\/4 &#8211; 14<\/td>\n<td>9,0<\/td>\n<td>32,0<\/td>\n<td>15,5<\/td>\n<td>32<\/td>\n<\/tr>\n<tr>\n<td colspan=\"5\" width=\"145\">GH &#8211; 2300 &#8211; 2<\/td>\n<td>16<\/td>\n<td width=\"59\">5\/8<\/td>\n<td width=\"92\">1\/2 &#8211; 14<\/td>\n<td>11,5<\/td>\n<td>32,0<\/td>\n<td>14,5<\/td>\n<td>27<\/td>\n<\/tr>\n<tr>\n<td colspan=\"5\" width=\"145\">GH &#8211; 2379<\/td>\n<td>16<\/td>\n<td width=\"59\">5\/8<\/td>\n<td width=\"92\">5\/8 &#8211; 14<\/td>\n<td>11,5<\/td>\n<td>32,0<\/td>\n<td>14,5<\/td>\n<td>27<\/td>\n<\/tr>\n<tr>\n<td colspan=\"5\" width=\"145\">GH &#8211; 2300 &#8211; 1<\/td>\n<td>16<\/td>\n<td width=\"59\">5\/8<\/td>\n<td width=\"92\">3\/4 &#8211; 14<\/td>\n<td>11,5<\/td>\n<td>37,0<\/td>\n<td>15,5<\/td>\n<td>32<\/td>\n<\/tr>\n<tr>\n<td colspan=\"5\" width=\"145\">GH &#8211; 2311 &#8211; 4<\/td>\n<td>19<\/td>\n<td width=\"59\">3\/4<\/td>\n<td width=\"92\">3\/4 &#8211; 14<\/td>\n<td>14,5<\/td>\n<td>37,5<\/td>\n<td>15,5<\/td>\n<td>32<\/td>\n<\/tr>\n<tr>\n<td colspan=\"5\" width=\"145\">GH &#8211; 2317 &#8211; 1<\/td>\n<td>19<\/td>\n<td width=\"59\">3\/4<\/td>\n<td width=\"92\">1 &#8211; 11<\/td>\n<td>14,5<\/td>\n<td>41,5<\/td>\n<td>18,0<\/td>\n<td>41<\/td>\n<\/tr>\n<tr>\n<td colspan=\"5\" width=\"145\">GH &#8211; 2321 &#8211; 1<\/td>\n<td>25<\/td>\n<td>1<\/td>\n<td width=\"92\">1 &#8211; 11<\/td>\n<td>18,5<\/td>\n<td>42,0<\/td>\n<td>18,0<\/td>\n<td>41<\/td>\n<\/tr>\n<tr>\n<td colspan=\"5\" width=\"145\">GH &#8211; 2330 &#8211; 5<\/td>\n<td>25<\/td>\n<td>1<\/td>\n<td width=\"92\">1 1\/4 &#8211; 11<\/td>\n<td>18,5<\/td>\n<td>44,5<\/td>\n<td>20,5<\/td>\n<td>46<\/td>\n<\/tr>\n<tr>\n<td colspan=\"5\" width=\"145\">GH &#8211; 2331 &#8211; 1<\/td>\n<td>31<\/td>\n<td width=\"59\">1 1\/4<\/td>\n<td width=\"92\">1 1\/4 &#8211; 11<\/td>\n<td>25,0<\/td>\n<td>46,0<\/td>\n<td>20,5<\/td>\n<td>46<\/td>\n<\/tr>\n<tr>\n<td colspan=\"5\" width=\"145\">GH &#8211; 2341 &#8211; 2<\/td>\n<td>38<\/td>\n<td width=\"59\">1 1\/2<\/td>\n<td width=\"92\">1 1\/2 &#8211; 11<\/td>\n<td>29,5<\/td>\n<td>48,0<\/td>\n<td>21,0<\/td>\n<td>55<\/td>\n<\/tr>\n<tr>\n<td colspan=\"5\" width=\"145\">GH &#8211; 2350 &#8211; 1<\/td>\n<td>51<\/td>\n<td>2<\/td>\n<td width=\"92\">2 &#8211; 11<\/td>\n<td>41,0<\/td>\n<td>58,0<\/td>\n<td>22,5<\/td>\n<td>65<\/td>\n<\/tr>\n<\/tbody>\n<\/table>\n","protected":false},"excerpt":{"rendered":"<p>MALZEME KODU Part Ref. HORTUM \u0130\u00c7 \u00c7API Hose Bore D\u0130\u015e \u00d6L\u00c7\u00dcS\u00dc Thread BOYUT \u00d6L\u00c7\u00dcLER\u0130 mm Dimensions in mm DN INCH T B A C H 2 GH &#8211; 2262 &#8211; 1 6 1\/4 1\/4 &#8211; 19 4,0 25,5 10,0 17 GH &#8211; 2362 &#8211; 3 6 1\/4 3\/8 &#8211; 19 4,0 28,0 12,0 22 GH [&hellip;]<\/p>\n","protected":false},"author":1,"featured_media":7257,"parent":7066,"menu_order":0,"comment_status":"closed","ping_status":"closed","template":"","meta":[],"_links":{"self":[{"href":"https:\/\/www.guneshidrolik.com.tr\/index.php\/wp-json\/wp\/v2\/pages\/7256"}],"collection":[{"href":"https:\/\/www.guneshidrolik.com.tr\/index.php\/wp-json\/wp\/v2\/pages"}],"about":[{"href":"https:\/\/www.guneshidrolik.com.tr\/index.php\/wp-json\/wp\/v2\/types\/page"}],"author":[{"embeddable":true,"href":"https:\/\/www.guneshidrolik.com.tr\/index.php\/wp-json\/wp\/v2\/users\/1"}],"replies":[{"embeddable":true,"href":"https:\/\/www.guneshidrolik.com.tr\/index.php\/wp-json\/wp\/v2\/comments?post=7256"}],"version-history":[{"count":2,"href":"https:\/\/www.guneshidrolik.com.tr\/index.php\/wp-json\/wp\/v2\/pages\/7256\/revisions"}],"predecessor-version":[{"id":7260,"href":"https:\/\/www.guneshidrolik.com.tr\/index.php\/wp-json\/wp\/v2\/pages\/7256\/revisions\/7260"}],"up":[{"embeddable":true,"href":"https:\/\/www.guneshidrolik.com.tr\/index.php\/wp-json\/wp\/v2\/pages\/7066"}],"wp:featuredmedia":[{"embeddable":true,"href":"https:\/\/www.guneshidrolik.com.tr\/index.php\/wp-json\/wp\/v2\/media\/7257"}],"wp:attachment":[{"href":"https:\/\/www.guneshidrolik.com.tr\/index.php\/wp-json\/wp\/v2\/media?parent=7256"}],"curies":[{"name":"wp","href":"https:\/\/api.w.org\/{rel}","templated":true}]}}