{"id":7270,"date":"2018-08-07T15:59:19","date_gmt":"2018-08-07T12:59:19","guid":{"rendered":"http:\/\/alfatasarim.org\/guneshidrolik\/?page_id=7270"},"modified":"2018-08-07T15:59:19","modified_gmt":"2018-08-07T12:59:19","slug":"unf-somunlu-45-hortum-rakorlari","status":"publish","type":"page","link":"https:\/\/www.guneshidrolik.com.tr\/index.php\/duz-hortum-rakorlari\/unf-somunlu-45-hortum-rakorlari\/","title":{"rendered":"UNF SOMUNLU 45\u00b0 HORTUM RAKORLARI"},"content":{"rendered":"<p><img loading=\"lazy\" class=\"aligncenter wp-image-7271 size-full\" src=\"http:\/\/alfatasarim.org\/guneshidrolik\/wp-content\/uploads\/2018\/08\/urun00024.jpg\" alt=\"\" width=\"441\" height=\"294\" \/><\/p>\n<table class=\" aligncenter\" border=\"1px\" width=\"631\">\n<tbody>\n<tr>\n<td colspan=\"3\" rowspan=\"2\" width=\"146\">MALZEME KODU<br \/>\nPart Ref.<\/td>\n<td colspan=\"2\" width=\"116\">HORTUM<br \/>\n\u0130\u00c7 \u00c7API<br \/>\nHose Bore<\/td>\n<td width=\"84\">D\u0130\u015e<br \/>\n\u00d6L\u00c7\u00dcS\u00dc<br \/>\nThread<\/td>\n<td colspan=\"5\" width=\"285\">BOYUT \u00d6L\u00c7\u00dcLER\u0130 mm<br \/>\nDimensions in mm<\/td>\n<\/tr>\n<tr>\n<td width=\"57\">DN<\/td>\n<td width=\"59\">INCH<\/td>\n<td width=\"84\">T<\/td>\n<td width=\"57\">B<\/td>\n<td width=\"63\">A<\/td>\n<td width=\"59\">C<\/td>\n<td width=\"59\">E<\/td>\n<td width=\"47\">H<br \/>\n2<\/td>\n<\/tr>\n<tr>\n<td colspan=\"3\" width=\"146\">GH &#8211; 1250 &#8211; 2<\/td>\n<td>5<\/td>\n<td width=\"59\">3\/16<\/td>\n<td width=\"84\">7\/16 &#8211; 20<\/td>\n<td>3,0<\/td>\n<td>45<\/td>\n<td>8,7<\/td>\n<td>18,0<\/td>\n<td>14<\/td>\n<\/tr>\n<tr>\n<td colspan=\"3\" width=\"146\">GH &#8211; 1260 &#8211; 2<\/td>\n<td>6<\/td>\n<td width=\"59\">1\/4<\/td>\n<td width=\"84\">7\/16 &#8211; 20<\/td>\n<td>4,0<\/td>\n<td>49,5<\/td>\n<td>8,7<\/td>\n<td>20,0<\/td>\n<td>17<\/td>\n<\/tr>\n<tr>\n<td colspan=\"3\" width=\"146\">GH &#8211; 1261 &#8211; 2<\/td>\n<td>6<\/td>\n<td width=\"59\">1\/4<\/td>\n<td width=\"84\">1\/2 &#8211; 20<\/td>\n<td>4,0<\/td>\n<td>45,5<\/td>\n<td>9,5<\/td>\n<td>19,0<\/td>\n<td>17<\/td>\n<\/tr>\n<tr>\n<td colspan=\"3\" width=\"146\">GH &#8211; 1262 &#8211; 2<\/td>\n<td>6<\/td>\n<td width=\"59\">1\/4<\/td>\n<td width=\"84\">9\/16 &#8211; 18<\/td>\n<td>4,0<\/td>\n<td>46,0<\/td>\n<td>9,5<\/td>\n<td>22,0<\/td>\n<td>19<\/td>\n<\/tr>\n<tr>\n<td colspan=\"3\" width=\"146\">GH &#8211; 1270 &#8211; 2<\/td>\n<td>8<\/td>\n<td width=\"59\">5\/16<\/td>\n<td width=\"84\">1\/2 &#8211; 20<\/td>\n<td>5,0<\/td>\n<td>45,5<\/td>\n<td>9,5<\/td>\n<td>19,0<\/td>\n<td>17<\/td>\n<\/tr>\n<tr>\n<td colspan=\"3\" width=\"146\">GH &#8211; 1271 &#8211; 2<\/td>\n<td>8<\/td>\n<td width=\"59\">5\/16<\/td>\n<td width=\"84\">9\/16 &#8211; 18<\/td>\n<td>5,0<\/td>\n<td>45,0<\/td>\n<td>9,5<\/td>\n<td>18,5<\/td>\n<td>19<\/td>\n<\/tr>\n<tr>\n<td colspan=\"3\" width=\"146\">GH &#8211; 1272 &#8211; 2<\/td>\n<td>8<\/td>\n<td width=\"59\">5\/16<\/td>\n<td width=\"84\">5\/8 &#8211; 18<\/td>\n<td>5,0<\/td>\n<td>50,5<\/td>\n<td>10,6<\/td>\n<td>23,0<\/td>\n<td>22<\/td>\n<\/tr>\n<tr>\n<td colspan=\"3\" width=\"146\">GH &#8211; 1273 &#8211; 2<\/td>\n<td>8<\/td>\n<td width=\"59\">5\/16<\/td>\n<td width=\"84\">3\/4 &#8211; 16<\/td>\n<td>5,0<\/td>\n<td>50,5<\/td>\n<td>10,1<\/td>\n<td>23,0<\/td>\n<td>24<\/td>\n<\/tr>\n<tr>\n<td colspan=\"3\" width=\"146\">GH &#8211; 1280 &#8211; 2<\/td>\n<td>10<\/td>\n<td width=\"59\">3\/8<\/td>\n<td width=\"84\">9\/16 &#8211; 18<\/td>\n<td>6,5<\/td>\n<td>52,0<\/td>\n<td>9,5<\/td>\n<td>17,0<\/td>\n<td>19<\/td>\n<\/tr>\n<tr>\n<td colspan=\"3\" width=\"146\">GH &#8211; 1281 &#8211; 2<\/td>\n<td>10<\/td>\n<td width=\"59\">3\/8<\/td>\n<td width=\"84\">5\/8 &#8211; 18<\/td>\n<td>6,5<\/td>\n<td>53,0<\/td>\n<td>10,6<\/td>\n<td>20,5<\/td>\n<td>22<\/td>\n<\/tr>\n<tr>\n<td colspan=\"3\" width=\"146\">GH &#8211; 1282 &#8211; 2<\/td>\n<td>10<\/td>\n<td width=\"59\">3\/8<\/td>\n<td width=\"84\">3\/4 &#8211; 16<\/td>\n<td>6,5<\/td>\n<td>52,5<\/td>\n<td>10,1<\/td>\n<td>24,5<\/td>\n<td>24<\/td>\n<\/tr>\n<tr>\n<td colspan=\"3\" width=\"146\">GH &#8211; 1283 &#8211; 2<\/td>\n<td>10<\/td>\n<td width=\"59\">3\/8<\/td>\n<td width=\"84\">7\/8 &#8211; 14<\/td>\n<td>6,5<\/td>\n<td>58,0<\/td>\n<td>12,7<\/td>\n<td>37,0<\/td>\n<td>27<\/td>\n<\/tr>\n<tr>\n<td colspan=\"3\" width=\"146\">GH &#8211; 1290 &#8211; 2<\/td>\n<td>12<\/td>\n<td width=\"59\">1\/2<\/td>\n<td width=\"84\">3\/4 &#8211; 16<\/td>\n<td>9,0<\/td>\n<td>71,0<\/td>\n<td>10,1<\/td>\n<td>20,0<\/td>\n<td>24<\/td>\n<\/tr>\n<tr>\n<td colspan=\"3\" width=\"146\">GH &#8211; 1291 &#8211; 2<\/td>\n<td>12<\/td>\n<td width=\"59\">1\/2<\/td>\n<td width=\"84\">7\/8 &#8211; 14<\/td>\n<td>9,0<\/td>\n<td>71,0<\/td>\n<td>12,7<\/td>\n<td>27,0<\/td>\n<td>27<\/td>\n<\/tr>\n<tr>\n<td colspan=\"3\" width=\"146\">GH &#8211; 1292 &#8211; 2<\/td>\n<td>12<\/td>\n<td width=\"59\">1\/2<\/td>\n<td width=\"84\">1 1\/16 &#8211; 12<\/td>\n<td>9,0<\/td>\n<td>71,0<\/td>\n<td>14,3<\/td>\n<td>31,0<\/td>\n<td>32<\/td>\n<\/tr>\n<tr>\n<td colspan=\"3\" width=\"146\">GH &#8211; 1300 &#8211; 2<\/td>\n<td>16<\/td>\n<td width=\"59\">5\/8<\/td>\n<td width=\"84\">7\/8 &#8211; 14<\/td>\n<td>11,5<\/td>\n<td>74,0<\/td>\n<td>12,7<\/td>\n<td>31,0<\/td>\n<td>27<\/td>\n<\/tr>\n<tr>\n<td colspan=\"3\" width=\"146\">GH &#8211; 1301 &#8211; 2<\/td>\n<td>16<\/td>\n<td width=\"59\">5\/8<\/td>\n<td width=\"84\">1 1\/16 &#8211; 12<\/td>\n<td>11,5<\/td>\n<td>71,0<\/td>\n<td>14,3<\/td>\n<td>30,0<\/td>\n<td>32<\/td>\n<\/tr>\n<tr>\n<td colspan=\"3\" width=\"146\">GH &#8211; 1310 &#8211; 2<\/td>\n<td>19<\/td>\n<td width=\"59\">3\/4<\/td>\n<td width=\"84\">1 1\/16 &#8211; 12<\/td>\n<td>14,5<\/td>\n<td>89,0<\/td>\n<td>14,3<\/td>\n<td>29,0<\/td>\n<td>32<\/td>\n<\/tr>\n<tr>\n<td colspan=\"3\" width=\"146\">GH &#8211; 1311 &#8211; 2<\/td>\n<td>19<\/td>\n<td width=\"59\">3\/4<\/td>\n<td width=\"84\">1 5\/16 &#8211; 12<\/td>\n<td>14,5<\/td>\n<td>92,0<\/td>\n<td>15,1<\/td>\n<td>45,0<\/td>\n<td>41<\/td>\n<\/tr>\n<tr>\n<td colspan=\"3\" width=\"146\">GH &#8211; 1320 &#8211; 1T &#8211; 4<\/td>\n<td>25<\/td>\n<td>1<\/td>\n<td width=\"84\">1 1\/16 &#8211; 12<\/td>\n<td>18,5<\/td>\n<td>90,0<\/td>\n<td>14,3<\/td>\n<td>35,0<\/td>\n<td>32<\/td>\n<\/tr>\n<tr>\n<td colspan=\"3\" width=\"146\">GH &#8211; 1320 &#8211; 2<\/td>\n<td>25<\/td>\n<td>1<\/td>\n<td width=\"84\">1 5\/16 &#8211; 12<\/td>\n<td>18,5<\/td>\n<td>112,0<\/td>\n<td>15,1<\/td>\n<td>43,5<\/td>\n<td>41<\/td>\n<\/tr>\n<tr>\n<td colspan=\"3\" width=\"146\">GH &#8211; 1330 &#8211; 2<\/td>\n<td>31<\/td>\n<td width=\"59\">1 1\/4<\/td>\n<td width=\"84\">1 5\/18 &#8211; 12<\/td>\n<td>24,5<\/td>\n<td>116,0<\/td>\n<td>15,9<\/td>\n<td>50,0<\/td>\n<td>50<\/td>\n<\/tr>\n<tr>\n<td colspan=\"3\" width=\"146\">GH &#8211; 1340 &#8211; 2<\/td>\n<td>38<\/td>\n<td width=\"59\">1 1\/2<\/td>\n<td width=\"84\">1 7\/8 &#8211; 12<\/td>\n<td>29,0<\/td>\n<td>120,0<\/td>\n<td>18,6<\/td>\n<td>45,0<\/td>\n<td>55<\/td>\n<\/tr>\n<tr>\n<td colspan=\"3\" width=\"146\">GH &#8211; 1341 &#8211; 2<\/td>\n<td>51<\/td>\n<td>2<\/td>\n<td width=\"84\">2 1\/2 &#8211; 12<\/td>\n<td>41,0<\/td>\n<td>195,0<\/td>\n<td>23,8<\/td>\n<td>55,0<\/td>\n<td>70<\/td>\n<\/tr>\n<\/tbody>\n<\/table>\n","protected":false},"excerpt":{"rendered":"<p>MALZEME KODU Part Ref. HORTUM \u0130\u00c7 \u00c7API Hose Bore D\u0130\u015e \u00d6L\u00c7\u00dcS\u00dc Thread BOYUT \u00d6L\u00c7\u00dcLER\u0130 mm Dimensions in mm DN INCH T B A C E H 2 GH &#8211; 1250 &#8211; 2 5 3\/16 7\/16 &#8211; 20 3,0 45 8,7 18,0 14 GH &#8211; 1260 &#8211; 2 6 1\/4 7\/16 &#8211; 20 4,0 49,5 8,7 [&hellip;]<\/p>\n","protected":false},"author":1,"featured_media":7271,"parent":7066,"menu_order":0,"comment_status":"closed","ping_status":"closed","template":"","meta":[],"_links":{"self":[{"href":"https:\/\/www.guneshidrolik.com.tr\/index.php\/wp-json\/wp\/v2\/pages\/7270"}],"collection":[{"href":"https:\/\/www.guneshidrolik.com.tr\/index.php\/wp-json\/wp\/v2\/pages"}],"about":[{"href":"https:\/\/www.guneshidrolik.com.tr\/index.php\/wp-json\/wp\/v2\/types\/page"}],"author":[{"embeddable":true,"href":"https:\/\/www.guneshidrolik.com.tr\/index.php\/wp-json\/wp\/v2\/users\/1"}],"replies":[{"embeddable":true,"href":"https:\/\/www.guneshidrolik.com.tr\/index.php\/wp-json\/wp\/v2\/comments?post=7270"}],"version-history":[{"count":1,"href":"https:\/\/www.guneshidrolik.com.tr\/index.php\/wp-json\/wp\/v2\/pages\/7270\/revisions"}],"predecessor-version":[{"id":7272,"href":"https:\/\/www.guneshidrolik.com.tr\/index.php\/wp-json\/wp\/v2\/pages\/7270\/revisions\/7272"}],"up":[{"embeddable":true,"href":"https:\/\/www.guneshidrolik.com.tr\/index.php\/wp-json\/wp\/v2\/pages\/7066"}],"wp:featuredmedia":[{"embeddable":true,"href":"https:\/\/www.guneshidrolik.com.tr\/index.php\/wp-json\/wp\/v2\/media\/7271"}],"wp:attachment":[{"href":"https:\/\/www.guneshidrolik.com.tr\/index.php\/wp-json\/wp\/v2\/media?parent=7270"}],"curies":[{"name":"wp","href":"https:\/\/api.w.org\/{rel}","templated":true}]}}