{"id":7274,"date":"2018-08-07T16:01:23","date_gmt":"2018-08-07T13:01:23","guid":{"rendered":"http:\/\/alfatasarim.org\/guneshidrolik\/?page_id=7274"},"modified":"2018-08-07T16:01:23","modified_gmt":"2018-08-07T13:01:23","slug":"unf-somunlu-90-hortum-rakorlari","status":"publish","type":"page","link":"https:\/\/www.guneshidrolik.com.tr\/index.php\/duz-hortum-rakorlari\/unf-somunlu-90-hortum-rakorlari\/","title":{"rendered":"UNF SOMUNLU 90\u00b0 HORTUM RAKORLARI"},"content":{"rendered":"<p><img loading=\"lazy\" class=\"aligncenter wp-image-7275 size-full\" src=\"http:\/\/alfatasarim.org\/guneshidrolik\/wp-content\/uploads\/2018\/08\/urun00025.jpg\" alt=\"\" width=\"441\" height=\"294\" \/><\/p>\n<table class=\" aligncenter\" border=\"1px\" width=\"625\">\n<tbody>\n<tr>\n<td colspan=\"5\" rowspan=\"2\" width=\"144\">MALZEME KODU<br \/>\nPart Ref.<\/td>\n<td colspan=\"2\" width=\"116\">HORTUM<br \/>\n\u0130\u00c7 \u00c7API<br \/>\nHose Bore<\/td>\n<td width=\"85\">D\u0130\u015e<br \/>\n\u00d6L\u00c7\u00dcS\u00dc<br \/>\nThread<\/td>\n<td colspan=\"5\" width=\"280\">BOYUT \u00d6L\u00c7\u00dcLER\u0130 mm<br \/>\nDimensions in mm<\/td>\n<\/tr>\n<tr>\n<td width=\"57\">DN<\/td>\n<td width=\"59\">INCH<\/td>\n<td width=\"85\">T<\/td>\n<td width=\"52\">B<\/td>\n<td width=\"68\">A<\/td>\n<td width=\"53\">C<\/td>\n<td width=\"60\">E<\/td>\n<td width=\"47\">H<br \/>\n2<\/td>\n<\/tr>\n<tr>\n<td colspan=\"5\" width=\"144\">GH &#8211; 1250 &#8211; 3<\/td>\n<td>5<\/td>\n<td width=\"59\">3\/16<\/td>\n<td width=\"85\">7\/16 &#8211; 20<\/td>\n<td>3,0<\/td>\n<td>34,0<\/td>\n<td>8,7<\/td>\n<td>32<\/td>\n<td>14<\/td>\n<\/tr>\n<tr>\n<td colspan=\"5\" width=\"144\">GH &#8211; 1260 &#8211; 3<\/td>\n<td>6<\/td>\n<td width=\"59\">1\/4<\/td>\n<td width=\"85\">7\/16 &#8211; 20<\/td>\n<td>4,0<\/td>\n<td>37,0<\/td>\n<td>8,7<\/td>\n<td>34,5<\/td>\n<td>17<\/td>\n<\/tr>\n<tr>\n<td colspan=\"5\" width=\"144\">GH &#8211; 1261 &#8211; 3<\/td>\n<td>6<\/td>\n<td width=\"59\">1\/4<\/td>\n<td width=\"85\">1\/2 &#8211; 20<\/td>\n<td>4,0<\/td>\n<td>34,5<\/td>\n<td>9,5<\/td>\n<td>33,0<\/td>\n<td>17<\/td>\n<\/tr>\n<tr>\n<td colspan=\"5\" width=\"144\">GH &#8211; 1262 &#8211; 3<\/td>\n<td>6<\/td>\n<td width=\"59\">1\/4<\/td>\n<td width=\"85\">9\/16 &#8211; 18<\/td>\n<td>4,0<\/td>\n<td>32,0<\/td>\n<td>9,5<\/td>\n<td>36,0<\/td>\n<td>19<\/td>\n<\/tr>\n<tr>\n<td colspan=\"5\" width=\"144\">GH &#8211; 1270 &#8211; 3<\/td>\n<td>8<\/td>\n<td width=\"59\">5\/16<\/td>\n<td width=\"85\">1\/2 &#8211; 20<\/td>\n<td>5,0<\/td>\n<td>34,5<\/td>\n<td>9,5<\/td>\n<td>33,0<\/td>\n<td>17<\/td>\n<\/tr>\n<tr>\n<td colspan=\"5\" width=\"144\">GH &#8211; 1271 &#8211; 3<\/td>\n<td>8<\/td>\n<td width=\"59\">5\/16<\/td>\n<td width=\"85\">9\/16 &#8211; 18<\/td>\n<td>5,0<\/td>\n<td>35,0<\/td>\n<td>9,5<\/td>\n<td>35,0<\/td>\n<td>19<\/td>\n<\/tr>\n<tr>\n<td colspan=\"5\" width=\"144\">GH &#8211; 1272 &#8211; 3<\/td>\n<td>8<\/td>\n<td width=\"59\">5\/16<\/td>\n<td width=\"85\">5\/8 &#8211; 18<\/td>\n<td>5,0<\/td>\n<td>35,0<\/td>\n<td>10,6<\/td>\n<td>38,0<\/td>\n<td>22<\/td>\n<\/tr>\n<tr>\n<td colspan=\"5\" width=\"144\">GH &#8211; 1273 &#8211; 3<\/td>\n<td>8<\/td>\n<td width=\"59\">5\/16<\/td>\n<td width=\"85\">3\/4 &#8211; 16<\/td>\n<td>5,0<\/td>\n<td>33,0<\/td>\n<td>10,1<\/td>\n<td>38,0<\/td>\n<td>24<\/td>\n<\/tr>\n<tr>\n<td colspan=\"5\" width=\"144\">GH &#8211; 1280 &#8211; 3<\/td>\n<td>10<\/td>\n<td width=\"59\">3\/8<\/td>\n<td width=\"85\">9\/16 &#8211; 18<\/td>\n<td>6,5<\/td>\n<td>40,0<\/td>\n<td>9,5<\/td>\n<td>37,0<\/td>\n<td>19<\/td>\n<\/tr>\n<tr>\n<td colspan=\"5\" width=\"144\">GH &#8211; 1281 &#8211; 3<\/td>\n<td>10<\/td>\n<td width=\"59\">3\/8<\/td>\n<td width=\"85\">5\/8 &#8211; 18<\/td>\n<td>6,5<\/td>\n<td>39,0<\/td>\n<td>10,6<\/td>\n<td>38,0<\/td>\n<td>22<\/td>\n<\/tr>\n<tr>\n<td colspan=\"5\" width=\"144\">GH &#8211; 1282 &#8211; 3<\/td>\n<td>10<\/td>\n<td width=\"59\">3\/8<\/td>\n<td width=\"85\">3\/4 &#8211; 16<\/td>\n<td>6,5<\/td>\n<td>40,5<\/td>\n<td>10,1<\/td>\n<td>37,0<\/td>\n<td>24<\/td>\n<\/tr>\n<tr>\n<td colspan=\"5\" width=\"144\">GH &#8211; 1283 &#8211; 3<\/td>\n<td>10<\/td>\n<td width=\"59\">3\/8<\/td>\n<td width=\"85\">7\/8 &#8211; 14<\/td>\n<td>6,5<\/td>\n<td>40,0<\/td>\n<td>12,7<\/td>\n<td>39,0<\/td>\n<td>27<\/td>\n<\/tr>\n<tr>\n<td colspan=\"5\" width=\"144\">GH &#8211; 1290 &#8211; 3<\/td>\n<td>12<\/td>\n<td width=\"59\">1\/2<\/td>\n<td width=\"85\">3\/4 &#8211; 16<\/td>\n<td>9,0<\/td>\n<td>54,0<\/td>\n<td>10,1<\/td>\n<td>44,5<\/td>\n<td>24<\/td>\n<\/tr>\n<tr>\n<td colspan=\"5\" width=\"144\">GH &#8211; 1291 &#8211; 3<\/td>\n<td>12<\/td>\n<td width=\"59\">1\/2<\/td>\n<td width=\"85\">7\/8 &#8211; 14<\/td>\n<td>9,0<\/td>\n<td>50,5<\/td>\n<td>12,7<\/td>\n<td>43,0<\/td>\n<td>27<\/td>\n<\/tr>\n<tr>\n<td colspan=\"5\" width=\"144\">GH &#8211; 1292 &#8211; 3<\/td>\n<td>12<\/td>\n<td width=\"59\">1\/2<\/td>\n<td width=\"85\">1 1\/16 &#8211; 12<\/td>\n<td>9,0<\/td>\n<td>55,0<\/td>\n<td>14,3<\/td>\n<td>50,0<\/td>\n<td>32<\/td>\n<\/tr>\n<tr>\n<td colspan=\"5\" width=\"144\">GH &#8211; 1300 &#8211; 3<\/td>\n<td>16<\/td>\n<td width=\"59\">5\/8<\/td>\n<td width=\"85\">7\/8 &#8211; 14<\/td>\n<td>11,5<\/td>\n<td>52,0<\/td>\n<td>12,7<\/td>\n<td>52,0<\/td>\n<td>27<\/td>\n<\/tr>\n<tr>\n<td colspan=\"5\" width=\"144\">GH &#8211; 1301 &#8211; 3<\/td>\n<td>16<\/td>\n<td width=\"59\">5\/8<\/td>\n<td width=\"85\">1 1\/16 &#8211; 12<\/td>\n<td>11,5<\/td>\n<td>60,0<\/td>\n<td>14,3<\/td>\n<td>56,0<\/td>\n<td>32<\/td>\n<\/tr>\n<tr>\n<td colspan=\"5\" width=\"144\">GH &#8211; 1310 &#8211; 3<\/td>\n<td>19<\/td>\n<td width=\"59\">3\/4<\/td>\n<td width=\"85\">1 1\/16 &#8211; 12<\/td>\n<td>14,5<\/td>\n<td>61,0<\/td>\n<td>14,3<\/td>\n<td>57,5<\/td>\n<td>32<\/td>\n<\/tr>\n<tr>\n<td colspan=\"5\" width=\"144\">GH &#8211; 1311 &#8211; 3<\/td>\n<td>19<\/td>\n<td width=\"59\">3\/4<\/td>\n<td width=\"85\">1 5\/16 &#8211; 12<\/td>\n<td>14,5<\/td>\n<td>66,5<\/td>\n<td>15,1<\/td>\n<td>68,5<\/td>\n<td>41<\/td>\n<\/tr>\n<tr>\n<td colspan=\"5\" width=\"144\">GH &#8211; 1322 &#8211; 3<\/td>\n<td>25<\/td>\n<td>1<\/td>\n<td width=\"85\">1 1\/16 &#8211; 12<\/td>\n<td>18,5<\/td>\n<td>60,0<\/td>\n<td>14,3<\/td>\n<td>55,0<\/td>\n<td>32<\/td>\n<\/tr>\n<tr>\n<td colspan=\"5\" width=\"144\">GH &#8211; 1320 &#8211; 3<\/td>\n<td>25<\/td>\n<td>1<\/td>\n<td width=\"85\">1 5\/16 &#8211; 12<\/td>\n<td>18,5<\/td>\n<td>84,0<\/td>\n<td>15,1<\/td>\n<td>72,5<\/td>\n<td>41<\/td>\n<\/tr>\n<tr>\n<td colspan=\"5\" width=\"144\">GH &#8211; 1330 &#8211; 3<\/td>\n<td>31<\/td>\n<td width=\"59\">1 1\/4<\/td>\n<td width=\"85\">1 5\/8 &#8211; 12<\/td>\n<td>24,5<\/td>\n<td>92,0<\/td>\n<td>15,9<\/td>\n<td>87,0<\/td>\n<td>50<\/td>\n<\/tr>\n<tr>\n<td colspan=\"5\" width=\"144\">GH &#8211; 1340 &#8211; 3<\/td>\n<td>38<\/td>\n<td width=\"59\">1 1\/2<\/td>\n<td width=\"85\">1 7\/8 &#8211; 12<\/td>\n<td>29,0<\/td>\n<td>99,5<\/td>\n<td>18,6<\/td>\n<td>96,0<\/td>\n<td>55<\/td>\n<\/tr>\n<tr>\n<td colspan=\"5\" width=\"144\">GH &#8211; 1341 &#8211; 3<\/td>\n<td>51<\/td>\n<td>2<\/td>\n<td width=\"85\">2 1\/2 &#8211; 12<\/td>\n<td>41,0<\/td>\n<td>130,0<\/td>\n<td>23,8<\/td>\n<td>130,0<\/td>\n<td>70<\/td>\n<\/tr>\n<\/tbody>\n<\/table>\n","protected":false},"excerpt":{"rendered":"<p>MALZEME KODU Part Ref. HORTUM \u0130\u00c7 \u00c7API Hose Bore D\u0130\u015e \u00d6L\u00c7\u00dcS\u00dc Thread BOYUT \u00d6L\u00c7\u00dcLER\u0130 mm Dimensions in mm DN INCH T B A C E H 2 GH &#8211; 1250 &#8211; 3 5 3\/16 7\/16 &#8211; 20 3,0 34,0 8,7 32 14 GH &#8211; 1260 &#8211; 3 6 1\/4 7\/16 &#8211; 20 4,0 37,0 8,7 [&hellip;]<\/p>\n","protected":false},"author":1,"featured_media":7275,"parent":7066,"menu_order":0,"comment_status":"closed","ping_status":"closed","template":"","meta":[],"_links":{"self":[{"href":"https:\/\/www.guneshidrolik.com.tr\/index.php\/wp-json\/wp\/v2\/pages\/7274"}],"collection":[{"href":"https:\/\/www.guneshidrolik.com.tr\/index.php\/wp-json\/wp\/v2\/pages"}],"about":[{"href":"https:\/\/www.guneshidrolik.com.tr\/index.php\/wp-json\/wp\/v2\/types\/page"}],"author":[{"embeddable":true,"href":"https:\/\/www.guneshidrolik.com.tr\/index.php\/wp-json\/wp\/v2\/users\/1"}],"replies":[{"embeddable":true,"href":"https:\/\/www.guneshidrolik.com.tr\/index.php\/wp-json\/wp\/v2\/comments?post=7274"}],"version-history":[{"count":1,"href":"https:\/\/www.guneshidrolik.com.tr\/index.php\/wp-json\/wp\/v2\/pages\/7274\/revisions"}],"predecessor-version":[{"id":7276,"href":"https:\/\/www.guneshidrolik.com.tr\/index.php\/wp-json\/wp\/v2\/pages\/7274\/revisions\/7276"}],"up":[{"embeddable":true,"href":"https:\/\/www.guneshidrolik.com.tr\/index.php\/wp-json\/wp\/v2\/pages\/7066"}],"wp:featuredmedia":[{"embeddable":true,"href":"https:\/\/www.guneshidrolik.com.tr\/index.php\/wp-json\/wp\/v2\/media\/7275"}],"wp:attachment":[{"href":"https:\/\/www.guneshidrolik.com.tr\/index.php\/wp-json\/wp\/v2\/media?parent=7274"}],"curies":[{"name":"wp","href":"https:\/\/api.w.org\/{rel}","templated":true}]}}