{"id":7278,"date":"2018-08-07T16:03:03","date_gmt":"2018-08-07T13:03:03","guid":{"rendered":"http:\/\/alfatasarim.org\/guneshidrolik\/?page_id=7278"},"modified":"2018-08-07T16:03:03","modified_gmt":"2018-08-07T13:03:03","slug":"unf-erkek-hortum-rakorlari","status":"publish","type":"page","link":"https:\/\/www.guneshidrolik.com.tr\/index.php\/duz-hortum-rakorlari\/unf-erkek-hortum-rakorlari\/","title":{"rendered":"UNF ERKEK HORTUM RAKORLARI"},"content":{"rendered":"<p><img loading=\"lazy\" class=\"aligncenter wp-image-7279 size-full\" src=\"http:\/\/alfatasarim.org\/guneshidrolik\/wp-content\/uploads\/2018\/08\/urun00026.jpg\" alt=\"\" width=\"441\" height=\"294\" \/><\/p>\n<table class=\" aligncenter\" border=\"1px\" width=\"626\">\n<tbody>\n<tr>\n<td colspan=\"6\" rowspan=\"2\" width=\"151\">MALZEME KODU<br \/>\nPart Ref.<\/td>\n<td colspan=\"2\" width=\"129\">HORTUM<br \/>\n\u0130\u00c7 \u00c7API<br \/>\nHose Bore<\/td>\n<td width=\"105\">D\u0130\u015e<br \/>\n\u00d6L\u00c7\u00dcS\u00dc<br \/>\nThread<\/td>\n<td colspan=\"3\" width=\"241\">BOYUT \u00d6L\u00c7\u00dcLER\u0130 mm<br \/>\nDimensions in mm<\/td>\n<\/tr>\n<tr>\n<td width=\"64\">DN<\/td>\n<td width=\"65\">INCH<\/td>\n<td width=\"105\">T<\/td>\n<td width=\"84\">B<\/td>\n<td width=\"84\">A<\/td>\n<td width=\"73\">H<br \/>\n2<\/td>\n<\/tr>\n<tr>\n<td colspan=\"6\" width=\"151\">GH &#8211; 2266<\/td>\n<td>6<\/td>\n<td width=\"65\">1\/4<\/td>\n<td width=\"105\">7\/16 &#8211; 20<\/td>\n<td>4,0<\/td>\n<td>24,2<\/td>\n<td>12<\/td>\n<\/tr>\n<tr>\n<td colspan=\"6\" width=\"151\">GH &#8211; 2260<\/td>\n<td>6<\/td>\n<td width=\"65\">1\/4<\/td>\n<td width=\"105\">1\/2 &#8211; 20<\/td>\n<td>4,0<\/td>\n<td>28,2<\/td>\n<td>14<\/td>\n<\/tr>\n<tr>\n<td colspan=\"6\" width=\"151\">GH &#8211; 2266 &#8211; 1<\/td>\n<td>6<\/td>\n<td width=\"65\">1\/4<\/td>\n<td width=\"105\">9\/16 &#8211; 18<\/td>\n<td>4,0<\/td>\n<td>31,0<\/td>\n<td>17<\/td>\n<\/tr>\n<tr>\n<td colspan=\"6\" width=\"151\">GH &#8211; 2275 &#8211; 3<\/td>\n<td>8<\/td>\n<td width=\"65\">5\/16<\/td>\n<td width=\"105\">1\/2 &#8211; 20<\/td>\n<td>5,0<\/td>\n<td>28,0<\/td>\n<td>14<\/td>\n<\/tr>\n<tr>\n<td colspan=\"6\" width=\"151\">GH &#8211; 2276<\/td>\n<td>8<\/td>\n<td width=\"65\">5\/16<\/td>\n<td width=\"105\">9\/16 &#8211; 18<\/td>\n<td>5,0<\/td>\n<td>29,0<\/td>\n<td>17<\/td>\n<\/tr>\n<tr>\n<td colspan=\"6\" width=\"151\">GH &#8211; 2270<\/td>\n<td>8<\/td>\n<td width=\"65\">5\/16<\/td>\n<td width=\"105\">5\/8 &#8211; 18<\/td>\n<td>5,0<\/td>\n<td>30,0<\/td>\n<td>17<\/td>\n<\/tr>\n<tr>\n<td colspan=\"6\" width=\"151\">GH &#8211; 2277<\/td>\n<td>8<\/td>\n<td width=\"65\">5\/16<\/td>\n<td width=\"105\">3\/4 &#8211; 16<\/td>\n<td>5,0<\/td>\n<td>34,5<\/td>\n<td>19<\/td>\n<\/tr>\n<tr>\n<td colspan=\"6\" width=\"151\">GH &#8211; 2280<\/td>\n<td>10<\/td>\n<td width=\"65\">3\/8<\/td>\n<td width=\"105\">9\/16 &#8211; 18<\/td>\n<td>6,5<\/td>\n<td>31,0<\/td>\n<td>17<\/td>\n<\/tr>\n<tr>\n<td colspan=\"6\" width=\"151\">GH &#8211; 2279<\/td>\n<td>10<\/td>\n<td width=\"65\">3\/8<\/td>\n<td width=\"105\">5\/8 &#8211; 18<\/td>\n<td>6,5<\/td>\n<td>30,0<\/td>\n<td>17<\/td>\n<\/tr>\n<tr>\n<td colspan=\"6\" width=\"151\">GH &#8211; 2281<\/td>\n<td>10<\/td>\n<td width=\"65\">3\/8<\/td>\n<td width=\"105\">3\/4 &#8211; 16<\/td>\n<td>6,5<\/td>\n<td>36,0<\/td>\n<td>19<\/td>\n<\/tr>\n<tr>\n<td colspan=\"6\" width=\"151\">GH &#8211; 2281 &#8211; 1<\/td>\n<td>10<\/td>\n<td width=\"65\">3\/8<\/td>\n<td width=\"105\">7\/8 &#8211; 14<\/td>\n<td>6,5<\/td>\n<td>35,0<\/td>\n<td>22<\/td>\n<\/tr>\n<tr>\n<td colspan=\"6\" width=\"151\">GH &#8211; 2290<\/td>\n<td>12<\/td>\n<td width=\"65\">1\/2<\/td>\n<td width=\"105\">3\/4 &#8211; 16<\/td>\n<td>9,0<\/td>\n<td>36,5<\/td>\n<td>19<\/td>\n<\/tr>\n<tr>\n<td colspan=\"6\" width=\"151\">GH &#8211; 2291<\/td>\n<td>12<\/td>\n<td width=\"65\">1\/2<\/td>\n<td width=\"105\">7\/8 &#8211; 14<\/td>\n<td>9,0<\/td>\n<td>38,5<\/td>\n<td>22<\/td>\n<\/tr>\n<tr>\n<td colspan=\"6\" width=\"151\">GH &#8211; 2337<\/td>\n<td>12<\/td>\n<td width=\"65\">1\/2<\/td>\n<td width=\"105\">1 1\/16 &#8211; 12<\/td>\n<td>9,0<\/td>\n<td>43,0<\/td>\n<td>32<\/td>\n<\/tr>\n<tr>\n<td colspan=\"6\" width=\"151\">GH &#8211; 2309<\/td>\n<td>16<\/td>\n<td width=\"65\">5\/8<\/td>\n<td width=\"105\">7\/8 &#8211; 14<\/td>\n<td>11,5<\/td>\n<td>40,0<\/td>\n<td>24<\/td>\n<\/tr>\n<tr>\n<td colspan=\"6\" width=\"151\">GH &#8211; 2301<\/td>\n<td>16<\/td>\n<td width=\"65\">5\/8<\/td>\n<td width=\"105\">1 1\/16 &#8211; 12<\/td>\n<td>11,5<\/td>\n<td>44,0<\/td>\n<td>32<\/td>\n<\/tr>\n<tr>\n<td colspan=\"6\" width=\"151\">GH &#8211; 2310<\/td>\n<td>19<\/td>\n<td width=\"65\">3\/4<\/td>\n<td width=\"105\">1 1\/16 &#8211; 12<\/td>\n<td>14,5<\/td>\n<td>46,0<\/td>\n<td>32<\/td>\n<\/tr>\n<tr>\n<td colspan=\"6\" width=\"151\">GH &#8211; 2320 &#8211; 1<\/td>\n<td>25<\/td>\n<td>1<\/td>\n<td width=\"105\">1 1\/16 &#8211; 12<\/td>\n<td>18,5<\/td>\n<td>47,5<\/td>\n<td>32<\/td>\n<\/tr>\n<tr>\n<td colspan=\"6\" width=\"151\">GH &#8211; 2320<\/td>\n<td>25<\/td>\n<td>1<\/td>\n<td width=\"105\">1 5\/16 &#8211; 12<\/td>\n<td>18,5<\/td>\n<td>48,0<\/td>\n<td>36<\/td>\n<\/tr>\n<tr>\n<td colspan=\"6\" width=\"151\">GH &#8211; 2319<\/td>\n<td>25<\/td>\n<td>1<\/td>\n<td width=\"105\">1 5\/8 &#8211; 12<\/td>\n<td>18,5<\/td>\n<td>54,0<\/td>\n<td>46<\/td>\n<\/tr>\n<tr>\n<td colspan=\"6\" width=\"151\">GH &#8211; 2330<\/td>\n<td>31<\/td>\n<td width=\"65\">1 1\/4<\/td>\n<td width=\"105\">1 5\/8 &#8211; 12<\/td>\n<td>24,5<\/td>\n<td>55,0<\/td>\n<td>46<\/td>\n<\/tr>\n<tr>\n<td colspan=\"6\" width=\"151\">GH &#8211; 2340<\/td>\n<td>38<\/td>\n<td width=\"65\">1 1\/2<\/td>\n<td width=\"105\">1 7\/8 &#8211; 12<\/td>\n<td>29,0<\/td>\n<td>54,5<\/td>\n<td>50<\/td>\n<\/tr>\n<tr>\n<td colspan=\"6\" width=\"151\">GH &#8211; 2351<\/td>\n<td>51<\/td>\n<td>2<\/td>\n<td width=\"105\">2 1\/2 &#8211; 12<\/td>\n<td>41,0<\/td>\n<td>60,0<\/td>\n<td>70<\/td>\n<\/tr>\n<\/tbody>\n<\/table>\n","protected":false},"excerpt":{"rendered":"<p>MALZEME KODU Part Ref. HORTUM \u0130\u00c7 \u00c7API Hose Bore D\u0130\u015e \u00d6L\u00c7\u00dcS\u00dc Thread BOYUT \u00d6L\u00c7\u00dcLER\u0130 mm Dimensions in mm DN INCH T B A H 2 GH &#8211; 2266 6 1\/4 7\/16 &#8211; 20 4,0 24,2 12 GH &#8211; 2260 6 1\/4 1\/2 &#8211; 20 4,0 28,2 14 GH &#8211; 2266 &#8211; 1 6 1\/4 9\/16 [&hellip;]<\/p>\n","protected":false},"author":1,"featured_media":7279,"parent":7066,"menu_order":0,"comment_status":"closed","ping_status":"closed","template":"","meta":[],"_links":{"self":[{"href":"https:\/\/www.guneshidrolik.com.tr\/index.php\/wp-json\/wp\/v2\/pages\/7278"}],"collection":[{"href":"https:\/\/www.guneshidrolik.com.tr\/index.php\/wp-json\/wp\/v2\/pages"}],"about":[{"href":"https:\/\/www.guneshidrolik.com.tr\/index.php\/wp-json\/wp\/v2\/types\/page"}],"author":[{"embeddable":true,"href":"https:\/\/www.guneshidrolik.com.tr\/index.php\/wp-json\/wp\/v2\/users\/1"}],"replies":[{"embeddable":true,"href":"https:\/\/www.guneshidrolik.com.tr\/index.php\/wp-json\/wp\/v2\/comments?post=7278"}],"version-history":[{"count":1,"href":"https:\/\/www.guneshidrolik.com.tr\/index.php\/wp-json\/wp\/v2\/pages\/7278\/revisions"}],"predecessor-version":[{"id":7280,"href":"https:\/\/www.guneshidrolik.com.tr\/index.php\/wp-json\/wp\/v2\/pages\/7278\/revisions\/7280"}],"up":[{"embeddable":true,"href":"https:\/\/www.guneshidrolik.com.tr\/index.php\/wp-json\/wp\/v2\/pages\/7066"}],"wp:featuredmedia":[{"embeddable":true,"href":"https:\/\/www.guneshidrolik.com.tr\/index.php\/wp-json\/wp\/v2\/media\/7279"}],"wp:attachment":[{"href":"https:\/\/www.guneshidrolik.com.tr\/index.php\/wp-json\/wp\/v2\/media?parent=7278"}],"curies":[{"name":"wp","href":"https:\/\/api.w.org\/{rel}","templated":true}]}}