{"id":7290,"date":"2018-08-07T16:07:53","date_gmt":"2018-08-07T13:07:53","guid":{"rendered":"http:\/\/alfatasarim.org\/guneshidrolik\/?page_id=7290"},"modified":"2018-08-07T16:07:53","modified_gmt":"2018-08-07T13:07:53","slug":"orfs-somunlu-90-hortum-rakorlari","status":"publish","type":"page","link":"https:\/\/www.guneshidrolik.com.tr\/index.php\/duz-hortum-rakorlari\/orfs-somunlu-90-hortum-rakorlari\/","title":{"rendered":"ORFS SOMUNLU 90\u00b0 HORTUM RAKORLARI"},"content":{"rendered":"<p><img loading=\"lazy\" class=\"aligncenter wp-image-7291 size-full\" src=\"http:\/\/alfatasarim.org\/guneshidrolik\/wp-content\/uploads\/2018\/08\/urun00029.jpg\" alt=\"\" width=\"441\" height=\"294\" \/><\/p>\n<table class=\" aligncenter\" border=\"1px\" width=\"626\">\n<tbody>\n<tr>\n<td colspan=\"6\" rowspan=\"2\" width=\"123\">MALZEME KODU<br \/>\nPart Ref.<\/td>\n<td colspan=\"2\" width=\"116\">HORTUM \u00c7API<br \/>\nHose Bore<\/td>\n<td width=\"73\">D\u0130\u015e<br \/>\n\u00d6L\u00c7\u00dcS\u00dc<br \/>\nThread<\/td>\n<td colspan=\"5\" width=\"314\">BOYUT \u00d6L\u00c7\u00dcLER\u0130 mm<br \/>\nDimensions in mm<\/td>\n<\/tr>\n<tr>\n<td width=\"57\">DN<\/td>\n<td width=\"59\">INCH<\/td>\n<td width=\"73\">T<\/td>\n<td width=\"63\">B<\/td>\n<td width=\"63\">A<\/td>\n<td width=\"60\">C<\/td>\n<td width=\"65\">E<\/td>\n<td width=\"63\">H<br \/>\n2<\/td>\n<\/tr>\n<tr>\n<td colspan=\"6\" width=\"123\">GH &#8211; 2710 &#8211; 3<\/td>\n<td>6<\/td>\n<td width=\"59\">1\/4<\/td>\n<td width=\"73\">9\/16 &#8211; 18<\/td>\n<td>4,0<\/td>\n<td>33,0<\/td>\n<td>8,0<\/td>\n<td>28,5<\/td>\n<td>19<\/td>\n<\/tr>\n<tr>\n<td colspan=\"6\" width=\"123\">GH &#8211; 2720 &#8211; 3<\/td>\n<td>6<\/td>\n<td width=\"59\">1\/4<\/td>\n<td width=\"73\">11\/16 &#8211; 16<\/td>\n<td>4,0<\/td>\n<td>32,0<\/td>\n<td>8,0<\/td>\n<td>30,0<\/td>\n<td>22<\/td>\n<\/tr>\n<tr>\n<td colspan=\"6\" width=\"123\">GH &#8211; 2730 &#8211; 3<\/td>\n<td>8<\/td>\n<td width=\"59\">5\/16<\/td>\n<td width=\"73\">11\/16 &#8211; 16<\/td>\n<td>5,0<\/td>\n<td>38,0<\/td>\n<td>8,0<\/td>\n<td>37,0<\/td>\n<td>22<\/td>\n<\/tr>\n<tr>\n<td colspan=\"6\" width=\"123\">GH &#8211; 2740 &#8211; 3<\/td>\n<td>10<\/td>\n<td width=\"59\">3\/8<\/td>\n<td width=\"73\">11\/16 &#8211; 16<\/td>\n<td>6,5<\/td>\n<td>41,0<\/td>\n<td>8,0<\/td>\n<td>37,0<\/td>\n<td>22<\/td>\n<\/tr>\n<tr>\n<td colspan=\"6\" width=\"123\">GH &#8211; 2750 &#8211; 3<\/td>\n<td>10<\/td>\n<td width=\"59\">3\/8<\/td>\n<td width=\"73\">13\/16 &#8211; 16<\/td>\n<td>6,5<\/td>\n<td>41,0<\/td>\n<td>10,5<\/td>\n<td>37,0<\/td>\n<td>24<\/td>\n<\/tr>\n<tr>\n<td colspan=\"6\" width=\"123\">GH &#8211; 2760 &#8211; 3<\/td>\n<td>12<\/td>\n<td width=\"59\">1\/2<\/td>\n<td width=\"73\">13\/16 &#8211; 16<\/td>\n<td>9,0<\/td>\n<td>51,0<\/td>\n<td>10,5<\/td>\n<td>43,0<\/td>\n<td>24<\/td>\n<\/tr>\n<tr>\n<td colspan=\"6\" width=\"123\">GH &#8211; 2770 &#8211; 3<\/td>\n<td>12<\/td>\n<td width=\"59\">1\/2<\/td>\n<td width=\"73\">1 &#8211; 14<\/td>\n<td>9,0<\/td>\n<td>47,5<\/td>\n<td>11,5<\/td>\n<td>53,0<\/td>\n<td>30<\/td>\n<\/tr>\n<tr>\n<td colspan=\"6\" width=\"123\">GH &#8211; 2780 &#8211; 3<\/td>\n<td>16<\/td>\n<td width=\"59\">5\/8<\/td>\n<td width=\"73\">1 &#8211; 14<\/td>\n<td>11,5<\/td>\n<td>53,0<\/td>\n<td>11,5<\/td>\n<td>59,0<\/td>\n<td>30<\/td>\n<\/tr>\n<tr>\n<td colspan=\"6\" width=\"123\">GH &#8211; 2790 &#8211; 3<\/td>\n<td>16<\/td>\n<td width=\"59\">5\/8<\/td>\n<td width=\"73\">1 3\/16 &#8211; 12<\/td>\n<td>11,5<\/td>\n<td>62,0<\/td>\n<td>14,0<\/td>\n<td>51,0<\/td>\n<td>36<\/td>\n<\/tr>\n<tr>\n<td colspan=\"6\" width=\"123\">GH &#8211; 2800 &#8211; 3<\/td>\n<td>19<\/td>\n<td width=\"59\">3\/4<\/td>\n<td width=\"73\">1 3\/16 &#8211; 12<\/td>\n<td>14,5<\/td>\n<td>61,0<\/td>\n<td>14,0<\/td>\n<td>57,0<\/td>\n<td>36<\/td>\n<\/tr>\n<tr>\n<td colspan=\"6\" width=\"123\">GH &#8211; 2810 &#8211; 3<\/td>\n<td>19<\/td>\n<td width=\"59\">3\/4<\/td>\n<td width=\"73\">1 7\/16 &#8211; 12<\/td>\n<td>14,5<\/td>\n<td>72,5<\/td>\n<td>12,5<\/td>\n<td>61,0<\/td>\n<td>41<\/td>\n<\/tr>\n<tr>\n<td colspan=\"6\" width=\"123\">GH &#8211; 2820 &#8211; 3<\/td>\n<td>25<\/td>\n<td>1<\/td>\n<td width=\"73\">1 7\/16 &#8211; 12<\/td>\n<td>18,5<\/td>\n<td>82,0<\/td>\n<td>12,5<\/td>\n<td>72,0<\/td>\n<td>41<\/td>\n<\/tr>\n<tr>\n<td colspan=\"6\" width=\"123\">GH &#8211; 2821 &#8211; 3<\/td>\n<td>25<\/td>\n<td>1<\/td>\n<td width=\"73\">1 11\/16 &#8211; 12<\/td>\n<td>18,5<\/td>\n<td>79,0<\/td>\n<td>12,5<\/td>\n<td>80,0<\/td>\n<td>50<\/td>\n<\/tr>\n<tr>\n<td colspan=\"6\" width=\"123\">GH &#8211; 2830 &#8211; 3<\/td>\n<td>31<\/td>\n<td width=\"59\">1 1\/4<\/td>\n<td width=\"73\">1 11\/16 &#8211; 12<\/td>\n<td>24,5<\/td>\n<td>84,5<\/td>\n<td>12,5<\/td>\n<td>92,0<\/td>\n<td>50<\/td>\n<\/tr>\n<\/tbody>\n<\/table>\n","protected":false},"excerpt":{"rendered":"<p>MALZEME KODU Part Ref. HORTUM \u00c7API Hose Bore D\u0130\u015e \u00d6L\u00c7\u00dcS\u00dc Thread BOYUT \u00d6L\u00c7\u00dcLER\u0130 mm Dimensions in mm DN INCH T B A C E H 2 GH &#8211; 2710 &#8211; 3 6 1\/4 9\/16 &#8211; 18 4,0 33,0 8,0 28,5 19 GH &#8211; 2720 &#8211; 3 6 1\/4 11\/16 &#8211; 16 4,0 32,0 8,0 30,0 [&hellip;]<\/p>\n","protected":false},"author":1,"featured_media":7291,"parent":7066,"menu_order":0,"comment_status":"closed","ping_status":"closed","template":"","meta":[],"_links":{"self":[{"href":"https:\/\/www.guneshidrolik.com.tr\/index.php\/wp-json\/wp\/v2\/pages\/7290"}],"collection":[{"href":"https:\/\/www.guneshidrolik.com.tr\/index.php\/wp-json\/wp\/v2\/pages"}],"about":[{"href":"https:\/\/www.guneshidrolik.com.tr\/index.php\/wp-json\/wp\/v2\/types\/page"}],"author":[{"embeddable":true,"href":"https:\/\/www.guneshidrolik.com.tr\/index.php\/wp-json\/wp\/v2\/users\/1"}],"replies":[{"embeddable":true,"href":"https:\/\/www.guneshidrolik.com.tr\/index.php\/wp-json\/wp\/v2\/comments?post=7290"}],"version-history":[{"count":1,"href":"https:\/\/www.guneshidrolik.com.tr\/index.php\/wp-json\/wp\/v2\/pages\/7290\/revisions"}],"predecessor-version":[{"id":7292,"href":"https:\/\/www.guneshidrolik.com.tr\/index.php\/wp-json\/wp\/v2\/pages\/7290\/revisions\/7292"}],"up":[{"embeddable":true,"href":"https:\/\/www.guneshidrolik.com.tr\/index.php\/wp-json\/wp\/v2\/pages\/7066"}],"wp:featuredmedia":[{"embeddable":true,"href":"https:\/\/www.guneshidrolik.com.tr\/index.php\/wp-json\/wp\/v2\/media\/7291"}],"wp:attachment":[{"href":"https:\/\/www.guneshidrolik.com.tr\/index.php\/wp-json\/wp\/v2\/media?parent=7290"}],"curies":[{"name":"wp","href":"https:\/\/api.w.org\/{rel}","templated":true}]}}