{"id":7294,"date":"2018-08-07T16:09:15","date_gmt":"2018-08-07T13:09:15","guid":{"rendered":"http:\/\/alfatasarim.org\/guneshidrolik\/?page_id=7294"},"modified":"2018-08-07T16:09:15","modified_gmt":"2018-08-07T13:09:15","slug":"orfs-erkek-hortum-rakorlari","status":"publish","type":"page","link":"https:\/\/www.guneshidrolik.com.tr\/index.php\/duz-hortum-rakorlari\/orfs-erkek-hortum-rakorlari\/","title":{"rendered":"ORFS ERKEK HORTUM RAKORLARI"},"content":{"rendered":"<p><img loading=\"lazy\" class=\"aligncenter wp-image-7295 size-full\" src=\"http:\/\/alfatasarim.org\/guneshidrolik\/wp-content\/uploads\/2018\/08\/urun00030.jpg\" alt=\"\" width=\"441\" height=\"294\" \/><\/p>\n<table class=\" aligncenter\" border=\"1px\" width=\"627\">\n<tbody>\n<tr>\n<td colspan=\"4\" rowspan=\"2\" width=\"144\">MALZEME KODU<br \/>\nPart Ref.<\/td>\n<td colspan=\"2\" width=\"116\">HORTUM \u00c7API<br \/>\nHose Bore<\/td>\n<td width=\"119\">D\u0130\u015e<br \/>\n\u00d6L\u00c7\u00dcS\u00dc<br \/>\nThread<\/td>\n<td colspan=\"3\" width=\"248\">BOYUT \u00d6L\u00c7\u00dcLER\u0130 mm<br \/>\nDimensions in mm<\/td>\n<\/tr>\n<tr>\n<td width=\"57\">DN<\/td>\n<td width=\"59\">INCH<\/td>\n<td width=\"119\">T<\/td>\n<td width=\"88\">B<\/td>\n<td width=\"81\">A<\/td>\n<td width=\"79\">H<br \/>\n2<\/td>\n<\/tr>\n<tr>\n<td colspan=\"4\" width=\"144\">GH &#8211; 2710 &#8211; 4<\/td>\n<td>6<\/td>\n<td width=\"59\">1\/4<\/td>\n<td width=\"119\">9\/16 &#8211; 18<\/td>\n<td>4,0<\/td>\n<td>26,0<\/td>\n<td>17<\/td>\n<\/tr>\n<tr>\n<td colspan=\"4\" width=\"144\">GH &#8211; 2720 &#8211; 4<\/td>\n<td>6<\/td>\n<td width=\"59\">1\/4<\/td>\n<td width=\"119\">11\/16 &#8211; 16<\/td>\n<td>4,0<\/td>\n<td>29,0<\/td>\n<td>19<\/td>\n<\/tr>\n<tr>\n<td colspan=\"4\" width=\"144\">GH &#8211; 2730 &#8211; 4<\/td>\n<td>8<\/td>\n<td width=\"59\">5\/16<\/td>\n<td width=\"119\">11\/16 &#8211; 16<\/td>\n<td>5,0<\/td>\n<td>29,0<\/td>\n<td>19<\/td>\n<\/tr>\n<tr>\n<td colspan=\"4\" width=\"144\">GH &#8211; 2740 &#8211; 4<\/td>\n<td>10<\/td>\n<td width=\"59\">3\/8<\/td>\n<td width=\"119\">11\/16 &#8211; 16<\/td>\n<td>6,5<\/td>\n<td>27,0<\/td>\n<td>19<\/td>\n<\/tr>\n<tr>\n<td colspan=\"4\" width=\"144\">GH &#8211; 2750 &#8211; 4<\/td>\n<td>10<\/td>\n<td>38<\/td>\n<td width=\"119\">13\/16 &#8211; 16<\/td>\n<td>6,5<\/td>\n<td>28,0<\/td>\n<td>22<\/td>\n<\/tr>\n<tr>\n<td colspan=\"4\" width=\"144\">GH &#8211; 2760 &#8211; 4<\/td>\n<td>12<\/td>\n<td width=\"59\">1\/2<\/td>\n<td width=\"119\">13\/16 &#8211; 16<\/td>\n<td>9,0<\/td>\n<td>28,0<\/td>\n<td>22<\/td>\n<\/tr>\n<tr>\n<td colspan=\"4\" width=\"144\">GH &#8211; 2770 &#8211; 4<\/td>\n<td>12<\/td>\n<td width=\"59\">1\/2<\/td>\n<td width=\"119\">1 &#8211; 14<\/td>\n<td>9,0<\/td>\n<td>31,0<\/td>\n<td>27<\/td>\n<\/tr>\n<tr>\n<td colspan=\"4\" width=\"144\">GH &#8211; 2780 &#8211; 4<\/td>\n<td>16<\/td>\n<td width=\"59\">5\/8<\/td>\n<td width=\"119\">1 &#8211; 14<\/td>\n<td>11,5<\/td>\n<td>34,0<\/td>\n<td>27<\/td>\n<\/tr>\n<tr>\n<td colspan=\"4\" width=\"144\">GH &#8211; 2790 &#8211; 4<\/td>\n<td>16<\/td>\n<td width=\"59\">5\/8<\/td>\n<td width=\"119\">1 3\/16 &#8211; 12<\/td>\n<td>11,5<\/td>\n<td>37,0<\/td>\n<td>32<\/td>\n<\/tr>\n<tr>\n<td colspan=\"4\" width=\"144\">GH &#8211; 2800 &#8211; 4<\/td>\n<td>19<\/td>\n<td width=\"59\">3\/4<\/td>\n<td width=\"119\">1 3\/16 &#8211; 12<\/td>\n<td>14,5<\/td>\n<td>40,0<\/td>\n<td>32<\/td>\n<\/tr>\n<tr>\n<td colspan=\"4\" width=\"144\">GH &#8211; 2810 &#8211; 4<\/td>\n<td>19<\/td>\n<td width=\"59\">3\/4<\/td>\n<td width=\"119\">1 7\/16 &#8211; 12<\/td>\n<td>14,5<\/td>\n<td>41,0<\/td>\n<td>41<\/td>\n<\/tr>\n<tr>\n<td colspan=\"4\" width=\"144\">GH &#8211; 2820 &#8211; 4<\/td>\n<td>25<\/td>\n<td>1<\/td>\n<td width=\"119\">1 7\/16 &#8211; 12<\/td>\n<td>18,5<\/td>\n<td>41,0<\/td>\n<td>41<\/td>\n<\/tr>\n<tr>\n<td colspan=\"4\" width=\"144\">GH &#8211; 2821 &#8211; 4<\/td>\n<td>25<\/td>\n<td>1<\/td>\n<td width=\"119\">1 11\/16 &#8211; 12<\/td>\n<td>18,5<\/td>\n<td>42,5<\/td>\n<td>46<\/td>\n<\/tr>\n<tr>\n<td colspan=\"4\" width=\"144\">GH &#8211; 2830 &#8211; 4<\/td>\n<td>31<\/td>\n<td width=\"59\">1 1\/4<\/td>\n<td width=\"119\">1 11\/16 &#8211; 12<\/td>\n<td>25,0<\/td>\n<td>44,5<\/td>\n<td>46<\/td>\n<\/tr>\n<\/tbody>\n<\/table>\n","protected":false},"excerpt":{"rendered":"<p>MALZEME KODU Part Ref. HORTUM \u00c7API Hose Bore D\u0130\u015e \u00d6L\u00c7\u00dcS\u00dc Thread BOYUT \u00d6L\u00c7\u00dcLER\u0130 mm Dimensions in mm DN INCH T B A H 2 GH &#8211; 2710 &#8211; 4 6 1\/4 9\/16 &#8211; 18 4,0 26,0 17 GH &#8211; 2720 &#8211; 4 6 1\/4 11\/16 &#8211; 16 4,0 29,0 19 GH &#8211; 2730 &#8211; 4 [&hellip;]<\/p>\n","protected":false},"author":1,"featured_media":7295,"parent":7066,"menu_order":0,"comment_status":"closed","ping_status":"closed","template":"","meta":[],"_links":{"self":[{"href":"https:\/\/www.guneshidrolik.com.tr\/index.php\/wp-json\/wp\/v2\/pages\/7294"}],"collection":[{"href":"https:\/\/www.guneshidrolik.com.tr\/index.php\/wp-json\/wp\/v2\/pages"}],"about":[{"href":"https:\/\/www.guneshidrolik.com.tr\/index.php\/wp-json\/wp\/v2\/types\/page"}],"author":[{"embeddable":true,"href":"https:\/\/www.guneshidrolik.com.tr\/index.php\/wp-json\/wp\/v2\/users\/1"}],"replies":[{"embeddable":true,"href":"https:\/\/www.guneshidrolik.com.tr\/index.php\/wp-json\/wp\/v2\/comments?post=7294"}],"version-history":[{"count":1,"href":"https:\/\/www.guneshidrolik.com.tr\/index.php\/wp-json\/wp\/v2\/pages\/7294\/revisions"}],"predecessor-version":[{"id":7296,"href":"https:\/\/www.guneshidrolik.com.tr\/index.php\/wp-json\/wp\/v2\/pages\/7294\/revisions\/7296"}],"up":[{"embeddable":true,"href":"https:\/\/www.guneshidrolik.com.tr\/index.php\/wp-json\/wp\/v2\/pages\/7066"}],"wp:featuredmedia":[{"embeddable":true,"href":"https:\/\/www.guneshidrolik.com.tr\/index.php\/wp-json\/wp\/v2\/media\/7295"}],"wp:attachment":[{"href":"https:\/\/www.guneshidrolik.com.tr\/index.php\/wp-json\/wp\/v2\/media?parent=7294"}],"curies":[{"name":"wp","href":"https:\/\/api.w.org\/{rel}","templated":true}]}}