{"id":7298,"date":"2018-08-07T16:10:44","date_gmt":"2018-08-07T13:10:44","guid":{"rendered":"http:\/\/alfatasarim.org\/guneshidrolik\/?page_id=7298"},"modified":"2018-08-07T16:10:44","modified_gmt":"2018-08-07T13:10:44","slug":"sae-3000-serisi-flansli-duz-hortum-rakorlari","status":"publish","type":"page","link":"https:\/\/www.guneshidrolik.com.tr\/index.php\/duz-hortum-rakorlari\/sae-3000-serisi-flansli-duz-hortum-rakorlari\/","title":{"rendered":"SAE 3000 SER\u0130S\u0130 FLAN\u015eLI D\u00dcZ HORTUM RAKORLARI"},"content":{"rendered":"<p><img loading=\"lazy\" class=\"aligncenter wp-image-7299 size-full\" src=\"http:\/\/alfatasarim.org\/guneshidrolik\/wp-content\/uploads\/2018\/08\/urun00031.jpg\" alt=\"\" width=\"441\" height=\"294\" \/><\/p>\n<table class=\" aligncenter\" border=\"1px\" width=\"628\">\n<tbody>\n<tr>\n<td colspan=\"3\" rowspan=\"2\" width=\"146\">MALZEME KODU<br \/>\nPart Ref.<\/td>\n<td colspan=\"2\" width=\"131\">HORTUM \u00c7API<br \/>\nHose Bore<\/td>\n<td width=\"72\">FLAN\u015eLI<br \/>\nFlange<\/td>\n<td colspan=\"3\" width=\"279\">BOYUT \u00d6L\u00c7\u00dcLER\u0130 mm<br \/>\nDimensions in mm<\/td>\n<\/tr>\n<tr>\n<td width=\"68\">DN<\/td>\n<td width=\"63\">INCH<\/td>\n<td width=\"72\"><\/td>\n<td width=\"97\">B<\/td>\n<td width=\"89\">A<\/td>\n<td width=\"93\">D<\/td>\n<\/tr>\n<tr>\n<td colspan=\"3\" width=\"146\">GH &#8211; 2500 &#8211; 1<\/td>\n<td>12<\/td>\n<td width=\"63\">1\/2<\/td>\n<td width=\"72\">1\/2<\/td>\n<td>9,0<\/td>\n<td>45,0<\/td>\n<td>30,2<\/td>\n<\/tr>\n<tr>\n<td colspan=\"3\" width=\"146\">GH &#8211; 2503 &#8211; 1<\/td>\n<td>12<\/td>\n<td width=\"63\">1\/2<\/td>\n<td width=\"72\">2\/4<\/td>\n<td>9,0<\/td>\n<td>48,0<\/td>\n<td>38,1<\/td>\n<\/tr>\n<tr>\n<td colspan=\"3\" width=\"146\">GH &#8211; 2400 &#8211; 1<\/td>\n<td>16<\/td>\n<td width=\"63\">5\/8<\/td>\n<td width=\"72\">3\/4<\/td>\n<td>11,5<\/td>\n<td>53,5<\/td>\n<td>38,1<\/td>\n<\/tr>\n<tr>\n<td colspan=\"3\" width=\"146\">GH &#8211; 2504 &#8211; 1<\/td>\n<td>19<\/td>\n<td width=\"63\">3\/4<\/td>\n<td width=\"72\">3\/4<\/td>\n<td>14,5<\/td>\n<td>61,0<\/td>\n<td>38,1<\/td>\n<\/tr>\n<tr>\n<td colspan=\"3\" width=\"146\">GH &#8211; 2506 &#8211; 1<\/td>\n<td>19<\/td>\n<td width=\"63\">3\/4<\/td>\n<td>1<\/td>\n<td>14,5<\/td>\n<td>65,0<\/td>\n<td>44,4<\/td>\n<\/tr>\n<tr>\n<td colspan=\"3\" width=\"146\">GH &#8211; 2402 &#8211; 1<\/td>\n<td>25<\/td>\n<td>1<\/td>\n<td width=\"72\">3\/4<\/td>\n<td>18,5<\/td>\n<td>53,0<\/td>\n<td>38,1<\/td>\n<\/tr>\n<tr>\n<td colspan=\"3\" width=\"146\">GH &#8211; 2508 &#8211; 1<\/td>\n<td>25<\/td>\n<td>1<\/td>\n<td>1<\/td>\n<td>18,5<\/td>\n<td>68,0<\/td>\n<td>44,4<\/td>\n<\/tr>\n<tr>\n<td colspan=\"3\" width=\"146\">GH &#8211; 2510 &#8211; 1<\/td>\n<td>25<\/td>\n<td>1<\/td>\n<td width=\"72\">1 1\/4<\/td>\n<td>18,5<\/td>\n<td>70,0<\/td>\n<td>50,8<\/td>\n<\/tr>\n<tr>\n<td colspan=\"3\" width=\"146\">GH &#8211; 2404 &#8211; 1<\/td>\n<td>25<\/td>\n<td>1<\/td>\n<td width=\"72\">1 1\/2<\/td>\n<td>18,5<\/td>\n<td>72,5<\/td>\n<td>60,3<\/td>\n<\/tr>\n<tr>\n<td colspan=\"3\" width=\"146\">GH &#8211; 2405 &#8211; 1<\/td>\n<td>31<\/td>\n<td width=\"63\">1 1\/4<\/td>\n<td>1<\/td>\n<td>24,5<\/td>\n<td>68,5<\/td>\n<td>44,4<\/td>\n<\/tr>\n<tr>\n<td colspan=\"3\" width=\"146\">GH &#8211; 2513 &#8211; 1<\/td>\n<td>31<\/td>\n<td width=\"63\">1 1\/4<\/td>\n<td width=\"72\">1 1\/4<\/td>\n<td>24,5<\/td>\n<td>71,0<\/td>\n<td>50,8<\/td>\n<\/tr>\n<tr>\n<td colspan=\"3\" width=\"146\">GH &#8211; 2515 &#8211; 1<\/td>\n<td>31<\/td>\n<td width=\"63\">1 1\/4<\/td>\n<td width=\"72\">1 1\/2<\/td>\n<td>24,5<\/td>\n<td>88,0<\/td>\n<td>60,3<\/td>\n<\/tr>\n<tr>\n<td colspan=\"3\" width=\"146\">GH &#8211; 2517 &#8211; 1<\/td>\n<td>38<\/td>\n<td width=\"63\">1 1\/2<\/td>\n<td width=\"72\">1 1\/2<\/td>\n<td>29,0<\/td>\n<td>84,0<\/td>\n<td>60,3<\/td>\n<\/tr>\n<tr>\n<td colspan=\"3\" width=\"146\">GH &#8211; 2519 &#8211; 1<\/td>\n<td>38<\/td>\n<td width=\"63\">1 1\/2<\/td>\n<td>2<\/td>\n<td>29,0<\/td>\n<td>84,5<\/td>\n<td>71,4<\/td>\n<\/tr>\n<tr>\n<td colspan=\"3\" width=\"146\">GH &#8211; 2520 &#8211; 1<\/td>\n<td>51<\/td>\n<td>2<\/td>\n<td>2<\/td>\n<td>41,0<\/td>\n<td>88,0<\/td>\n<td>71,4<\/td>\n<\/tr>\n<tr>\n<td colspan=\"3\" width=\"146\">GH &#8211; 2525 &#8211; 1<\/td>\n<td>51<\/td>\n<td>2<\/td>\n<td width=\"72\">2 1\/2<\/td>\n<td>41,0<\/td>\n<td>88,0<\/td>\n<td>84,0<\/td>\n<\/tr>\n<\/tbody>\n<\/table>\n","protected":false},"excerpt":{"rendered":"<p>MALZEME KODU Part Ref. HORTUM \u00c7API Hose Bore FLAN\u015eLI Flange BOYUT \u00d6L\u00c7\u00dcLER\u0130 mm Dimensions in mm DN INCH B A D GH &#8211; 2500 &#8211; 1 12 1\/2 1\/2 9,0 45,0 30,2 GH &#8211; 2503 &#8211; 1 12 1\/2 2\/4 9,0 48,0 38,1 GH &#8211; 2400 &#8211; 1 16 5\/8 3\/4 11,5 53,5 38,1 GH [&hellip;]<\/p>\n","protected":false},"author":1,"featured_media":7299,"parent":7066,"menu_order":0,"comment_status":"closed","ping_status":"closed","template":"","meta":[],"_links":{"self":[{"href":"https:\/\/www.guneshidrolik.com.tr\/index.php\/wp-json\/wp\/v2\/pages\/7298"}],"collection":[{"href":"https:\/\/www.guneshidrolik.com.tr\/index.php\/wp-json\/wp\/v2\/pages"}],"about":[{"href":"https:\/\/www.guneshidrolik.com.tr\/index.php\/wp-json\/wp\/v2\/types\/page"}],"author":[{"embeddable":true,"href":"https:\/\/www.guneshidrolik.com.tr\/index.php\/wp-json\/wp\/v2\/users\/1"}],"replies":[{"embeddable":true,"href":"https:\/\/www.guneshidrolik.com.tr\/index.php\/wp-json\/wp\/v2\/comments?post=7298"}],"version-history":[{"count":1,"href":"https:\/\/www.guneshidrolik.com.tr\/index.php\/wp-json\/wp\/v2\/pages\/7298\/revisions"}],"predecessor-version":[{"id":7300,"href":"https:\/\/www.guneshidrolik.com.tr\/index.php\/wp-json\/wp\/v2\/pages\/7298\/revisions\/7300"}],"up":[{"embeddable":true,"href":"https:\/\/www.guneshidrolik.com.tr\/index.php\/wp-json\/wp\/v2\/pages\/7066"}],"wp:featuredmedia":[{"embeddable":true,"href":"https:\/\/www.guneshidrolik.com.tr\/index.php\/wp-json\/wp\/v2\/media\/7299"}],"wp:attachment":[{"href":"https:\/\/www.guneshidrolik.com.tr\/index.php\/wp-json\/wp\/v2\/media?parent=7298"}],"curies":[{"name":"wp","href":"https:\/\/api.w.org\/{rel}","templated":true}]}}