{"id":7302,"date":"2018-08-07T16:12:06","date_gmt":"2018-08-07T13:12:06","guid":{"rendered":"http:\/\/alfatasarim.org\/guneshidrolik\/?page_id=7302"},"modified":"2018-08-07T16:12:06","modified_gmt":"2018-08-07T13:12:06","slug":"sae-3000-serisi-flansli-45-hortum-rakorlari","status":"publish","type":"page","link":"https:\/\/www.guneshidrolik.com.tr\/index.php\/duz-hortum-rakorlari\/sae-3000-serisi-flansli-45-hortum-rakorlari\/","title":{"rendered":"SAE 3000 SER\u0130S\u0130 FLAN\u015eLI 45\u00b0 HORTUM RAKORLARI"},"content":{"rendered":"<p><img loading=\"lazy\" class=\"aligncenter wp-image-7303 size-full\" src=\"http:\/\/alfatasarim.org\/guneshidrolik\/wp-content\/uploads\/2018\/08\/urun00032.jpg\" alt=\"\" width=\"441\" height=\"294\" \/><\/p>\n<table class=\" aligncenter\" border=\"1px\" width=\"628\">\n<tbody>\n<tr>\n<td colspan=\"2\" rowspan=\"2\" width=\"147\">MALZEME KODU<br \/>\nPart Ref.<\/td>\n<td colspan=\"2\" width=\"116\">HORTUM \u00c7API<br \/>\nHose Bore<\/td>\n<td width=\"73\">FLAN\u015eLI<br \/>\nFlange<\/td>\n<td colspan=\"4\" width=\"292\">BOYUT \u00d6L\u00c7\u00dcLER\u0130 mm<br \/>\nDimensions in mm<\/td>\n<\/tr>\n<tr>\n<td width=\"57\">DN<\/td>\n<td width=\"59\">INCH<\/td>\n<td width=\"73\"><\/td>\n<td width=\"76\">B<\/td>\n<td width=\"76\">A<\/td>\n<td width=\"76\">D<\/td>\n<td width=\"64\">E<\/td>\n<\/tr>\n<tr>\n<td colspan=\"2\" width=\"147\">GH &#8211; 2500 &#8211; 2<\/td>\n<td>12<\/td>\n<td width=\"59\">1\/2<\/td>\n<td width=\"73\">1\/2<\/td>\n<td>9,0<\/td>\n<td>64,0<\/td>\n<td>30,2<\/td>\n<td>26,5<\/td>\n<\/tr>\n<tr>\n<td colspan=\"2\" width=\"147\">GH &#8211; 2503 &#8211; 2<\/td>\n<td>12<\/td>\n<td width=\"59\">1\/2<\/td>\n<td width=\"73\">3\/4<\/td>\n<td>9,0<\/td>\n<td>71,0<\/td>\n<td>38,1<\/td>\n<td>24,5<\/td>\n<\/tr>\n<tr>\n<td colspan=\"2\" width=\"147\">GH &#8211; 2400 &#8211; 2<\/td>\n<td>16<\/td>\n<td width=\"59\">5\/8<\/td>\n<td width=\"73\">3\/4<\/td>\n<td>11,5<\/td>\n<td>81,0<\/td>\n<td>38,1<\/td>\n<td>30,0<\/td>\n<\/tr>\n<tr>\n<td colspan=\"2\" width=\"147\">GH &#8211; 2504 &#8211; 2<\/td>\n<td>19<\/td>\n<td width=\"59\">3\/4<\/td>\n<td width=\"73\">3\/4<\/td>\n<td>14,5<\/td>\n<td>89,5<\/td>\n<td>38,1<\/td>\n<td>32,0<\/td>\n<\/tr>\n<tr>\n<td colspan=\"2\" width=\"147\">GH &#8211; 2506 &#8211; 2<\/td>\n<td>19<\/td>\n<td width=\"59\">3\/4<\/td>\n<td>1<\/td>\n<td>14,5<\/td>\n<td>89,0<\/td>\n<td>44,4<\/td>\n<td>26,0<\/td>\n<\/tr>\n<tr>\n<td colspan=\"2\" width=\"147\">GH &#8211; 2402 &#8211; 2<\/td>\n<td>25<\/td>\n<td>1<\/td>\n<td width=\"73\">3\/4<\/td>\n<td>18,5<\/td>\n<td>45,0<\/td>\n<td>38,1<\/td>\n<td>38,0<\/td>\n<\/tr>\n<tr>\n<td colspan=\"2\" width=\"147\">GH &#8211; 2508 &#8211; 2<\/td>\n<td>25<\/td>\n<td>1<\/td>\n<td>1<\/td>\n<td>18,5<\/td>\n<td>115,5<\/td>\n<td>44,4<\/td>\n<td>27,5<\/td>\n<\/tr>\n<tr>\n<td colspan=\"2\" width=\"147\">GH &#8211; 2510 &#8211; 2<\/td>\n<td>25<\/td>\n<td>1<\/td>\n<td width=\"73\">1 1\/4<\/td>\n<td>18,5<\/td>\n<td>110,0<\/td>\n<td>50,8<\/td>\n<td>49,5<\/td>\n<\/tr>\n<tr>\n<td colspan=\"2\" width=\"147\">GH &#8211; 2404 &#8211; 2<\/td>\n<td>25<\/td>\n<td>1<\/td>\n<td width=\"73\">1 1\/2<\/td>\n<td>18,5<\/td>\n<td>105,0<\/td>\n<td>60,3<\/td>\n<td>48,5<\/td>\n<\/tr>\n<tr>\n<td colspan=\"2\" width=\"147\">GH &#8211; 2405 &#8211; 2<\/td>\n<td>31<\/td>\n<td width=\"59\">1 1\/4<\/td>\n<td>1<\/td>\n<td>24,5<\/td>\n<td>122,0<\/td>\n<td>44,4<\/td>\n<td>46,0<\/td>\n<\/tr>\n<tr>\n<td colspan=\"2\" width=\"147\">GH &#8211; 2513 &#8211; 2<\/td>\n<td>31<\/td>\n<td width=\"59\">1 1\/4<\/td>\n<td width=\"73\">1 1\/4<\/td>\n<td>24,5<\/td>\n<td>121,0<\/td>\n<td>50,8<\/td>\n<td>48,0<\/td>\n<\/tr>\n<tr>\n<td colspan=\"2\" width=\"147\">GH &#8211; 2515 &#8211; 2<\/td>\n<td>31<\/td>\n<td width=\"59\">1 1\/4<\/td>\n<td width=\"73\">1 1\/2<\/td>\n<td>24,5<\/td>\n<td>130,0<\/td>\n<td>60,3<\/td>\n<td>38,0<\/td>\n<\/tr>\n<tr>\n<td colspan=\"2\" width=\"147\">GH &#8211; 2517 &#8211; 2<\/td>\n<td>38<\/td>\n<td width=\"59\">1 1\/2<\/td>\n<td width=\"73\">1 1\/2<\/td>\n<td>29,0<\/td>\n<td>124,0<\/td>\n<td>60,3<\/td>\n<td>46,0<\/td>\n<\/tr>\n<tr>\n<td colspan=\"2\" width=\"147\">GH &#8211; 2519 &#8211; 2<\/td>\n<td>38<\/td>\n<td width=\"59\">1 1\/2<\/td>\n<td>2<\/td>\n<td>29,0<\/td>\n<td>124,0<\/td>\n<td>71,4<\/td>\n<td>43,0<\/td>\n<\/tr>\n<tr>\n<td colspan=\"2\" width=\"147\">GH &#8211; 2520 &#8211; 2<\/td>\n<td>51<\/td>\n<td>2<\/td>\n<td>2<\/td>\n<td>41,0<\/td>\n<td>115,0<\/td>\n<td>71,4<\/td>\n<td>53,0<\/td>\n<\/tr>\n<tr>\n<td colspan=\"2\" width=\"147\">GH &#8211; 2525 &#8211; 2<\/td>\n<td>51<\/td>\n<td>2<\/td>\n<td width=\"73\">2 1\/2<\/td>\n<td>41,0<\/td>\n<td>100,0<\/td>\n<td>84,0<\/td>\n<td>53,0<\/td>\n<\/tr>\n<\/tbody>\n<\/table>\n","protected":false},"excerpt":{"rendered":"<p>MALZEME KODU Part Ref. HORTUM \u00c7API Hose Bore FLAN\u015eLI Flange BOYUT \u00d6L\u00c7\u00dcLER\u0130 mm Dimensions in mm DN INCH B A D E GH &#8211; 2500 &#8211; 2 12 1\/2 1\/2 9,0 64,0 30,2 26,5 GH &#8211; 2503 &#8211; 2 12 1\/2 3\/4 9,0 71,0 38,1 24,5 GH &#8211; 2400 &#8211; 2 16 5\/8 3\/4 11,5 [&hellip;]<\/p>\n","protected":false},"author":1,"featured_media":7303,"parent":7066,"menu_order":0,"comment_status":"closed","ping_status":"closed","template":"","meta":[],"_links":{"self":[{"href":"https:\/\/www.guneshidrolik.com.tr\/index.php\/wp-json\/wp\/v2\/pages\/7302"}],"collection":[{"href":"https:\/\/www.guneshidrolik.com.tr\/index.php\/wp-json\/wp\/v2\/pages"}],"about":[{"href":"https:\/\/www.guneshidrolik.com.tr\/index.php\/wp-json\/wp\/v2\/types\/page"}],"author":[{"embeddable":true,"href":"https:\/\/www.guneshidrolik.com.tr\/index.php\/wp-json\/wp\/v2\/users\/1"}],"replies":[{"embeddable":true,"href":"https:\/\/www.guneshidrolik.com.tr\/index.php\/wp-json\/wp\/v2\/comments?post=7302"}],"version-history":[{"count":1,"href":"https:\/\/www.guneshidrolik.com.tr\/index.php\/wp-json\/wp\/v2\/pages\/7302\/revisions"}],"predecessor-version":[{"id":7304,"href":"https:\/\/www.guneshidrolik.com.tr\/index.php\/wp-json\/wp\/v2\/pages\/7302\/revisions\/7304"}],"up":[{"embeddable":true,"href":"https:\/\/www.guneshidrolik.com.tr\/index.php\/wp-json\/wp\/v2\/pages\/7066"}],"wp:featuredmedia":[{"embeddable":true,"href":"https:\/\/www.guneshidrolik.com.tr\/index.php\/wp-json\/wp\/v2\/media\/7303"}],"wp:attachment":[{"href":"https:\/\/www.guneshidrolik.com.tr\/index.php\/wp-json\/wp\/v2\/media?parent=7302"}],"curies":[{"name":"wp","href":"https:\/\/api.w.org\/{rel}","templated":true}]}}