{"id":7310,"date":"2018-08-07T16:15:29","date_gmt":"2018-08-07T13:15:29","guid":{"rendered":"http:\/\/alfatasarim.org\/guneshidrolik\/?page_id=7310"},"modified":"2018-08-07T16:15:29","modified_gmt":"2018-08-07T13:15:29","slug":"sae-6000-serisi-ince-tip-flansli-duz-hortum-rakorlari","status":"publish","type":"page","link":"https:\/\/www.guneshidrolik.com.tr\/index.php\/duz-hortum-rakorlari\/sae-6000-serisi-ince-tip-flansli-duz-hortum-rakorlari\/","title":{"rendered":"SAE 6000 SER\u0130S\u0130 \u0130NCE T\u0130P FLAN\u015eLI D\u00dcZ HORTUM RAKORLARI"},"content":{"rendered":"<p><img loading=\"lazy\" class=\"aligncenter wp-image-7311 size-full\" src=\"http:\/\/alfatasarim.org\/guneshidrolik\/wp-content\/uploads\/2018\/08\/urun00034.jpg\" alt=\"\" width=\"441\" height=\"294\" \/><\/p>\n<table class=\" aligncenter\" border=\"1px\" width=\"621\">\n<tbody>\n<tr>\n<td colspan=\"10\" rowspan=\"2\" width=\"141\">MALZEME KODU<br \/>\nPart Ref.<\/td>\n<td colspan=\"6\" width=\"137\">HORTUM \u00c7API<br \/>\nHose Bore<\/td>\n<td width=\"95\">FLAN\u015eLI<br \/>\nFlange<\/td>\n<td colspan=\"3\" width=\"248\">BOYUT \u00d6L\u00c7\u00dcLER\u0130 mm<br \/>\nDimensions in mm<\/td>\n<\/tr>\n<tr>\n<td colspan=\"4\" width=\"67\">DN<\/td>\n<td colspan=\"2\" width=\"70\">INCH<\/td>\n<td width=\"95\"><\/td>\n<td width=\"88\">B<\/td>\n<td width=\"81\">A<\/td>\n<td width=\"79\">D<\/td>\n<\/tr>\n<tr>\n<td colspan=\"10\" width=\"141\">GH &#8211; 2501 &#8211; 1<\/td>\n<td colspan=\"4\">12<\/td>\n<td colspan=\"2\" width=\"70\">1\/2<\/td>\n<td width=\"95\">1\/2<\/td>\n<td>9,0<\/td>\n<td>54,5<\/td>\n<td>32,0<\/td>\n<\/tr>\n<tr>\n<td colspan=\"10\" width=\"141\">GH &#8211; 2502 &#8211; 1<\/td>\n<td colspan=\"4\">12<\/td>\n<td colspan=\"2\" width=\"70\">1\/2<\/td>\n<td width=\"95\">5\/8<\/td>\n<td>9,0<\/td>\n<td>71,0<\/td>\n<td>34,1<\/td>\n<\/tr>\n<tr>\n<td colspan=\"10\" width=\"141\">GH &#8211; 2406 &#8211; 1<\/td>\n<td colspan=\"4\">12<\/td>\n<td colspan=\"2\" width=\"70\">1\/2<\/td>\n<td width=\"95\">3\/4<\/td>\n<td>9,0<\/td>\n<td>65,0<\/td>\n<td>41,3<\/td>\n<\/tr>\n<tr>\n<td colspan=\"10\" width=\"141\">GH &#8211; 2407 &#8211; 1<\/td>\n<td colspan=\"4\">16<\/td>\n<td colspan=\"2\" width=\"70\">5\/8<\/td>\n<td width=\"95\">1\/2<\/td>\n<td>11,5<\/td>\n<td>58,0<\/td>\n<td>32,0<\/td>\n<\/tr>\n<tr>\n<td colspan=\"10\" width=\"141\">GH &#8211; 2409 &#8211; 1<\/td>\n<td colspan=\"4\">16<\/td>\n<td colspan=\"2\" width=\"70\">5\/8<\/td>\n<td width=\"95\">5\/8<\/td>\n<td>11,5<\/td>\n<td>58,0<\/td>\n<td>34,1<\/td>\n<\/tr>\n<tr>\n<td colspan=\"10\" width=\"141\">GH &#8211; 2401 &#8211; 1<\/td>\n<td colspan=\"4\">16<\/td>\n<td colspan=\"2\" width=\"70\">5\/8<\/td>\n<td width=\"95\">3\/4<\/td>\n<td>11,5<\/td>\n<td>55,0<\/td>\n<td>41,3<\/td>\n<\/tr>\n<tr>\n<td colspan=\"10\" width=\"141\">GH &#8211; 2505 &#8211; 1<\/td>\n<td colspan=\"4\">19<\/td>\n<td colspan=\"2\" width=\"70\">3\/4<\/td>\n<td width=\"95\">3\/4<\/td>\n<td>14,5<\/td>\n<td>68,0<\/td>\n<td>41,3<\/td>\n<\/tr>\n<tr>\n<td colspan=\"10\" width=\"141\">GH &#8211; 2507 &#8211; 1<\/td>\n<td colspan=\"4\">19<\/td>\n<td colspan=\"2\" width=\"70\">3\/4<\/td>\n<td>1<\/td>\n<td>14,5<\/td>\n<td>64,5<\/td>\n<td>47,6<\/td>\n<\/tr>\n<tr>\n<td colspan=\"10\" width=\"141\">GH &#8211; 2403 &#8211; 1<\/td>\n<td colspan=\"4\">25<\/td>\n<td colspan=\"2\">1<\/td>\n<td width=\"95\">3\/4<\/td>\n<td>18,5<\/td>\n<td>68,0<\/td>\n<td>41,3<\/td>\n<\/tr>\n<tr>\n<td colspan=\"10\" width=\"141\">GH &#8211; 2509 &#8211; 1<\/td>\n<td colspan=\"4\">25<\/td>\n<td colspan=\"2\">1<\/td>\n<td>1<\/td>\n<td>18,5<\/td>\n<td>70,0<\/td>\n<td>47,6<\/td>\n<\/tr>\n<tr>\n<td colspan=\"10\" width=\"141\">GH &#8211; 2511 &#8211; 1<\/td>\n<td colspan=\"4\">25<\/td>\n<td colspan=\"2\">1<\/td>\n<td width=\"95\">1 1\/4<\/td>\n<td>18,5<\/td>\n<td>81,0<\/td>\n<td>54,0<\/td>\n<\/tr>\n<tr>\n<td colspan=\"10\" width=\"141\">GH &#8211; 2512 &#8211; 1<\/td>\n<td colspan=\"4\">31<\/td>\n<td colspan=\"2\" width=\"70\">1 1\/4<\/td>\n<td>1<\/td>\n<td>24,5<\/td>\n<td>78,5<\/td>\n<td>47,6<\/td>\n<\/tr>\n<tr>\n<td colspan=\"10\" width=\"141\">GH &#8211; 2514 &#8211; 1<\/td>\n<td colspan=\"4\">31<\/td>\n<td colspan=\"2\" width=\"70\">1 1\/4<\/td>\n<td width=\"95\">1 1\/4<\/td>\n<td>24,5<\/td>\n<td>87,0<\/td>\n<td>54,0<\/td>\n<\/tr>\n<\/tbody>\n<\/table>\n","protected":false},"excerpt":{"rendered":"<p>MALZEME KODU Part Ref. HORTUM \u00c7API Hose Bore FLAN\u015eLI Flange BOYUT \u00d6L\u00c7\u00dcLER\u0130 mm Dimensions in mm DN INCH B A D GH &#8211; 2501 &#8211; 1 12 1\/2 1\/2 9,0 54,5 32,0 GH &#8211; 2502 &#8211; 1 12 1\/2 5\/8 9,0 71,0 34,1 GH &#8211; 2406 &#8211; 1 12 1\/2 3\/4 9,0 65,0 41,3 GH [&hellip;]<\/p>\n","protected":false},"author":1,"featured_media":7311,"parent":7066,"menu_order":0,"comment_status":"closed","ping_status":"closed","template":"","meta":[],"_links":{"self":[{"href":"https:\/\/www.guneshidrolik.com.tr\/index.php\/wp-json\/wp\/v2\/pages\/7310"}],"collection":[{"href":"https:\/\/www.guneshidrolik.com.tr\/index.php\/wp-json\/wp\/v2\/pages"}],"about":[{"href":"https:\/\/www.guneshidrolik.com.tr\/index.php\/wp-json\/wp\/v2\/types\/page"}],"author":[{"embeddable":true,"href":"https:\/\/www.guneshidrolik.com.tr\/index.php\/wp-json\/wp\/v2\/users\/1"}],"replies":[{"embeddable":true,"href":"https:\/\/www.guneshidrolik.com.tr\/index.php\/wp-json\/wp\/v2\/comments?post=7310"}],"version-history":[{"count":1,"href":"https:\/\/www.guneshidrolik.com.tr\/index.php\/wp-json\/wp\/v2\/pages\/7310\/revisions"}],"predecessor-version":[{"id":7312,"href":"https:\/\/www.guneshidrolik.com.tr\/index.php\/wp-json\/wp\/v2\/pages\/7310\/revisions\/7312"}],"up":[{"embeddable":true,"href":"https:\/\/www.guneshidrolik.com.tr\/index.php\/wp-json\/wp\/v2\/pages\/7066"}],"wp:featuredmedia":[{"embeddable":true,"href":"https:\/\/www.guneshidrolik.com.tr\/index.php\/wp-json\/wp\/v2\/media\/7311"}],"wp:attachment":[{"href":"https:\/\/www.guneshidrolik.com.tr\/index.php\/wp-json\/wp\/v2\/media?parent=7310"}],"curies":[{"name":"wp","href":"https:\/\/api.w.org\/{rel}","templated":true}]}}