{"id":7314,"date":"2018-08-07T16:16:55","date_gmt":"2018-08-07T13:16:55","guid":{"rendered":"http:\/\/alfatasarim.org\/guneshidrolik\/?page_id=7314"},"modified":"2018-08-07T16:16:55","modified_gmt":"2018-08-07T13:16:55","slug":"sae-6000-serisi-ince-tip-flansli-45-hortum-rakorlari","status":"publish","type":"page","link":"https:\/\/www.guneshidrolik.com.tr\/index.php\/duz-hortum-rakorlari\/sae-6000-serisi-ince-tip-flansli-45-hortum-rakorlari\/","title":{"rendered":"SAE 6000 SER\u0130S\u0130 \u0130NCE T\u0130P FLAN\u015eLI 45\u00b0 HORTUM RAKORLARI"},"content":{"rendered":"<p><img loading=\"lazy\" class=\"aligncenter wp-image-7315 size-full\" src=\"http:\/\/alfatasarim.org\/guneshidrolik\/wp-content\/uploads\/2018\/08\/urun00035.jpg\" alt=\"\" width=\"441\" height=\"294\" \/><\/p>\n<table class=\" aligncenter\" border=\"1px\" width=\"627\">\n<tbody>\n<tr>\n<td colspan=\"2\" rowspan=\"2\" width=\"146\">MALZEME KODU<br \/>\nPart Ref.<\/td>\n<td colspan=\"2\" width=\"116\">HORTUM \u00c7API<br \/>\nHose Bore<\/td>\n<td width=\"73\">FLAN\u015eLI<br \/>\nFlange<\/td>\n<td colspan=\"4\" width=\"292\">BOYUT \u00d6L\u00c7\u00dcLER\u0130 mm<br \/>\nDimensions in mm<\/td>\n<\/tr>\n<tr>\n<td width=\"57\">DN<\/td>\n<td width=\"59\">INCH<\/td>\n<td width=\"73\"><\/td>\n<td width=\"76\">B<\/td>\n<td width=\"76\">A<\/td>\n<td width=\"76\">D<\/td>\n<td width=\"64\">E<\/td>\n<\/tr>\n<tr>\n<td colspan=\"2\" width=\"146\">GH &#8211; 2501 &#8211; 2<\/td>\n<td>12<\/td>\n<td width=\"59\">1\/2<\/td>\n<td width=\"73\">1\/2<\/td>\n<td>9,0<\/td>\n<td>71,0<\/td>\n<td>32,0<\/td>\n<td>26,0<\/td>\n<\/tr>\n<tr>\n<td colspan=\"2\" width=\"146\">GH &#8211; 2502 &#8211; 2<\/td>\n<td>12<\/td>\n<td width=\"59\">1\/2<\/td>\n<td width=\"73\">5\/8<\/td>\n<td>9,0<\/td>\n<td>66,0<\/td>\n<td>34,1<\/td>\n<td>33,0<\/td>\n<\/tr>\n<tr>\n<td colspan=\"2\" width=\"146\">GH &#8211; 2406 &#8211; 2<\/td>\n<td>12<\/td>\n<td width=\"59\">1\/2<\/td>\n<td width=\"73\">3\/4<\/td>\n<td>9,0<\/td>\n<td>67,0<\/td>\n<td>41,3<\/td>\n<td>30,0<\/td>\n<\/tr>\n<tr>\n<td colspan=\"2\" width=\"146\">GH &#8211; 2407 &#8211; 2<\/td>\n<td>16<\/td>\n<td width=\"59\">5\/8<\/td>\n<td width=\"73\">1\/2<\/td>\n<td>11,5<\/td>\n<td>71,0<\/td>\n<td>32,0<\/td>\n<td>36,0<\/td>\n<\/tr>\n<tr>\n<td colspan=\"2\" width=\"146\">GH &#8211; 2409 &#8211; 2<\/td>\n<td>16<\/td>\n<td width=\"59\">5\/8<\/td>\n<td width=\"73\">5\/8<\/td>\n<td>11,5<\/td>\n<td>84,0<\/td>\n<td>34,1<\/td>\n<td>36,0<\/td>\n<\/tr>\n<tr>\n<td colspan=\"2\" width=\"146\">GH &#8211; 2401 &#8211; 2<\/td>\n<td>16<\/td>\n<td width=\"59\">5\/8<\/td>\n<td width=\"73\">3\/4<\/td>\n<td>11,5<\/td>\n<td>82,0<\/td>\n<td>41,3<\/td>\n<td>32,0<\/td>\n<\/tr>\n<tr>\n<td colspan=\"2\" width=\"146\">GH &#8211; 2525 &#8211; 2<\/td>\n<td>19<\/td>\n<td width=\"59\">3\/4<\/td>\n<td width=\"73\">3\/4<\/td>\n<td>14,5<\/td>\n<td>88,0<\/td>\n<td>41,3<\/td>\n<td>30,0<\/td>\n<\/tr>\n<tr>\n<td colspan=\"2\" width=\"146\">GH &#8211; 2507 &#8211; 2<\/td>\n<td>19<\/td>\n<td width=\"59\">3\/4<\/td>\n<td>1<\/td>\n<td>14,5<\/td>\n<td>88,0<\/td>\n<td>47,6<\/td>\n<td>30,0<\/td>\n<\/tr>\n<tr>\n<td colspan=\"2\" width=\"146\">GH &#8211; 2403 &#8211; 2<\/td>\n<td>25<\/td>\n<td>1<\/td>\n<td width=\"73\">3\/4<\/td>\n<td>18,5<\/td>\n<td>100,0<\/td>\n<td>41,3<\/td>\n<td>35,0<\/td>\n<\/tr>\n<tr>\n<td colspan=\"2\" width=\"146\">GH &#8211; 2509 &#8211; 2<\/td>\n<td>25<\/td>\n<td>1<\/td>\n<td>1<\/td>\n<td>18,5<\/td>\n<td>108,0<\/td>\n<td>47,6<\/td>\n<td>34,0<\/td>\n<\/tr>\n<tr>\n<td colspan=\"2\" width=\"146\">GH &#8211; 2511 &#8211; 2<\/td>\n<td>25<\/td>\n<td>1<\/td>\n<td width=\"73\">1 1\/4<\/td>\n<td>18,5<\/td>\n<td>100,0<\/td>\n<td>54,0<\/td>\n<td>36,0<\/td>\n<\/tr>\n<tr>\n<td colspan=\"2\" width=\"146\">GH &#8211; 2512 &#8211; 2<\/td>\n<td>31<\/td>\n<td width=\"59\">1 1\/4<\/td>\n<td>1<\/td>\n<td>24,5<\/td>\n<td>110,0<\/td>\n<td>47,6<\/td>\n<td>42,0<\/td>\n<\/tr>\n<tr>\n<td colspan=\"2\" width=\"146\">GH &#8211; 2514 &#8211; 2<\/td>\n<td>31<\/td>\n<td width=\"59\">1 1\/4<\/td>\n<td width=\"73\">1 1\/4<\/td>\n<td>24,5<\/td>\n<td>120,0<\/td>\n<td>54,0<\/td>\n<td>43,0<\/td>\n<\/tr>\n<\/tbody>\n<\/table>\n","protected":false},"excerpt":{"rendered":"<p>MALZEME KODU Part Ref. HORTUM \u00c7API Hose Bore FLAN\u015eLI Flange BOYUT \u00d6L\u00c7\u00dcLER\u0130 mm Dimensions in mm DN INCH B A D E GH &#8211; 2501 &#8211; 2 12 1\/2 1\/2 9,0 71,0 32,0 26,0 GH &#8211; 2502 &#8211; 2 12 1\/2 5\/8 9,0 66,0 34,1 33,0 GH &#8211; 2406 &#8211; 2 12 1\/2 3\/4 9,0 [&hellip;]<\/p>\n","protected":false},"author":1,"featured_media":7315,"parent":7066,"menu_order":0,"comment_status":"closed","ping_status":"closed","template":"","meta":[],"_links":{"self":[{"href":"https:\/\/www.guneshidrolik.com.tr\/index.php\/wp-json\/wp\/v2\/pages\/7314"}],"collection":[{"href":"https:\/\/www.guneshidrolik.com.tr\/index.php\/wp-json\/wp\/v2\/pages"}],"about":[{"href":"https:\/\/www.guneshidrolik.com.tr\/index.php\/wp-json\/wp\/v2\/types\/page"}],"author":[{"embeddable":true,"href":"https:\/\/www.guneshidrolik.com.tr\/index.php\/wp-json\/wp\/v2\/users\/1"}],"replies":[{"embeddable":true,"href":"https:\/\/www.guneshidrolik.com.tr\/index.php\/wp-json\/wp\/v2\/comments?post=7314"}],"version-history":[{"count":1,"href":"https:\/\/www.guneshidrolik.com.tr\/index.php\/wp-json\/wp\/v2\/pages\/7314\/revisions"}],"predecessor-version":[{"id":7316,"href":"https:\/\/www.guneshidrolik.com.tr\/index.php\/wp-json\/wp\/v2\/pages\/7314\/revisions\/7316"}],"up":[{"embeddable":true,"href":"https:\/\/www.guneshidrolik.com.tr\/index.php\/wp-json\/wp\/v2\/pages\/7066"}],"wp:featuredmedia":[{"embeddable":true,"href":"https:\/\/www.guneshidrolik.com.tr\/index.php\/wp-json\/wp\/v2\/media\/7315"}],"wp:attachment":[{"href":"https:\/\/www.guneshidrolik.com.tr\/index.php\/wp-json\/wp\/v2\/media?parent=7314"}],"curies":[{"name":"wp","href":"https:\/\/api.w.org\/{rel}","templated":true}]}}