{"id":7326,"date":"2018-08-07T16:21:28","date_gmt":"2018-08-07T13:21:28","guid":{"rendered":"http:\/\/alfatasarim.org\/guneshidrolik\/?page_id=7326"},"modified":"2018-08-07T16:21:28","modified_gmt":"2018-08-07T13:21:28","slug":"sae-6000-serisi-kalin-tip-flansli-45-hortum-rakorlari","status":"publish","type":"page","link":"https:\/\/www.guneshidrolik.com.tr\/index.php\/duz-hortum-rakorlari\/sae-6000-serisi-kalin-tip-flansli-45-hortum-rakorlari\/","title":{"rendered":"SAE 6000 SER\u0130S\u0130 KALIN T\u0130P FLAN\u015eLI 45\u00b0  HORTUM RAKORLARI"},"content":{"rendered":"<p><img loading=\"lazy\" class=\"aligncenter wp-image-7327 size-full\" src=\"http:\/\/alfatasarim.org\/guneshidrolik\/wp-content\/uploads\/2018\/08\/urun00038.jpg\" alt=\"\" width=\"441\" height=\"294\" \/><\/p>\n<table class=\" aligncenter\" border=\"1px\" width=\"630\">\n<tbody>\n<tr>\n<td colspan=\"2\" rowspan=\"2\" width=\"127\">MALZEME KODU<br \/>\nPart Ref.<\/td>\n<td colspan=\"2\" width=\"116\">HORTUM \u00c7API<br \/>\nHose Bore<\/td>\n<td width=\"73\">FLAN\u015eLI<br \/>\nFlange<\/td>\n<td colspan=\"5\" width=\"314\">BOYUT \u00d6L\u00c7\u00dcLER\u0130 mm<br \/>\nDimensions in mm<\/td>\n<\/tr>\n<tr>\n<td width=\"57\">DN<\/td>\n<td width=\"59\">INCH<\/td>\n<td width=\"73\"><\/td>\n<td width=\"63\">B<\/td>\n<td width=\"63\">A<\/td>\n<td width=\"60\">D<\/td>\n<td width=\"65\">E<\/td>\n<td width=\"63\">S<\/td>\n<\/tr>\n<tr>\n<td colspan=\"2\" width=\"127\">GH &#8211; 2505 &#8211; 2A<\/td>\n<td>19<\/td>\n<td width=\"59\">3\/4<\/td>\n<td width=\"73\">3\/4<\/td>\n<td>14,5<\/td>\n<td>89,0<\/td>\n<td>41,3<\/td>\n<td>34,5<\/td>\n<td>14,2<\/td>\n<\/tr>\n<tr>\n<td colspan=\"2\" width=\"127\">GH &#8211; 2507 &#8211; 2A<\/td>\n<td>19<\/td>\n<td width=\"59\">3\/4<\/td>\n<td>1<\/td>\n<td>14,5<\/td>\n<td>85,0<\/td>\n<td>47,6<\/td>\n<td>35,0<\/td>\n<td>14,2<\/td>\n<\/tr>\n<tr>\n<td colspan=\"2\" width=\"127\">GH &#8211; 2403 &#8211; 2A<\/td>\n<td>25<\/td>\n<td>1<\/td>\n<td width=\"73\">3\/4<\/td>\n<td>18,5<\/td>\n<td>98,0<\/td>\n<td>41,3<\/td>\n<td>37,0<\/td>\n<td>14,2<\/td>\n<\/tr>\n<tr>\n<td colspan=\"2\" width=\"127\">GH &#8211; 2509 &#8211; 2A<\/td>\n<td>25<\/td>\n<td>1<\/td>\n<td>1<\/td>\n<td>18,5<\/td>\n<td>95,0<\/td>\n<td>47,6<\/td>\n<td>38,0<\/td>\n<td>14,2<\/td>\n<\/tr>\n<tr>\n<td colspan=\"2\" width=\"127\">GH &#8211; 2511 &#8211; 2A<\/td>\n<td>25<\/td>\n<td>1<\/td>\n<td width=\"73\">1 1\/4<\/td>\n<td>18,5<\/td>\n<td>110,0<\/td>\n<td>54,0<\/td>\n<td>36,0<\/td>\n<td>14,2<\/td>\n<\/tr>\n<tr>\n<td colspan=\"2\" width=\"127\">GH &#8211; 2512 &#8211; 2A<\/td>\n<td>31<\/td>\n<td width=\"59\">1 1\/4<\/td>\n<td>1<\/td>\n<td>24,5<\/td>\n<td>102,0<\/td>\n<td>47,6<\/td>\n<td>43,0<\/td>\n<td>14,2<\/td>\n<\/tr>\n<tr>\n<td colspan=\"2\" width=\"127\">GH &#8211; 2514 &#8211; 2A<\/td>\n<td>31<\/td>\n<td width=\"59\">1 1\/4<\/td>\n<td width=\"73\">1 1\/4<\/td>\n<td>24,5<\/td>\n<td>120,0<\/td>\n<td>54,0<\/td>\n<td>48,0<\/td>\n<td>14,2<\/td>\n<\/tr>\n<tr>\n<td colspan=\"2\" width=\"127\">GH &#8211; 2516 &#8211; 2A<\/td>\n<td>31<\/td>\n<td width=\"59\">1 1\/4<\/td>\n<td width=\"73\">1 1\/2<\/td>\n<td>24,5<\/td>\n<td>125,0<\/td>\n<td>63,5<\/td>\n<td>40,0<\/td>\n<td>14,2<\/td>\n<\/tr>\n<tr>\n<td colspan=\"2\" width=\"127\">GH &#8211; 2518 &#8211; 2A<\/td>\n<td>38<\/td>\n<td width=\"59\">1 1\/2<\/td>\n<td width=\"73\">1 1\/2<\/td>\n<td>29,0<\/td>\n<td>120,0<\/td>\n<td>63,5<\/td>\n<td>44,0<\/td>\n<td>14,2<\/td>\n<\/tr>\n<tr>\n<td colspan=\"2\" width=\"127\">GH &#8211; 2524 &#8211; 2<\/td>\n<td>51<\/td>\n<td>2<\/td>\n<td>2<\/td>\n<td>41,0<\/td>\n<td>157,0<\/td>\n<td>80,0<\/td>\n<td>53,0<\/td>\n<td>14,2<\/td>\n<\/tr>\n<\/tbody>\n<\/table>\n","protected":false},"excerpt":{"rendered":"<p>MALZEME KODU Part Ref. HORTUM \u00c7API Hose Bore FLAN\u015eLI Flange BOYUT \u00d6L\u00c7\u00dcLER\u0130 mm Dimensions in mm DN INCH B A D E S GH &#8211; 2505 &#8211; 2A 19 3\/4 3\/4 14,5 89,0 41,3 34,5 14,2 GH &#8211; 2507 &#8211; 2A 19 3\/4 1 14,5 85,0 47,6 35,0 14,2 GH &#8211; 2403 &#8211; 2A 25 [&hellip;]<\/p>\n","protected":false},"author":1,"featured_media":7327,"parent":7066,"menu_order":0,"comment_status":"closed","ping_status":"closed","template":"","meta":[],"_links":{"self":[{"href":"https:\/\/www.guneshidrolik.com.tr\/index.php\/wp-json\/wp\/v2\/pages\/7326"}],"collection":[{"href":"https:\/\/www.guneshidrolik.com.tr\/index.php\/wp-json\/wp\/v2\/pages"}],"about":[{"href":"https:\/\/www.guneshidrolik.com.tr\/index.php\/wp-json\/wp\/v2\/types\/page"}],"author":[{"embeddable":true,"href":"https:\/\/www.guneshidrolik.com.tr\/index.php\/wp-json\/wp\/v2\/users\/1"}],"replies":[{"embeddable":true,"href":"https:\/\/www.guneshidrolik.com.tr\/index.php\/wp-json\/wp\/v2\/comments?post=7326"}],"version-history":[{"count":1,"href":"https:\/\/www.guneshidrolik.com.tr\/index.php\/wp-json\/wp\/v2\/pages\/7326\/revisions"}],"predecessor-version":[{"id":7328,"href":"https:\/\/www.guneshidrolik.com.tr\/index.php\/wp-json\/wp\/v2\/pages\/7326\/revisions\/7328"}],"up":[{"embeddable":true,"href":"https:\/\/www.guneshidrolik.com.tr\/index.php\/wp-json\/wp\/v2\/pages\/7066"}],"wp:featuredmedia":[{"embeddable":true,"href":"https:\/\/www.guneshidrolik.com.tr\/index.php\/wp-json\/wp\/v2\/media\/7327"}],"wp:attachment":[{"href":"https:\/\/www.guneshidrolik.com.tr\/index.php\/wp-json\/wp\/v2\/media?parent=7326"}],"curies":[{"name":"wp","href":"https:\/\/api.w.org\/{rel}","templated":true}]}}