{"id":7330,"date":"2018-08-07T16:23:07","date_gmt":"2018-08-07T13:23:07","guid":{"rendered":"http:\/\/alfatasarim.org\/guneshidrolik\/?page_id=7330"},"modified":"2018-08-07T16:23:07","modified_gmt":"2018-08-07T13:23:07","slug":"sae-6000-serisi-kalin-tip-flansli-90-hortum-rakorlari","status":"publish","type":"page","link":"https:\/\/www.guneshidrolik.com.tr\/index.php\/duz-hortum-rakorlari\/sae-6000-serisi-kalin-tip-flansli-90-hortum-rakorlari\/","title":{"rendered":"SAE 6000 SER\u0130S\u0130 KALIN T\u0130P FLAN\u015eLI 90\u00b0  HORTUM RAKORLARI"},"content":{"rendered":"<p><img loading=\"lazy\" class=\"aligncenter wp-image-7331 size-full\" src=\"http:\/\/alfatasarim.org\/guneshidrolik\/wp-content\/uploads\/2018\/08\/urun00039.jpg\" alt=\"\" width=\"441\" height=\"294\" \/><\/p>\n<table class=\" aligncenter\" border=\"1px\" width=\"629\">\n<tbody>\n<tr>\n<td colspan=\"4\" rowspan=\"2\" width=\"124\">MALZEME KODU<br \/>\nPart Ref.<\/td>\n<td colspan=\"2\" width=\"118\">HORTUM \u00c7API<br \/>\nHose Bore<\/td>\n<td width=\"73\">FLAN\u015eLI<br \/>\nFlange<\/td>\n<td colspan=\"5\" width=\"314\">BOYUT \u00d6L\u00c7\u00dcLER\u0130 mm<br \/>\nDimensions in mm<\/td>\n<\/tr>\n<tr>\n<td width=\"59\">DN<\/td>\n<td width=\"59\">INCH<\/td>\n<td width=\"73\"><\/td>\n<td width=\"63\">B<\/td>\n<td width=\"63\">A<\/td>\n<td width=\"60\">D<\/td>\n<td width=\"65\">E<\/td>\n<td width=\"63\">S<\/td>\n<\/tr>\n<tr>\n<td colspan=\"4\" width=\"124\">GH &#8211; 2505 &#8211; 3A<\/td>\n<td>19<\/td>\n<td width=\"59\">3\/4<\/td>\n<td width=\"73\">3\/4<\/td>\n<td>14,5<\/td>\n<td>66,0<\/td>\n<td>41,3<\/td>\n<td>65,0<\/td>\n<td>14,2<\/td>\n<\/tr>\n<tr>\n<td colspan=\"4\" width=\"124\">GH &#8211; 2507 &#8211; 3A<\/td>\n<td>19<\/td>\n<td width=\"59\">3\/4<\/td>\n<td>1<\/td>\n<td>14,5<\/td>\n<td>65,0<\/td>\n<td>47,6<\/td>\n<td>65,0<\/td>\n<td>14,2<\/td>\n<\/tr>\n<tr>\n<td colspan=\"4\" width=\"124\">GH &#8211; 2403 &#8211; 3A<\/td>\n<td>25<\/td>\n<td>1<\/td>\n<td width=\"73\">3\/4<\/td>\n<td>18,5<\/td>\n<td>77,0<\/td>\n<td>41,3<\/td>\n<td>74,0<\/td>\n<td>14,2<\/td>\n<\/tr>\n<tr>\n<td colspan=\"4\" width=\"124\">GH &#8211; 2509 &#8211; 3A<\/td>\n<td>25<\/td>\n<td>1<\/td>\n<td>1<\/td>\n<td>18,5<\/td>\n<td>81,0<\/td>\n<td>47,6<\/td>\n<td>73,0<\/td>\n<td>14,2<\/td>\n<\/tr>\n<tr>\n<td colspan=\"4\" width=\"124\">GH &#8211; 2511 &#8211; 3A<\/td>\n<td>25<\/td>\n<td>1<\/td>\n<td width=\"73\">1 1\/4<\/td>\n<td>18,5<\/td>\n<td>82,0<\/td>\n<td>54,0<\/td>\n<td>72,0<\/td>\n<td>14,2<\/td>\n<\/tr>\n<tr>\n<td colspan=\"4\" width=\"124\">GH &#8211; 2512 &#8211; 3A<\/td>\n<td>31<\/td>\n<td width=\"59\">1 1\/4<\/td>\n<td>1<\/td>\n<td>24,5<\/td>\n<td>95,0<\/td>\n<td>47,6<\/td>\n<td>80,0<\/td>\n<td>14,2<\/td>\n<\/tr>\n<tr>\n<td colspan=\"4\" width=\"124\">GH &#8211; 2514 &#8211; 3A<\/td>\n<td>31<\/td>\n<td width=\"59\">1 1\/4<\/td>\n<td width=\"73\">1 1\/4<\/td>\n<td>24,5<\/td>\n<td>97,5<\/td>\n<td>54,0<\/td>\n<td>81,5<\/td>\n<td>14,2<\/td>\n<\/tr>\n<tr>\n<td colspan=\"4\" width=\"124\">GH &#8211; 2516 &#8211; 3A<\/td>\n<td>31<\/td>\n<td width=\"59\">1 1\/4<\/td>\n<td width=\"73\">1 1\/2<\/td>\n<td>24,5<\/td>\n<td>97,5<\/td>\n<td>63,5<\/td>\n<td>77,5<\/td>\n<td>14,2<\/td>\n<\/tr>\n<tr>\n<td colspan=\"4\" width=\"124\">GH &#8211; 2518 &#8211; 3A<\/td>\n<td>38<\/td>\n<td width=\"59\">1 1\/2<\/td>\n<td width=\"73\">1 1\/2<\/td>\n<td>29,0<\/td>\n<td>96,0<\/td>\n<td>63,5<\/td>\n<td>91,0<\/td>\n<td>14,2<\/td>\n<\/tr>\n<tr>\n<td colspan=\"4\" width=\"124\">GH &#8211; 2524 &#8211; 3<\/td>\n<td>51<\/td>\n<td>2<\/td>\n<td>2<\/td>\n<td>41,0<\/td>\n<td>139,0<\/td>\n<td>80,0<\/td>\n<td>115,0<\/td>\n<td>14,2<\/td>\n<\/tr>\n<\/tbody>\n<\/table>\n","protected":false},"excerpt":{"rendered":"<p>MALZEME KODU Part Ref. HORTUM \u00c7API Hose Bore FLAN\u015eLI Flange BOYUT \u00d6L\u00c7\u00dcLER\u0130 mm Dimensions in mm DN INCH B A D E S GH &#8211; 2505 &#8211; 3A 19 3\/4 3\/4 14,5 66,0 41,3 65,0 14,2 GH &#8211; 2507 &#8211; 3A 19 3\/4 1 14,5 65,0 47,6 65,0 14,2 GH &#8211; 2403 &#8211; 3A 25 [&hellip;]<\/p>\n","protected":false},"author":1,"featured_media":7331,"parent":7066,"menu_order":0,"comment_status":"closed","ping_status":"closed","template":"","meta":[],"_links":{"self":[{"href":"https:\/\/www.guneshidrolik.com.tr\/index.php\/wp-json\/wp\/v2\/pages\/7330"}],"collection":[{"href":"https:\/\/www.guneshidrolik.com.tr\/index.php\/wp-json\/wp\/v2\/pages"}],"about":[{"href":"https:\/\/www.guneshidrolik.com.tr\/index.php\/wp-json\/wp\/v2\/types\/page"}],"author":[{"embeddable":true,"href":"https:\/\/www.guneshidrolik.com.tr\/index.php\/wp-json\/wp\/v2\/users\/1"}],"replies":[{"embeddable":true,"href":"https:\/\/www.guneshidrolik.com.tr\/index.php\/wp-json\/wp\/v2\/comments?post=7330"}],"version-history":[{"count":1,"href":"https:\/\/www.guneshidrolik.com.tr\/index.php\/wp-json\/wp\/v2\/pages\/7330\/revisions"}],"predecessor-version":[{"id":7332,"href":"https:\/\/www.guneshidrolik.com.tr\/index.php\/wp-json\/wp\/v2\/pages\/7330\/revisions\/7332"}],"up":[{"embeddable":true,"href":"https:\/\/www.guneshidrolik.com.tr\/index.php\/wp-json\/wp\/v2\/pages\/7066"}],"wp:featuredmedia":[{"embeddable":true,"href":"https:\/\/www.guneshidrolik.com.tr\/index.php\/wp-json\/wp\/v2\/media\/7331"}],"wp:attachment":[{"href":"https:\/\/www.guneshidrolik.com.tr\/index.php\/wp-json\/wp\/v2\/media?parent=7330"}],"curies":[{"name":"wp","href":"https:\/\/api.w.org\/{rel}","templated":true}]}}