{"id":7334,"date":"2018-08-07T16:24:36","date_gmt":"2018-08-07T13:24:36","guid":{"rendered":"http:\/\/alfatasarim.org\/guneshidrolik\/?page_id=7334"},"modified":"2018-08-07T16:24:36","modified_gmt":"2018-08-07T13:24:36","slug":"duz-somunlu-komatsu-hortum-rakorlari","status":"publish","type":"page","link":"https:\/\/www.guneshidrolik.com.tr\/index.php\/duz-hortum-rakorlari\/duz-somunlu-komatsu-hortum-rakorlari\/","title":{"rendered":"D\u00dcZ SOMUNLU KOMATSU HORTUM RAKORLARI"},"content":{"rendered":"<p><img loading=\"lazy\" class=\"aligncenter wp-image-7335 size-full\" src=\"http:\/\/alfatasarim.org\/guneshidrolik\/wp-content\/uploads\/2018\/08\/urun00040.jpg\" alt=\"\" width=\"441\" height=\"294\" \/><\/p>\n<table class=\" aligncenter\" border=\"1px\" width=\"626\">\n<tbody>\n<tr>\n<td colspan=\"5\" rowspan=\"2\" width=\"144\">MALZEME KODU<br \/>\nPart Ref.<\/td>\n<td colspan=\"2\" width=\"116\">HORTUM<br \/>\n\u0130\u00c7 \u00c7API<br \/>\nHose Bore<\/td>\n<td width=\"92\">D\u0130\u015e<br \/>\n\u00d6L\u00c7\u00dcS\u00dc<br \/>\nThread<\/td>\n<td colspan=\"4\" width=\"274\">BOYUT \u00d6L\u00c7\u00dcLER\u0130 mm<br \/>\nDimensions in mm<\/td>\n<\/tr>\n<tr>\n<td width=\"57\">DN<\/td>\n<td width=\"59\">INCH<\/td>\n<td width=\"92\">T<\/td>\n<td width=\"69\">B<\/td>\n<td width=\"69\">A<\/td>\n<td width=\"67\">C<\/td>\n<td width=\"69\">H<br \/>\n2<\/td>\n<\/tr>\n<tr>\n<td colspan=\"5\" width=\"144\">GH &#8211; 1120 &#8211; 1<\/td>\n<td>6<\/td>\n<td width=\"59\">1\/4<\/td>\n<td width=\"92\">M 14&#215;1.5<\/td>\n<td>4,0<\/td>\n<td>20,0<\/td>\n<td>9,0<\/td>\n<td>19<\/td>\n<\/tr>\n<tr>\n<td colspan=\"5\" width=\"144\">GH &#8211; 1131 &#8211; 1<\/td>\n<td>8<\/td>\n<td width=\"59\">5\/16<\/td>\n<td width=\"92\">M 16&#215;1.5<\/td>\n<td>5,0<\/td>\n<td>20,0<\/td>\n<td>9,0<\/td>\n<td>22<\/td>\n<\/tr>\n<tr>\n<td colspan=\"5\" width=\"144\">GH &#8211; 1135 &#8211; 1<\/td>\n<td>8<\/td>\n<td width=\"59\">5\/16<\/td>\n<td width=\"92\">M 18&#215;1.5<\/td>\n<td>5,0<\/td>\n<td>19,0<\/td>\n<td>11,0<\/td>\n<td>22<\/td>\n<\/tr>\n<tr>\n<td colspan=\"5\" width=\"144\">GH &#8211; 1141 &#8211; 1<\/td>\n<td>10<\/td>\n<td width=\"59\">3\/8<\/td>\n<td width=\"92\">M 18&#215;1.5<\/td>\n<td>6,5<\/td>\n<td>21,0<\/td>\n<td>10,0<\/td>\n<td>22<\/td>\n<\/tr>\n<tr>\n<td colspan=\"5\" width=\"144\">GH &#8211; 1151 &#8211; 1<\/td>\n<td>12<\/td>\n<td width=\"59\">1\/2<\/td>\n<td width=\"92\">M 22&#215;1.5<\/td>\n<td>9,0<\/td>\n<td>23,0<\/td>\n<td>13,0<\/td>\n<td>27<\/td>\n<\/tr>\n<tr>\n<td colspan=\"5\" width=\"144\">GH &#8211; 1153 &#8211; 1<\/td>\n<td>12<\/td>\n<td width=\"59\">1\/2<\/td>\n<td width=\"92\">M 24&#215;1.5<\/td>\n<td>9,0<\/td>\n<td>24,0<\/td>\n<td>13,0<\/td>\n<td>30<\/td>\n<\/tr>\n<tr>\n<td colspan=\"5\" width=\"144\">GH &#8211; 1160 &#8211; 1<\/td>\n<td>16<\/td>\n<td width=\"59\">5\/8<\/td>\n<td width=\"92\">M 24&#215;1.5<\/td>\n<td>11,0<\/td>\n<td>25,0<\/td>\n<td>13,0<\/td>\n<td>30<\/td>\n<\/tr>\n<tr>\n<td colspan=\"5\" width=\"144\">GH &#8211; 1170 &#8211; 1<\/td>\n<td>19<\/td>\n<td width=\"59\">3\/4<\/td>\n<td width=\"92\">M 30&#215;1.5<\/td>\n<td>14,5<\/td>\n<td>33,0<\/td>\n<td>16,0<\/td>\n<td>36<\/td>\n<\/tr>\n<tr>\n<td colspan=\"5\" width=\"144\">GH &#8211; 1180 &#8211; 1<\/td>\n<td>25<\/td>\n<td>1<\/td>\n<td width=\"92\">M 33&#215;1.5<\/td>\n<td>18,5<\/td>\n<td>36,0<\/td>\n<td>16,0<\/td>\n<td>41<\/td>\n<\/tr>\n<tr>\n<td colspan=\"5\" width=\"144\">GH &#8211; 1190 &#8211; 4<\/td>\n<td>31<\/td>\n<td width=\"59\">1 1\/4<\/td>\n<td width=\"92\">M 36&#215;1.5<\/td>\n<td>24,5<\/td>\n<td>40,0<\/td>\n<td>19,0<\/td>\n<td>46<\/td>\n<\/tr>\n<tr>\n<td colspan=\"5\" width=\"144\">GH &#8211; 1198 &#8211; 1<\/td>\n<td>38<\/td>\n<td width=\"59\">1 1\/2<\/td>\n<td width=\"92\">M 42&#215;1.5<\/td>\n<td>29,0<\/td>\n<td>41,0<\/td>\n<td>21,0<\/td>\n<td>50<\/td>\n<\/tr>\n<\/tbody>\n<\/table>\n","protected":false},"excerpt":{"rendered":"<p>MALZEME KODU Part Ref. HORTUM \u0130\u00c7 \u00c7API Hose Bore D\u0130\u015e \u00d6L\u00c7\u00dcS\u00dc Thread BOYUT \u00d6L\u00c7\u00dcLER\u0130 mm Dimensions in mm DN INCH T B A C H 2 GH &#8211; 1120 &#8211; 1 6 1\/4 M 14&#215;1.5 4,0 20,0 9,0 19 GH &#8211; 1131 &#8211; 1 8 5\/16 M 16&#215;1.5 5,0 20,0 9,0 22 GH &#8211; 1135 [&hellip;]<\/p>\n","protected":false},"author":1,"featured_media":7335,"parent":7066,"menu_order":0,"comment_status":"closed","ping_status":"closed","template":"","meta":[],"_links":{"self":[{"href":"https:\/\/www.guneshidrolik.com.tr\/index.php\/wp-json\/wp\/v2\/pages\/7334"}],"collection":[{"href":"https:\/\/www.guneshidrolik.com.tr\/index.php\/wp-json\/wp\/v2\/pages"}],"about":[{"href":"https:\/\/www.guneshidrolik.com.tr\/index.php\/wp-json\/wp\/v2\/types\/page"}],"author":[{"embeddable":true,"href":"https:\/\/www.guneshidrolik.com.tr\/index.php\/wp-json\/wp\/v2\/users\/1"}],"replies":[{"embeddable":true,"href":"https:\/\/www.guneshidrolik.com.tr\/index.php\/wp-json\/wp\/v2\/comments?post=7334"}],"version-history":[{"count":1,"href":"https:\/\/www.guneshidrolik.com.tr\/index.php\/wp-json\/wp\/v2\/pages\/7334\/revisions"}],"predecessor-version":[{"id":7336,"href":"https:\/\/www.guneshidrolik.com.tr\/index.php\/wp-json\/wp\/v2\/pages\/7334\/revisions\/7336"}],"up":[{"embeddable":true,"href":"https:\/\/www.guneshidrolik.com.tr\/index.php\/wp-json\/wp\/v2\/pages\/7066"}],"wp:featuredmedia":[{"embeddable":true,"href":"https:\/\/www.guneshidrolik.com.tr\/index.php\/wp-json\/wp\/v2\/media\/7335"}],"wp:attachment":[{"href":"https:\/\/www.guneshidrolik.com.tr\/index.php\/wp-json\/wp\/v2\/media?parent=7334"}],"curies":[{"name":"wp","href":"https:\/\/api.w.org\/{rel}","templated":true}]}}