{"id":7367,"date":"2018-08-07T16:39:34","date_gmt":"2018-08-07T13:39:34","guid":{"rendered":"http:\/\/alfatasarim.org\/guneshidrolik\/?page_id=7367"},"modified":"2018-08-07T16:39:34","modified_gmt":"2018-08-07T13:39:34","slug":"unf-unf-37-ara-nipeller","status":"publish","type":"page","link":"https:\/\/www.guneshidrolik.com.tr\/index.php\/nipeller\/unf-unf-37-ara-nipeller\/","title":{"rendered":"UNF &#8211; UNF 37\u00b0 ARA N\u0130PELLER"},"content":{"rendered":"<p><img loading=\"lazy\" class=\"aligncenter wp-image-7368 size-full\" src=\"http:\/\/alfatasarim.org\/guneshidrolik\/wp-content\/uploads\/2018\/08\/urun00048.jpg\" alt=\"\" width=\"441\" height=\"294\" \/><\/p>\n<table class=\" aligncenter\" border=\"1px\" width=\"624\">\n<tbody>\n<tr>\n<td colspan=\"10\" rowspan=\"2\" width=\"143\">MALZEME KODU<br \/>\nPart Ref.<\/td>\n<td colspan=\"3\" width=\"114\">D\u0130\u015e<br \/>\n\u00d6L\u00c7\u00dcS\u00dc<br \/>\nThread<\/td>\n<td width=\"119\">D\u0130\u015e<br \/>\n\u00d6L\u00c7\u00dcS\u00dc<br \/>\nThread<\/td>\n<td colspan=\"3\" width=\"248\">BOYUT \u00d6L\u00c7\u00dcLER\u0130 mm<br \/>\nDimensions in mm<\/td>\n<\/tr>\n<tr>\n<td colspan=\"3\" width=\"114\">D<\/td>\n<td width=\"119\">C<\/td>\n<td width=\"88\">B<\/td>\n<td width=\"81\">A<\/td>\n<td width=\"79\">H<br \/>\n2<\/td>\n<\/tr>\n<tr>\n<td colspan=\"10\" width=\"143\">GH &#8211; 2647<\/td>\n<td colspan=\"3\" width=\"114\">7\/16 &#8211; 20<\/td>\n<td width=\"119\">7\/16 &#8211; 20<\/td>\n<td>5,0<\/td>\n<td>30,0<\/td>\n<td>12<\/td>\n<\/tr>\n<tr>\n<td colspan=\"10\" width=\"143\">GH &#8211; 2652<\/td>\n<td colspan=\"3\" width=\"114\">1\/2 &#8211; 20<\/td>\n<td width=\"119\">1\/2 &#8211; 20<\/td>\n<td>5,5<\/td>\n<td>33,5<\/td>\n<td>14<\/td>\n<\/tr>\n<tr>\n<td colspan=\"10\" width=\"143\">GH &#8211; 2657<\/td>\n<td colspan=\"3\" width=\"114\">9\/16 &#8211; 18<\/td>\n<td width=\"119\">9\/16 &#8211; 18<\/td>\n<td>6,5<\/td>\n<td>38,0<\/td>\n<td>17<\/td>\n<\/tr>\n<tr>\n<td colspan=\"10\" width=\"143\">GH &#8211; 2646<\/td>\n<td colspan=\"3\" width=\"114\">5\/8 &#8211; 18<\/td>\n<td width=\"119\">5\/8 &#8211; 18<\/td>\n<td>7,0<\/td>\n<td>44,5<\/td>\n<td>17<\/td>\n<\/tr>\n<tr>\n<td colspan=\"10\" width=\"143\">GH &#8211; 2667<\/td>\n<td colspan=\"3\" width=\"114\">3\/4 &#8211; 16<\/td>\n<td width=\"119\">3\/4 &#8211; 16<\/td>\n<td>9,0<\/td>\n<td>43,0<\/td>\n<td>22<\/td>\n<\/tr>\n<tr>\n<td colspan=\"10\" width=\"143\">GH &#8211; 2673<\/td>\n<td colspan=\"3\" width=\"114\">7\/8 &#8211; 14<\/td>\n<td width=\"119\">7\/8 &#8211; 14<\/td>\n<td>11,0<\/td>\n<td>50,0<\/td>\n<td>24<\/td>\n<\/tr>\n<tr>\n<td colspan=\"10\" width=\"143\">GH &#8211; 2677<\/td>\n<td colspan=\"3\" width=\"114\">1 1\/16 &#8211; 12<\/td>\n<td width=\"119\">1 1\/16 &#8211; 12<\/td>\n<td>15,0<\/td>\n<td>56,0<\/td>\n<td>32<\/td>\n<\/tr>\n<tr>\n<td colspan=\"10\" width=\"143\">GH &#8211; 2682<\/td>\n<td colspan=\"3\" width=\"114\">1 5\/16 &#8211; 12<\/td>\n<td width=\"119\">1 5\/16 &#8211; 12<\/td>\n<td>20,5<\/td>\n<td>61,0<\/td>\n<td>41<\/td>\n<\/tr>\n<tr>\n<td colspan=\"10\" width=\"143\">GH &#8211; 2687<\/td>\n<td colspan=\"3\" width=\"114\">1 5\/8 &#8211; 12<\/td>\n<td width=\"119\">1 5\/8 &#8211; 12<\/td>\n<td>26,0<\/td>\n<td>74,0<\/td>\n<td>50<\/td>\n<\/tr>\n<tr>\n<td colspan=\"10\" width=\"143\">GH &#8211; 2697<\/td>\n<td colspan=\"3\" width=\"114\">1 7\/8 &#8211; 12<\/td>\n<td width=\"119\">1 7\/8 &#8211; 12<\/td>\n<td>30,0<\/td>\n<td>74,0<\/td>\n<td>55<\/td>\n<\/tr>\n<\/tbody>\n<\/table>\n","protected":false},"excerpt":{"rendered":"<p>MALZEME KODU Part Ref. D\u0130\u015e \u00d6L\u00c7\u00dcS\u00dc Thread D\u0130\u015e \u00d6L\u00c7\u00dcS\u00dc Thread BOYUT \u00d6L\u00c7\u00dcLER\u0130 mm Dimensions in mm D C B A H 2 GH &#8211; 2647 7\/16 &#8211; 20 7\/16 &#8211; 20 5,0 30,0 12 GH &#8211; 2652 1\/2 &#8211; 20 1\/2 &#8211; 20 5,5 33,5 14 GH &#8211; 2657 9\/16 &#8211; 18 9\/16 &#8211; 18 [&hellip;]<\/p>\n","protected":false},"author":1,"featured_media":7368,"parent":7068,"menu_order":0,"comment_status":"closed","ping_status":"closed","template":"","meta":[],"_links":{"self":[{"href":"https:\/\/www.guneshidrolik.com.tr\/index.php\/wp-json\/wp\/v2\/pages\/7367"}],"collection":[{"href":"https:\/\/www.guneshidrolik.com.tr\/index.php\/wp-json\/wp\/v2\/pages"}],"about":[{"href":"https:\/\/www.guneshidrolik.com.tr\/index.php\/wp-json\/wp\/v2\/types\/page"}],"author":[{"embeddable":true,"href":"https:\/\/www.guneshidrolik.com.tr\/index.php\/wp-json\/wp\/v2\/users\/1"}],"replies":[{"embeddable":true,"href":"https:\/\/www.guneshidrolik.com.tr\/index.php\/wp-json\/wp\/v2\/comments?post=7367"}],"version-history":[{"count":1,"href":"https:\/\/www.guneshidrolik.com.tr\/index.php\/wp-json\/wp\/v2\/pages\/7367\/revisions"}],"predecessor-version":[{"id":7369,"href":"https:\/\/www.guneshidrolik.com.tr\/index.php\/wp-json\/wp\/v2\/pages\/7367\/revisions\/7369"}],"up":[{"embeddable":true,"href":"https:\/\/www.guneshidrolik.com.tr\/index.php\/wp-json\/wp\/v2\/pages\/7068"}],"wp:featuredmedia":[{"embeddable":true,"href":"https:\/\/www.guneshidrolik.com.tr\/index.php\/wp-json\/wp\/v2\/media\/7368"}],"wp:attachment":[{"href":"https:\/\/www.guneshidrolik.com.tr\/index.php\/wp-json\/wp\/v2\/media?parent=7367"}],"curies":[{"name":"wp","href":"https:\/\/api.w.org\/{rel}","templated":true}]}}